{"id":6643,"date":"2021-01-05T13:48:29","date_gmt":"2021-01-05T12:48:29","guid":{"rendered":"https:\/\/www.tutelaminorum.va\/?page_id=6643"},"modified":"2021-05-18T12:21:34","modified_gmt":"2021-05-18T10:21:34","slug":"privacy-policy","status":"publish","type":"page","link":"https:\/\/www.tutelaminorum.va\/es\/privacy-policy\/","title":{"rendered":"Pol\u00ectica de Privacidad"},"content":{"rendered":"\n[et_pb_section fb_built=\u00bb1&#8243; custom_padding_last_edited=\u00bbon|phone\u00bb next_background_color=\u00bb#ffffff\u00bb admin_label=\u00bbHero\u00bb _builder_version=\u00bb4.7.7&#8243; background_image=\u00bbhttps:\/\/www.tutelaminorum.va\/wp-content\/uploads\/2021\/01\/policy.png\u00bb custom_margin=\u00bb||50px||false|false\u00bb custom_margin_tablet=\u00bb\u00bb custom_margin_phone=\u00bb||30px||false|false\u00bb custom_margin_last_edited=\u00bbon|phone\u00bb custom_padding=\u00bb30px||100px||false|false\u00bb custom_padding_tablet=\u00bb\u00bb custom_padding_phone=\u00bb||63px||false|false\u00bb bottom_divider_style=\u00bbcurve2&#8243; bottom_divider_arrangement=\u00bbabove_content\u00bb bottom_divider_height_tablet=\u00bb\u00bb bottom_divider_height_phone=\u00bb50px\u00bb bottom_divider_height_last_edited=\u00bbon|phone\u00bb][et_pb_row column_structure=\u00bb2_3,1_3&#8243; custom_padding_last_edited=\u00bbon|phone\u00bb _builder_version=\u00bb4.9.4&#8243; background_size=\u00bbinitial\u00bb background_position=\u00bbtop_left\u00bb background_repeat=\u00bbrepeat\u00bb width_tablet=\u00bb\u00bb width_phone=\u00bb60%\u00bb width_last_edited=\u00bbon|phone\u00bb custom_margin_tablet=\u00bb\u00bb custom_margin_phone=\u00bb40px||0px||false|false\u00bb custom_margin_last_edited=\u00bbon|phone\u00bb custom_padding=\u00bb|||\u00bb custom_padding_tablet=\u00bb\u00bb custom_padding_phone=\u00bb0px||0px||false|false\u00bb animation_style=\u00bbslide\u00bb animation_direction=\u00bbtop\u00bb animation_intensity_slide=\u00bb3%\u00bb hover_enabled=\u00bb0&#8243; module_alignment_tablet=\u00bb\u00bb module_alignment_phone=\u00bbright\u00bb module_alignment_last_edited=\u00bbon|phone\u00bb sticky_enabled=\u00bb0&#8243;][et_pb_column type=\u00bb2_3&#8243; _builder_version=\u00bb3.25&#8243; custom_padding=\u00bb|||\u00bb custom_padding__hover=\u00bb|||\u00bb][et_pb_divider show_divider=\u00bboff\u00bb disabled_on=\u00bbon|on|off%22&#8243; _builder_version=\u00bb3.2&#8243; max_width=\u00bb120px\u00bb animation_style=\u00bbslide\u00bb animation_direction=\u00bbtop\u00bb animation_intensity_slide=\u00bb30%\u00bb][\/et_pb_divider][\/et_pb_column][et_pb_column type=\u00bb1_3&#8243; _builder_version=\u00bb3.25&#8243; custom_padding=\u00bb|||\u00bb custom_padding__hover=\u00bb|||\u00bb][et_pb_text _builder_version=\u00bb4.9.4&#8243; text_font=\u00bb||||||||\u00bb header_font=\u00bb|700||on|||||dotted\u00bb header_text_align=\u00bbcenter\u00bb header_text_color=\u00bb#ffffff\u00bb header_font_size=\u00bb16px\u00bb header_line_height=\u00bb1.3em\u00bb background_color=\u00bb#f0c12a\u00bb background_size=\u00bbinitial\u00bb background_position=\u00bbtop_left\u00bb background_repeat=\u00bbrepeat\u00bb custom_margin=\u00bb-59px||0px||false|false\u00bb custom_margin_tablet=\u00bb\u00bb custom_margin_phone=\u00bb50px||||false|false\u00bb custom_margin_last_edited=\u00bbon|phone\u00bb custom_padding=\u00bb14px|20%|2px||false|false\u00bb custom_padding_tablet=\u00bb\u00bb custom_padding_phone=\u00bb10px|1%|0px||false|false\u00bb custom_padding_last_edited=\u00bbon|phone\u00bb animation_style=\u00bbfade\u00bb link_option_url=\u00bbhttps:\/\/tutelaminorum.va\/the-commission\u00bb header_font_size_tablet=\u00bb\u00bb header_font_size_phone=\u00bb16px\u00bb header_font_size_last_edited=\u00bbon|phone\u00bb locked=\u00bboff\u00bb]<h1>POL\u00cdTICA DE PRIVACIDAD<\/h1>[\/et_pb_text][\/et_pb_column][\/et_pb_row][\/et_pb_section][et_pb_section fb_built=\u00bb1&#8243; admin_label=\u00bbsection\u00bb _builder_version=\u00bb3.22&#8243; custom_padding=\u00bb0px|||||\u00bb][et_pb_row admin_label=\u00bbrow\u00bb _builder_version=\u00bb3.25&#8243; background_size=\u00bbinitial\u00bb background_position=\u00bbtop_left\u00bb background_repeat=\u00bbrepeat\u00bb custom_padding=\u00bb1px|||||\u00bb][et_pb_column type=\u00bb4_4&#8243; _builder_version=\u00bb3.25&#8243; custom_padding=\u00bb|||\u00bb custom_padding__hover=\u00bb|||\u00bb][et_pb_text admin_label=\u00bbText\u00bb _builder_version=\u00bb4.9.4&#8243; background_size=\u00bbinitial\u00bb background_position=\u00bbtop_left\u00bb background_repeat=\u00bbrepeat\u00bb]<p><b>NORMAS<\/b><\/p>\n<p>&nbsp;<\/p>\n<p><span style=\"font-weight: 400;\">Comisi\u00f3n Pontificia para la Protecci\u00f3n de los Menores<\/span><\/p>\n<p><span style=\"font-weight: 400;\">Largo Giovanni Paolo II \u2013 00120 \u2013 Estado de la Ciudad del Vaticano<\/span><\/p>\n<p><span style=\"font-weight: 400;\">Inicio \u2013 Misi\u00f3n \u2013 La Comisi\u00f3n \u2013 Divulgaci\u00f3n y protecci\u00f3n \u2013 Noticias y eventos<\/span><\/p>\n<p>&nbsp;<\/p>\n<p><b>POL\u00cdTICA DE PRIVACIDAD<\/b><\/p>\n<p><i><span style=\"font-weight: 400;\">De la Comisi\u00f3n Pontificia para la Protecci\u00f3n de los Menores (Tutela Minorum)\u00a0<\/span><\/i><\/p>\n<p>&nbsp;<\/p>\n<p><b>POL\u00cdTICA DE PRIVACIDAD Y TRATAMIENTO DE DATOS PERSONALES<\/b><\/p>\n<p><span style=\"font-weight: 400;\">Con esta informaci\u00f3n queremos informarle sobre c\u00f3mo tratamos los datos personales de los usuarios (en adelante \u00abDatos Personales\u00bb) que consultan el sitio web www.tutelaminorum.va (en adelante \u00abPortal\u00bb).<\/span><\/p>\n<p><span style=\"font-weight: 400;\">A continuaci\u00f3n encontrar\u00e1 informaci\u00f3n sobre c\u00f3mo recogemos, utilizamos y transferimos los Datos Personales del Usuario (en adelante \u00abUsuario\u00bb), o toda aquella informaci\u00f3n que pueda ser utilizada para identificar o contactar con el Usuario.<\/span><\/p>\n<ol>\n<li><b> CONTROLADOR DE DATOS<\/b><\/li>\n<\/ol>\n<p><span style=\"font-weight: 400;\">El responsable del tratamiento es la Comisi\u00f3n Pontificia para la Protecci\u00f3n de los Menores (en adelante \u00abTutela Minorum\u00bb) &#8211; Largo Giovanni Paolo II 00120 &#8211; Citt\u00e0 del Vaticano, Tel. (+39) 06 698 81501, correo electr\u00f3nico: <\/span><a href=\"mailto:info@tutelaminorum.va\"><span style=\"font-weight: 400;\">info@tutelaminorum.va<\/span><\/a><span style=\"font-weight: 400;\">.<\/span><\/p>\n<p>&nbsp;<\/p>\n<ol start=\"2\">\n<li><b> DATOS PERSONALES OBJETO DEL TRATAMIENTO<\/b><\/li>\n<\/ol>\n<p><span style=\"font-weight: 400;\">Los Datos Personales objeto del tratamiento estar\u00e1n constituidos por datos aptos para hacer que el Usuario sea identificado o identificable. En particular, los Datos Personales tratados a trav\u00e9s del Portal son los siguientes:<\/span><\/p>\n<ol>\n<li><span style=\"font-weight: 400;\"> Datos de navegaci\u00f3n<\/span><\/li>\n<\/ol>\n<p><span style=\"font-weight: 400;\">Durante su funcionamiento normal, los sistemas inform\u00e1ticos y los procedimientos de software utilizados para el funcionamiento del Portal adquieren algunos Datos Personales cuya transmisi\u00f3n est\u00e1 impl\u00edcita en el uso de los protocolos de comunicaci\u00f3n de Internet. Esta categor\u00eda de datos incluye las direcciones IP o los nombres de dominio de los ordenadores utilizados por el Usuario que se conectan al Portal, las direcciones en notaci\u00f3n URI (<\/span><i><span style=\"font-weight: 400;\">Uniform Resource Identifier<\/span><\/i><span style=\"font-weight: 400;\">) de los recursos solicitados, la hora de la solicitud, el m\u00e9todo utilizado para enviar la solicitud al servidor, el tama\u00f1o del archivo obtenido como respuesta, el c\u00f3digo num\u00e9rico que indica el estado de la respuesta dada por el servidor (\u00e9xito, error, etc.) y otros par\u00e1metros relativos al sistema operativo y al entorno inform\u00e1tico del Usuario. Estos datos se utilizan con la \u00fanica finalidad de obtener informaci\u00f3n estad\u00edstica an\u00f3nima sobre el uso del Portal y comprobar su correcto funcionamiento, para identificar anomal\u00edas y\/o abusos. Los datos podr\u00edan utilizarse para determinar la responsabilidad en caso de hipot\u00e9ticos delitos inform\u00e1ticos contra el Portal o contra terceros.<\/span><\/p>\n<p>&nbsp;<\/p>\n<ol>\n<li><span style=\"font-weight: 400;\"> Datos para la interacci\u00f3n con las redes sociales<\/span><\/li>\n<\/ol>\n<p><span style=\"font-weight: 400;\">El Portal contiene enlaces directos a los siguientes medios sociales: Twitter, Instagram, Facebook y YouTube a trav\u00e9s de los Botones Sociales. Si el Usuario utiliza esta funci\u00f3n de interacci\u00f3n con los medios sociales, el uso de los mismos implica el tratamiento de Datos Personales de acuerdo con la informaci\u00f3n y pol\u00edticas espec\u00edficas de estos medios sociales, que el Usuario est\u00e1 obligado a ver antes de acceder y sobre las que <\/span><i><span style=\"font-weight: 400;\">Tutela Minorum<\/span><\/i><span style=\"font-weight: 400;\"> no tiene ninguna responsabilidad. Adem\u00e1s, si la visualizaci\u00f3n de algunos v\u00eddeos en el Portal se realiza directamente a trav\u00e9s de YouTube o Facebook, debe tenerse en cuenta que en este caso se realiza un seguimiento de la adquisici\u00f3n de Datos Personales a trav\u00e9s de estos medios sociales, que son tratados para la navegaci\u00f3n del Usuario como mejor se especifica en la Pol\u00edtica de Cookies.<\/span><\/p>\n<p><span style=\"font-weight: 400;\">Adem\u00e1s, el Portal permite compartir algunos contenidos a trav\u00e9s de medios sociales (WhatsApp, Twitter, Facebook) siempre a trav\u00e9s de los mencionados Botones Sociales colocados cerca del contenido a compartir. Tambi\u00e9n en este caso, se consideran aplicables las mismas indicaciones anteriores y se requiere que el Usuario consulte las pol\u00edticas de privacidad de dichos medios sociales para el tratamiento de datos personales por parte de los mismos.<\/span><\/p>\n<p>&nbsp;<\/p>\n<ol>\n<li><span style=\"font-weight: 400;\"> Datos facilitados voluntariamente por el Usuario<\/span><\/li>\n<\/ol>\n<p><span style=\"font-weight: 400;\">En la utilizaci\u00f3n de determinados servicios (por ejemplo, el bolet\u00edn de noticias), se puede requerir al Usuario que proporcione Datos Personales adicionales como el nombre y los apellidos y la direcci\u00f3n de correo electr\u00f3nico que el Usuario facilitar\u00e1 voluntariamente si desea utilizar estos servicios.<\/span><\/p>\n<p>&nbsp;<\/p>\n<ol start=\"3\">\n<li><b> LEGITIMIDAD DEL TRATAMIENTO DE SUS DATOS PERSONALES<\/b><\/li>\n<\/ol>\n<p><span style=\"font-weight: 400;\">La informaci\u00f3n que recopilamos proviene en su mayor\u00eda directamente del Usuario: que nos fue proporcionada voluntariamente o fue necesaria para la prestaci\u00f3n de nuestros servicios.<\/span><\/p>\n<p><span style=\"font-weight: 400;\">El suministro de Datos Personales, que se utiliza exclusivamente para los fines enumerados en el punto 2. c., es opcional.<\/span><\/p>\n<p>&nbsp;<\/p>\n<ol start=\"4\">\n<li><b> FINALIDAD Y MODO DE TRATAMIENTO<\/b><\/li>\n<\/ol>\n<p><span style=\"font-weight: 400;\">El tratamiento de los Datos Personales del Usuario, con el consentimiento espec\u00edfico, cuando sea necesario, tiene las siguientes finalidades:<\/span><\/p>\n<p>&nbsp;<\/p>\n<ol>\n<li><span style=\"font-weight: 400;\"> permitir la navegaci\u00f3n y consulta del Portal y sus contenidos;<\/span><\/li>\n<\/ol>\n<p>&nbsp;<\/p>\n<ol>\n<li><span style=\"font-weight: 400;\"> permitir la prestaci\u00f3n de los servicios solicitados (por ejemplo, el bolet\u00edn informativo)<\/span><\/li>\n<\/ol>\n<p>&nbsp;<\/p>\n<ol>\n<li><span style=\"font-weight: 400;\"> garantizar la conservaci\u00f3n, seguridad y custodia de los datos<\/span><\/li>\n<\/ol>\n<p>&nbsp;<\/p>\n<ol>\n<li><span style=\"font-weight: 400;\"> cumplir con las obligaciones legales;<\/span><\/li>\n<\/ol>\n<p>&nbsp;<\/p>\n<ol>\n<li><span style=\"font-weight: 400;\"> garantizar la seguridad y prevenir conductas fraudulentas.<\/span><\/li>\n<\/ol>\n<p>&nbsp;<\/p>\n<p><i><span style=\"font-weight: 400;\">Tutela Minorum<\/span><\/i><span style=\"font-weight: 400;\"> no tratar\u00e1 la informaci\u00f3n facilitada por el Usuario con fines distintos a los expl\u00edcitamente indicados anteriormente.<\/span><\/p>\n<p><span style=\"font-weight: 400;\">Asimismo, <\/span><i><span style=\"font-weight: 400;\">Tutela Minorum<\/span><\/i><span style=\"font-weight: 400;\"> no tomar\u00e1 decisiones automatizadas basadas en la informaci\u00f3n proporcionada.<\/span><\/p>\n<p><span style=\"font-weight: 400;\">Todos los Datos Personales recogidos son tratados con herramientas automatizadas y manuales durante el tiempo estrictamente necesario para alcanzar \u00fanicamente las finalidades indicadas anteriormente y con el fin de garantizar su integridad, confidencialidad y seguridad.<\/span><\/p>\n<p>&nbsp;<\/p>\n<ol start=\"5\">\n<li><b> DESTINATARIOS DE LOS DATOS<\/b><\/li>\n<\/ol>\n<p><span style=\"font-weight: 400;\">Los Datos Personales pueden ser comunicados por <\/span><i><span style=\"font-weight: 400;\">Tutela Minorum<\/span><\/i><span style=\"font-weight: 400;\"> a otros sujetos p\u00fablicos y privados s\u00f3lo en virtud de la ley, reglamento y\/o orden relacionada de la Autoridad Judicial.<\/span><\/p>\n<p><span style=\"font-weight: 400;\">Los Datos Personales recogidos son tratados por personal espec\u00edficamente autorizado (empleados de <\/span><i><span style=\"font-weight: 400;\">Tutela Minorum<\/span><\/i><span style=\"font-weight: 400;\"> o terceros encargados de los servicios de mantenimiento y desarrollo de los sistemas utilizados para la gesti\u00f3n informatizada de los Datos Personales as\u00ed como terceros que gestionan el tr\u00e1fico de red) exclusivamente para fines relacionados con el ejercicio de sus funciones. Act\u00faan sobre la base de instrucciones espec\u00edficas proporcionadas en relaci\u00f3n con los fines y m\u00e9todos del propio tratamiento en el cumplimiento de la confidencialidad y la seguridad de los Datos Personales mismos y en relaci\u00f3n con los servicios a los que se asignan.<\/span><\/p>\n<p><span style=\"font-weight: 400;\">Algunos de los Datos Personales del Usuario podr\u00e1n ser compartidos y\/o transferidos, tambi\u00e9n para las finalidades de tratamiento mencionadas en el punto 4 anterior, con destinatarios que se encuentren fuera del Estado de la Ciudad del Vaticano. En cualquier caso, <\/span><i><span style=\"font-weight: 400;\">Tutela Minorum<\/span><\/i><span style=\"font-weight: 400;\"> pondr\u00e1 en marcha todas las precauciones y normas de conducta adecuadas y \u00fatiles para preservar la integridad y confidencialidad de los datos de acuerdo con la normativa aplicable.<\/span><\/p>\n<p>&nbsp;<\/p>\n<ol start=\"6\">\n<li><b> COOKIES Y OTROS SISTEMAS DE SEGUIMIENTO<\/b><\/li>\n<\/ol>\n<p><i><span style=\"font-weight: 400;\">Tutela Minorum <\/span><\/i><span style=\"font-weight: 400;\">utiliza cookies t\u00e9cnicas de sesi\u00f3n propias (no persistentes) estrictamente limitadas a lo necesario para una navegaci\u00f3n segura y eficiente por el Portal. <\/span><i><span style=\"font-weight: 400;\">Tutela Minorum<\/span><\/i><span style=\"font-weight: 400;\"> tambi\u00e9n utiliza cookies de terceros para el an\u00e1lisis de datos.<\/span><\/p>\n<p><span style=\"font-weight: 400;\">Para m\u00e1s informaci\u00f3n, consulte las p\u00e1ginas correspondientes de las condiciones de servicio de YouTube y Google.<\/span><\/p>\n<p><span style=\"font-weight: 400;\">Para obtener informaci\u00f3n detallada sobre el tipo de cookies utilizadas, puede consultar nuestra p\u00e1gina espec\u00edfica de informaci\u00f3n sobre la Pol\u00edtica de Cookies.<\/span><\/p>\n<p>&nbsp;<\/p>\n<ol start=\"7\">\n<li><b> ALMACENAMIENTO, SEGURIDAD Y CUSTODIA DE LOS DATOS<\/b><\/li>\n<\/ol>\n<p><i><span style=\"font-weight: 400;\">Tutela Minorum<\/span><\/i><span style=\"font-weight: 400;\"> conserva los Datos Personales recogidos, de forma exacta, completa y actualizada, mientras sean necesarios para la prestaci\u00f3n de los servicios a los que los Datos Personales est\u00e1n vinculados.<\/span><\/p>\n<p><span style=\"font-weight: 400;\">En concreto, en lo que respecta al bolet\u00edn informativo, los datos personales se conservan mientras dure la suscripci\u00f3n al mismo.<\/span><\/p>\n<p><span style=\"font-weight: 400;\">Los datos de navegaci\u00f3n s\u00f3lo se conservar\u00e1n durante un periodo de 12 meses para depurar responsabilidades en caso de hipot\u00e9ticos delitos inform\u00e1ticos contra el Portal o contra terceros en caso de requerimiento por parte de las Autoridades Policiales competentes.<\/span><\/p>\n<p><span style=\"font-weight: 400;\">Podemos asegurar que se han tomado todas las medidas necesarias para garantizar la seguridad de los Datos Personales al Usuario una vez recogidos, mediante el uso de sistemas inform\u00e1ticos de acceso limitado y el uso de soluciones de almacenamiento protegidas seg\u00fan los est\u00e1ndares de seguridad previstos por las medidas de seguridad indicadas por las mejores pr\u00e1cticas.<\/span><\/p>\n<p><i><span style=\"font-weight: 400;\">Tutela Minorum<\/span><\/i><span style=\"font-weight: 400;\"> adopta medidas de seguridad espec\u00edficas para evitar la p\u00e9rdida de datos, usos il\u00edcitos o incorrectos y accesos no autorizados.<\/span><\/p>\n<p>&nbsp;<\/p>\n<ol start=\"8\">\n<li><b> DERECHOS DE LOS INTERESADOS<\/b><\/li>\n<\/ol>\n<p><span style=\"font-weight: 400;\">Los usuarios a los que se refieren los Datos Personales, en su calidad de interesados, pueden ejercer en cualquier momento<\/span><\/p>\n<p><span style=\"font-weight: 400;\">&#8211; el derecho de acceso o a disponer de una copia de los Datos Personales, que le permita conocer el tipo de Datos Personales del Usuario tratados por <\/span><i><span style=\"font-weight: 400;\">Tutela Minorum<\/span><\/i><span style=\"font-weight: 400;\"> y las caracter\u00edsticas del tratamiento que se realiza;<\/span><\/p>\n<p><span style=\"font-weight: 400;\">&#8211; el derecho a solicitar la rectificaci\u00f3n de los Datos Personales en caso de omisi\u00f3n o error;<\/span><\/p>\n<p><span style=\"font-weight: 400;\">&#8211; la cancelaci\u00f3n o limitaci\u00f3n del tratamiento;<\/span><\/p>\n<p><span style=\"font-weight: 400;\">&#8211; el derecho a oponerse al tratamiento.<\/span><\/p>\n<p>&nbsp;<\/p>\n<p><span style=\"font-weight: 400;\">El interesado tambi\u00e9n tiene derecho a retirar\/revocar su consentimiento en cualquier momento, sin que ello afecte a la licitud del tratamiento basado en el consentimiento prestado antes de la revocaci\u00f3n\/retirada.<\/span><\/p>\n<p>&nbsp;<\/p>\n<ol start=\"9\">\n<li><b> FORMA DE EJERCICIO DE LOS DERECHOS DEL INTERESADO Y SUPRESI\u00d3N DE LOS SERVICIOS OPCIONALES<\/b><\/li>\n<\/ol>\n<p><span style=\"font-weight: 400;\">Para el ejercicio de los derechos, referidos en el punto 8, el interesado podr\u00e1 dirigirse a <\/span><i><span style=\"font-weight: 400;\">Tutela Minorum<\/span><\/i><span style=\"font-weight: 400;\"> enviando un correo electr\u00f3nico a info@tutelaminorum.va con el asunto \u00abDATOS PERSONALES\u00bb.<\/span><\/p>\n<p><span style=\"font-weight: 400;\">Si el Usuario se ha suscrito al servicio de newsletter, puede en cualquier momento retirar su consentimiento pulsando el enlace \u00abDarse de baja de la newsletter\u00bb situado en la parte inferior de las comunicaciones de la informaci\u00f3n recibida y los datos personales ser\u00e1n eliminados.<\/span><\/p>\n<p>&nbsp;<\/p>\n<ol start=\"10\">\n<li><b> CAMBIOS<\/b><\/li>\n<\/ol>\n<p><span style=\"font-weight: 400;\">Esta pol\u00edtica de privacidad aceptar\u00e1 autom\u00e1ticamente los cambios normativos que puedan intervenir en la materia. Tutela Minorum se reserva el derecho a modificar esta pol\u00edtica de privacidad para actualizar su contenido; es responsabilidad del Usuario comprobar peri\u00f3dicamente si se han producido cambios. Si esta pol\u00edtica est\u00e1 sujeta a aceptaci\u00f3n (incluso en el caso de suscripci\u00f3n al servicio de newsletter), en caso de modificaci\u00f3n estar\u00e1 sujeta a una nueva aceptaci\u00f3n por parte del Usuario.<\/span><\/p>\n<p><span style=\"font-weight: 400;\">La navegaci\u00f3n por el Portal implica la aceptaci\u00f3n de esta Pol\u00edtica de Privacidad.<\/span><\/p>\n<p>&nbsp;<\/p>\n<p><b>POL\u00cdTICA DE COOKIES<\/b><\/p>\n<p>&nbsp;<\/p>[\/et_pb_text][\/et_pb_column][\/et_pb_row][\/et_pb_section]\n","protected":false},"excerpt":{"rendered":"<p>POL\u00cdTICA DE PRIVACIDADNORMAS &nbsp; Comisi\u00f3n Pontificia para la Protecci\u00f3n de los Menores Largo Giovanni Paolo II \u2013 00120 \u2013 Estado de la Ciudad del Vaticano Inicio \u2013 Misi\u00f3n \u2013 La Comisi\u00f3n \u2013 Divulgaci\u00f3n y protecci\u00f3n \u2013 Noticias y eventos &nbsp; POL\u00cdTICA DE PRIVACIDAD De la Comisi\u00f3n Pontificia para la Protecci\u00f3n de los Menores (Tutela Minorum)\u00a0 [&hellip;]<\/p>\n","protected":false},"author":8,"featured_media":0,"parent":0,"menu_order":0,"comment_status":"closed","ping_status":"closed","template":"","meta":{"_seopress_robots_primary_cat":"","_seopress_titles_title":"","_seopress_titles_desc":"","_seopress_robots_index":"","_et_pb_use_builder":"on","_et_pb_old_content":"","_et_gb_content_width":"","_uag_custom_page_level_css":"","footnotes":""},"class_list":["post-6643","page","type-page","status-publish","hentry"],"uagb_featured_image_src":{"full":false,"thumbnail":false,"medium":false,"medium_large":false,"large":false,"thumblist":false,"thumbrelated":false,"meccarouselthumb":false,"gridsquare":false,"tileview":false,"1536x1536":false,"2048x2048":false,"et-pb-post-main-image":false,"et-pb-post-main-image-fullwidth":false,"et-pb-portfolio-image":false,"et-pb-portfolio-module-image":false,"et-pb-portfolio-image-single":false,"et-pb-gallery-module-image-portrait":false,"et-pb-post-main-image-fullwidth-large":false,"et-pb-image--responsive--desktop":false,"et-pb-image--responsive--tablet":false,"et-pb-image--responsive--phone":false,"mailpoet_newsletter_max":false},"uagb_author_info":{"display_name":"Ivan Turatti","author_link":"https:\/\/www.tutelaminorum.va\/es\/author\/ivan-turatti\/"},"uagb_comment_info":0,"uagb_excerpt":"POL\u00cdTICA DE PRIVACIDADNORMAS &nbsp; Comisi\u00f3n Pontificia para la Protecci\u00f3n de los Menores Largo Giovanni Paolo II \u2013 00120 \u2013 Estado de la Ciudad del Vaticano Inicio \u2013 Misi\u00f3n \u2013 La Comisi\u00f3n \u2013 Divulgaci\u00f3n y protecci\u00f3n \u2013 Noticias y eventos &nbsp; POL\u00cdTICA DE PRIVACIDAD De la Comisi\u00f3n Pontificia para la Protecci\u00f3n de los Menores (Tutela Minorum)\u00a0&hellip;","_links":{"self":[{"href":"https:\/\/www.tutelaminorum.va\/es\/wp-json\/wp\/v2\/pages\/6643","targetHints":{"allow":["GET"]}}],"collection":[{"href":"https:\/\/www.tutelaminorum.va\/es\/wp-json\/wp\/v2\/pages"}],"about":[{"href":"https:\/\/www.tutelaminorum.va\/es\/wp-json\/wp\/v2\/types\/page"}],"author":[{"embeddable":true,"href":"https:\/\/www.tutelaminorum.va\/es\/wp-json\/wp\/v2\/users\/8"}],"replies":[{"embeddable":true,"href":"https:\/\/www.tutelaminorum.va\/es\/wp-json\/wp\/v2\/comments?post=6643"}],"version-history":[{"count":0,"href":"https:\/\/www.tutelaminorum.va\/es\/wp-json\/wp\/v2\/pages\/6643\/revisions"}],"wp:attachment":[{"href":"https:\/\/www.tutelaminorum.va\/es\/wp-json\/wp\/v2\/media?parent=6643"}],"curies":[{"name":"wp","href":"https:\/\/api.w.org\/{rel}","templated":true}]}}