{"id":6742,"date":"2020-09-11T17:11:39","date_gmt":"2020-09-11T15:11:39","guid":{"rendered":"https:\/\/www.tutelaminorum.va\/la-comision\/cardenal-sean-omalley\/"},"modified":"2021-05-17T20:09:50","modified_gmt":"2021-05-17T18:09:50","slug":"cardenal-sean-omalley","status":"publish","type":"page","link":"https:\/\/www.tutelaminorum.va\/es\/la-comision\/cardenal-sean-omalley\/","title":{"rendered":"CARDENAL SE\u00c1N O&#8217;MALLEY"},"content":{"rendered":"\n[et_pb_section fb_built=\u00bb1&#8243; custom_padding_last_edited=\u00bbon|phone\u00bb next_background_color=\u00bb#ffffff\u00bb admin_label=\u00bbHero\u00bb _builder_version=\u00bb4.6.6&#8243; background_image=\u00bbhttps:\/\/www.tutelaminorum.va\/wp-content\/uploads\/2020\/09\/commission-completa.png\u00bb custom_margin=\u00bb||50px||false|false\u00bb custom_margin_tablet=\u00bb\u00bb custom_margin_phone=\u00bb||30px||false|false\u00bb custom_margin_last_edited=\u00bbon|phone\u00bb custom_padding=\u00bb30px||100px||false|false\u00bb custom_padding_tablet=\u00bb\u00bb custom_padding_phone=\u00bb||63px||false|false\u00bb bottom_divider_style=\u00bbcurve2&#8243; bottom_divider_arrangement=\u00bbabove_content\u00bb bottom_divider_height_tablet=\u00bb\u00bb bottom_divider_height_phone=\u00bb50px\u00bb bottom_divider_height_last_edited=\u00bbon|phone\u00bb global_module=\u00bb2755&#8243;][et_pb_row column_structure=\u00bb1_4,1_2,1_4&#8243; custom_padding_last_edited=\u00bbon|phone\u00bb _builder_version=\u00bb4.6.1&#8243; background_size=\u00bbinitial\u00bb background_position=\u00bbtop_left\u00bb background_repeat=\u00bbrepeat\u00bb width_tablet=\u00bb\u00bb width_phone=\u00bb60%\u00bb width_last_edited=\u00bbon|phone\u00bb custom_margin_tablet=\u00bb\u00bb custom_margin_phone=\u00bb40px||0px||false|false\u00bb custom_margin_last_edited=\u00bbon|phone\u00bb custom_padding=\u00bb|||\u00bb custom_padding_tablet=\u00bb\u00bb custom_padding_phone=\u00bb0px||0px||false|false\u00bb animation_style=\u00bbslide\u00bb animation_direction=\u00bbtop\u00bb animation_intensity_slide=\u00bb3%\u00bb module_alignment_tablet=\u00bb\u00bb module_alignment_phone=\u00bbright\u00bb module_alignment_last_edited=\u00bbon|phone\u00bb][et_pb_column type=\u00bb1_4&#8243; _builder_version=\u00bb3.25&#8243; custom_padding=\u00bb|||\u00bb custom_padding__hover=\u00bb|||\u00bb][et_pb_divider show_divider=\u00bboff\u00bb disabled_on=\u00bbon|on|off%22&#8243; _builder_version=\u00bb3.2&#8243; max_width=\u00bb120px\u00bb animation_style=\u00bbslide\u00bb animation_direction=\u00bbtop\u00bb animation_intensity_slide=\u00bb30%\u00bb][\/et_pb_divider][\/et_pb_column][et_pb_column type=\u00bb1_2&#8243; _builder_version=\u00bb3.25&#8243; custom_padding=\u00bb|||\u00bb custom_padding__hover=\u00bb|||\u00bb][\/et_pb_column][et_pb_column type=\u00bb1_4&#8243; _builder_version=\u00bb3.25&#8243; custom_padding=\u00bb|||\u00bb custom_padding__hover=\u00bb|||\u00bb][et_pb_text _builder_version=\u00bb4.6.6&#8243; text_font=\u00bb||||||||\u00bb header_font=\u00bb|700||on|||||dotted\u00bb header_text_align=\u00bbcenter\u00bb header_text_color=\u00bb#ffffff\u00bb header_font_size=\u00bb16px\u00bb header_line_height=\u00bb1.3em\u00bb background_color=\u00bb#f0c12a\u00bb background_size=\u00bbinitial\u00bb background_position=\u00bbtop_left\u00bb background_repeat=\u00bbrepeat\u00bb custom_margin=\u00bb-59px||0px||false|false\u00bb custom_margin_tablet=\u00bb\u00bb custom_margin_phone=\u00bb50px||||false|false\u00bb custom_margin_last_edited=\u00bbon|phone\u00bb custom_padding=\u00bb14px|20%|2px||false|false\u00bb custom_padding_tablet=\u00bb\u00bb custom_padding_phone=\u00bb10px|1%|0px||false|false\u00bb custom_padding_last_edited=\u00bbon|phone\u00bb animation_style=\u00bbfade\u00bb link_option_url=\u00bbhttps:\/\/tutelaminorum.va\/the-commission\u00bb header_font_size_tablet=\u00bb\u00bb header_font_size_phone=\u00bb16px\u00bb header_font_size_last_edited=\u00bbon|phone\u00bb locked=\u00bboff\u00bb]<h1>La Comisi\u00f3n<\/h1>[\/et_pb_text][\/et_pb_column][\/et_pb_row][\/et_pb_section][et_pb_section fb_built=\u00bb1&#8243; _builder_version=\u00bb4.6.1&#8243; _module_preset=\u00bbdefault\u00bb custom_margin=\u00bb-1px|||||\u00bb custom_padding=\u00bb0px||0px|||\u00bb][et_pb_row column_structure=\u00bb2_5,3_5&#8243; use_custom_gutter=\u00bbon\u00bb gutter_width=\u00bb1&#8243; _builder_version=\u00bb4.6.1&#8243; _module_preset=\u00bbdefault\u00bb width=\u00bb100%\u00bb max_width=\u00bb80%\u00bb custom_padding=\u00bb0px||30px||false|false\u00bb border_width_bottom=\u00bb2px\u00bb border_color_bottom=\u00bb#f0c12a\u00bb][et_pb_column type=\u00bb2_5&#8243; _builder_version=\u00bb4.6.1&#8243; _module_preset=\u00bbdefault\u00bb][et_pb_image src=\u00bbhttps:\/\/www.tutelaminorum.va\/wp-content\/uploads\/2020\/10\/1.png\u00bb title_text=\u00bb1&#8243; align_tablet=\u00bb\u00bb align_phone=\u00bbleft\u00bb align_last_edited=\u00bbon|phone\u00bb _builder_version=\u00bb4.6.6&#8243; _module_preset=\u00bbdefault\u00bb background_color=\u00bb#2b517e\u00bb width=\u00bb75%\u00bb max_width=\u00bb75%\u00bb module_alignment=\u00bbcenter\u00bb custom_margin=\u00bb||||false|false\u00bb custom_padding=\u00bb||||false|false\u00bb module_alignment_tablet=\u00bb\u00bb module_alignment_phone=\u00bbleft\u00bb module_alignment_last_edited=\u00bbon|phone\u00bb][\/et_pb_image][\/et_pb_column][et_pb_column type=\u00bb3_5&#8243; _builder_version=\u00bb4.6.1&#8243; _module_preset=\u00bbdefault\u00bb][et_pb_text _builder_version=\u00bb4.6.1&#8243; _module_preset=\u00bbdefault\u00bb header_2_font=\u00bb|600|||||||\u00bb header_2_text_color=\u00bb#2b517e\u00bb header_2_font_size=\u00bb27px\u00bb header_3_font=\u00bb|600|||||||\u00bb header_3_text_color=\u00bb#f0c12a\u00bb header_3_font_size=\u00bb20px\u00bb custom_margin=\u00bb20px||||false|false\u00bb custom_padding=\u00bb||||false|false\u00bb]<h2 style=\"text-align: left\">CARDENAL SE\u00c1N O&#8217;MALLEY<\/h2>\n<h3>Estados Unidos<\/h3>\n<p style=\"text-align: left\"><strong>Arzobispo de Boston, Presidente de la Comisi\u00f3n, miembro del Consejo de Cardenales que asesora al Papa Francisco.<\/strong><\/p>\n<p>El Cardenal Se\u00e1n Patrick O&#8217;Malley, O.F.M. Cap., profes\u00f3 como franciscano capuchino en 1965 y fue ordenado sacerdote en 1970. Se doctor\u00f3 en literatura espa\u00f1ola y portuguesa en la Universidad Cat\u00f3lica de Am\u00e9rica, donde ense\u00f1\u00f3 de 1969 a 1973.<\/p>\n<p>El Cardenal O&#8217;Malley fund\u00f3 el Centro Cat\u00f3lico Hispano (Hispanic Catholic Center), una organizaci\u00f3n que ayuda a los inmigrantes. Fue nombrado Obispo de la di\u00f3cesis de Santo Tom\u00e1s en las Islas V\u00edrgenes en 1985, de la di\u00f3cesis de Fall River, Massachusetts, en 1992, de Palm Beach, Florida, en 2002 y Arzobispo de Boston en 2003. Fue creado Cardenal por el Papa Benedicto XVI en marzo de 2006.<\/p>\n<p>El Cardenal O&#8217;Malley forma parte del Comit\u00e9 de Actividades Pro-Vida de la Conferencia Episcopal de los Estados Unidos, del Subcomit\u00e9 para la Iglesia en \u00c1frica y del Subcomit\u00e9 para la Iglesia en Am\u00e9rica Latina. Adem\u00e1s, el Cardenal O&#8217;Malley es miembro del Consejo de Administraci\u00f3n de la Universidad Cat\u00f3lica de Am\u00e9rica. En 2010, el Papa Benedicto nombr\u00f3 al Cardenal O&#8217;Malley Visitador Apost\u00f3lico de la Archidi\u00f3cesis de Dubl\u00edn.<\/p>\n<p>El Papa Francisco nombr\u00f3 al Cardenal O&#8217;Malley miembro del Consejo de Cardenales en 2013,<\/p>\n<p>lo nombr\u00f3 Presidente de la Comisi\u00f3n Pontificia para la Protecci\u00f3n de Menores en 2014, y lo nombr\u00f3 Miembro de la Congregaci\u00f3n para la Doctrina de la Fe en 2017. El Cardenal O&#8217;Malley fue elegido Presidente de la Fundaci\u00f3n Papal en 2018.<\/p>[\/et_pb_text][\/et_pb_column][\/et_pb_row][\/et_pb_section][et_pb_section fb_built=\u00bb1&#8243; admin_label=\u00bbOur Teachers Section\u00bb _builder_version=\u00bb3.22&#8243; background_color=\u00bb#fafbfc\u00bb custom_padding=\u00bb27px|0px|11px|0px||\u00bb][et_pb_row use_custom_gutter=\u00bbon\u00bb gutter_width=\u00bb2&#8243; custom_padding_last_edited=\u00bbon|desktop\u00bb _builder_version=\u00bb3.25&#8243; custom_padding=\u00bb9px|||||\u00bb custom_padding_tablet=\u00bb0px||0px|\u00bb custom_padding_phone=\u00bb\u00bb locked=\u00bboff\u00bb][et_pb_column type=\u00bb4_4&#8243; _builder_version=\u00bb3.25&#8243; custom_padding=\u00bb|||\u00bb custom_padding__hover=\u00bb|||\u00bb][et_pb_blog fullwidth=\u00bboff\u00bb posts_number=\u00bb16&#8243; include_categories=\u00bb47&#8243; show_author=\u00bboff\u00bb show_categories=\u00bboff\u00bb _builder_version=\u00bb4.6.6&#8243; _module_preset=\u00bbdefault\u00bb header_font=\u00bb||||||||\u00bb header_font_size=\u00bb20px\u00bb header_line_height=\u00bb1.3em\u00bb body_font_size=\u00bb14px\u00bb meta_font=\u00bb|600|||||||\u00bb meta_text_color=\u00bb#f0c12a\u00bb meta_font_size=\u00bb13px\u00bb meta_line_height=\u00bb1.5em\u00bb header_font_tablet=\u00bb\u00bb header_font_phone=\u00bb|600|||||||\u00bb header_font_last_edited=\u00bbon|desktop\u00bb header_font_size_tablet=\u00bb\u00bb header_font_size_phone=\u00bb18px\u00bb header_font_size_last_edited=\u00bbon|phone\u00bb border_color_all=\u00bb#eeeeee\u00bb][\/et_pb_blog][\/et_pb_column][\/et_pb_row][\/et_pb_section]\n","protected":false},"excerpt":{"rendered":"<p>La Comisi\u00f3nCARDENAL SE\u00c1N O&#8217;MALLEY Estados Unidos Arzobispo de Boston, Presidente de la Comisi\u00f3n, miembro del Consejo de Cardenales que asesora al Papa Francisco. El Cardenal Se\u00e1n Patrick O&#8217;Malley, O.F.M. Cap., profes\u00f3 como franciscano capuchino en 1965 y fue ordenado sacerdote en 1970. Se doctor\u00f3 en literatura espa\u00f1ola y portuguesa en la Universidad Cat\u00f3lica de Am\u00e9rica, [&hellip;]<\/p>\n","protected":false},"author":1,"featured_media":1309,"parent":6737,"menu_order":0,"comment_status":"closed","ping_status":"closed","template":"","meta":{"_seopress_robots_primary_cat":"","_seopress_titles_title":"","_seopress_titles_desc":"","_seopress_robots_index":"","_et_pb_use_builder":"on","_et_pb_old_content":"","_et_gb_content_width":"","_uag_custom_page_level_css":"","footnotes":""},"class_list":["post-6742","page","type-page","status-publish","has-post-thumbnail","hentry"],"uagb_featured_image_src":{"full":["https:\/\/www.tutelaminorum.va\/wp-content\/uploads\/2020\/09\/Cardinal-Sean-e1622809408312.jpg",1500,2100,false],"thumbnail":["https:\/\/www.tutelaminorum.va\/wp-content\/uploads\/2020\/09\/Cardinal-Sean-150x150.jpg",150,150,true],"medium":["https:\/\/www.tutelaminorum.va\/wp-content\/uploads\/2020\/09\/Cardinal-Sean-214x300.jpg",214,300,true],"medium_large":["https:\/\/www.tutelaminorum.va\/wp-content\/uploads\/2020\/09\/Cardinal-Sean-768x1075.jpg",768,1075,true],"large":["https:\/\/www.tutelaminorum.va\/wp-content\/uploads\/2020\/09\/Cardinal-Sean-731x1024.jpg",731,1024,true],"thumblist":["https:\/\/www.tutelaminorum.va\/wp-content\/uploads\/2020\/09\/Cardinal-Sean-e1622809408312.jpg",214,300,false],"thumbrelated":["https:\/\/www.tutelaminorum.va\/wp-content\/uploads\/2020\/09\/Cardinal-Sean-e1622809408312.jpg",357,500,false],"meccarouselthumb":["https:\/\/www.tutelaminorum.va\/wp-content\/uploads\/2020\/09\/Cardinal-Sean-e1622809408312.jpg",231,324,false],"gridsquare":["https:\/\/www.tutelaminorum.va\/wp-content\/uploads\/2020\/09\/Cardinal-Sean-e1622809408312.jpg",186,260,false],"tileview":["https:\/\/www.tutelaminorum.va\/wp-content\/uploads\/2020\/09\/Cardinal-Sean-e1622809408312.jpg",286,400,false],"1536x1536":["https:\/\/www.tutelaminorum.va\/wp-content\/uploads\/2020\/09\/Cardinal-Sean-1097x1536.jpg",1097,1536,true],"2048x2048":["https:\/\/www.tutelaminorum.va\/wp-content\/uploads\/2020\/09\/Cardinal-Sean-1463x2048.jpg",1463,2048,true],"et-pb-post-main-image":["https:\/\/www.tutelaminorum.va\/wp-content\/uploads\/2020\/09\/Cardinal-Sean-400x250.jpg",400,250,true],"et-pb-post-main-image-fullwidth":["https:\/\/www.tutelaminorum.va\/wp-content\/uploads\/2020\/09\/Cardinal-Sean-1080x675.jpg",1080,675,true],"et-pb-portfolio-image":["https:\/\/www.tutelaminorum.va\/wp-content\/uploads\/2020\/09\/Cardinal-Sean-400x284.jpg",400,284,true],"et-pb-portfolio-module-image":["https:\/\/www.tutelaminorum.va\/wp-content\/uploads\/2020\/09\/Cardinal-Sean-510x382.jpg",510,382,true],"et-pb-portfolio-image-single":["https:\/\/www.tutelaminorum.va\/wp-content\/uploads\/2020\/09\/Cardinal-Sean-1080x1512.jpg",1080,1512,true],"et-pb-gallery-module-image-portrait":["https:\/\/www.tutelaminorum.va\/wp-content\/uploads\/2020\/09\/Cardinal-Sean-400x516.jpg",400,516,true],"et-pb-post-main-image-fullwidth-large":["https:\/\/www.tutelaminorum.va\/wp-content\/uploads\/2020\/09\/Cardinal-Sean-1500x1800.jpg",1500,1800,true],"et-pb-image--responsive--desktop":["https:\/\/www.tutelaminorum.va\/wp-content\/uploads\/2020\/09\/Cardinal-Sean-1280x1792.jpg",514,720,true],"et-pb-image--responsive--tablet":["https:\/\/www.tutelaminorum.va\/wp-content\/uploads\/2020\/09\/Cardinal-Sean-980x1372.jpg",394,551,true],"et-pb-image--responsive--phone":["https:\/\/www.tutelaminorum.va\/wp-content\/uploads\/2020\/09\/Cardinal-Sean-480x672.jpg",193,270,true],"mailpoet_newsletter_max":["https:\/\/www.tutelaminorum.va\/wp-content\/uploads\/2020\/09\/Cardinal-Sean-1320x1848.jpg",1320,1848,true]},"uagb_author_info":{"display_name":"administrator@tutelaminorum.va","author_link":"https:\/\/www.tutelaminorum.va\/es\/author\/administratortutelaminorum-va\/"},"uagb_comment_info":0,"uagb_excerpt":"La Comisi\u00f3nCARDENAL SE\u00c1N O'MALLEY Estados Unidos Arzobispo de Boston, Presidente de la Comisi\u00f3n, miembro del Consejo de Cardenales que asesora al Papa Francisco. El Cardenal Se\u00e1n Patrick O'Malley, O.F.M. Cap., profes\u00f3 como franciscano capuchino en 1965 y fue ordenado sacerdote en 1970. Se doctor\u00f3 en literatura espa\u00f1ola y portuguesa en la Universidad Cat\u00f3lica de Am\u00e9rica,&hellip;","_links":{"self":[{"href":"https:\/\/www.tutelaminorum.va\/es\/wp-json\/wp\/v2\/pages\/6742","targetHints":{"allow":["GET"]}}],"collection":[{"href":"https:\/\/www.tutelaminorum.va\/es\/wp-json\/wp\/v2\/pages"}],"about":[{"href":"https:\/\/www.tutelaminorum.va\/es\/wp-json\/wp\/v2\/types\/page"}],"author":[{"embeddable":true,"href":"https:\/\/www.tutelaminorum.va\/es\/wp-json\/wp\/v2\/users\/1"}],"replies":[{"embeddable":true,"href":"https:\/\/www.tutelaminorum.va\/es\/wp-json\/wp\/v2\/comments?post=6742"}],"version-history":[{"count":0,"href":"https:\/\/www.tutelaminorum.va\/es\/wp-json\/wp\/v2\/pages\/6742\/revisions"}],"up":[{"embeddable":true,"href":"https:\/\/www.tutelaminorum.va\/es\/wp-json\/wp\/v2\/pages\/6737"}],"wp:featuredmedia":[{"embeddable":true,"href":"https:\/\/www.tutelaminorum.va\/es\/wp-json\/wp\/v2\/media\/1309"}],"wp:attachment":[{"href":"https:\/\/www.tutelaminorum.va\/es\/wp-json\/wp\/v2\/media?parent=6742"}],"curies":[{"name":"wp","href":"https:\/\/api.w.org\/{rel}","templated":true}]}}