{"id":6753,"date":"2021-01-26T10:12:25","date_gmt":"2021-01-26T09:12:25","guid":{"rendered":"https:\/\/www.tutelaminorum.va\/la-comision\/antiguos-miembros-de-la-comision\/"},"modified":"2021-10-12T14:18:11","modified_gmt":"2021-10-12T12:18:11","slug":"antiguos-miembros-de-la-comision","status":"publish","type":"page","link":"https:\/\/www.tutelaminorum.va\/es\/la-comision\/antiguos-miembros-de-la-comision\/","title":{"rendered":"Antiguos Miembros de la Comisi\u00f2n"},"content":{"rendered":"<p>[et_pb_section fb_built=\u00bb1&#8243; custom_padding_last_edited=\u00bbon|phone\u00bb next_background_color=\u00bb#fafbfc\u00bb admin_label=\u00bbHero\u00bb _builder_version=\u00bb4.7.7&#8243; background_image=\u00bbhttps:\/\/www.tutelaminorum.va\/wp-content\/uploads\/2021\/01\/commission_300dpi_2.png\u00bb custom_margin=\u00bb||50px||false|false\u00bb custom_margin_tablet=\u00bb\u00bb custom_margin_phone=\u00bb||30px||false|false\u00bb custom_margin_last_edited=\u00bbon|phone\u00bb custom_padding=\u00bb30px||100px||false|false\u00bb custom_padding_tablet=\u00bb\u00bb custom_padding_phone=\u00bb||63px||false|false\u00bb bottom_divider_style=\u00bbcurve2&#8243; bottom_divider_arrangement=\u00bbabove_content\u00bb bottom_divider_height_tablet=\u00bb\u00bb bottom_divider_height_phone=\u00bb50px\u00bb bottom_divider_height_last_edited=\u00bbon|phone\u00bb saved_tabs=\u00bball\u00bb global_colors_info=\u00bb{}\u00bb][et_pb_row column_structure=\u00bb1_4,1_2,1_4&#8243; custom_padding_last_edited=\u00bbon|phone\u00bb _builder_version=\u00bb4.6.1&#8243; background_size=\u00bbinitial\u00bb background_position=\u00bbtop_left\u00bb background_repeat=\u00bbrepeat\u00bb width_tablet=\u00bb\u00bb width_phone=\u00bb60%\u00bb width_last_edited=\u00bbon|phone\u00bb custom_margin_tablet=\u00bb\u00bb custom_margin_phone=\u00bb40px||0px||false|false\u00bb custom_margin_last_edited=\u00bbon|phone\u00bb custom_padding=\u00bb|||\u00bb custom_padding_tablet=\u00bb\u00bb custom_padding_phone=\u00bb0px||0px||false|false\u00bb animation_style=\u00bbslide\u00bb animation_direction=\u00bbtop\u00bb animation_intensity_slide=\u00bb3%\u00bb module_alignment_tablet=\u00bb\u00bb module_alignment_phone=\u00bbright\u00bb module_alignment_last_edited=\u00bbon|phone\u00bb global_colors_info=\u00bb{}\u00bb][et_pb_column type=\u00bb1_4&#8243; _builder_version=\u00bb3.25&#8243; custom_padding=\u00bb|||\u00bb global_colors_info=\u00bb{}\u00bb custom_padding__hover=\u00bb|||\u00bb][et_pb_divider show_divider=\u00bboff\u00bb disabled_on=\u00bbon|on|off%22&#8243; _builder_version=\u00bb3.2&#8243; max_width=\u00bb120px\u00bb animation_style=\u00bbslide\u00bb animation_direction=\u00bbtop\u00bb animation_intensity_slide=\u00bb30%\u00bb global_colors_info=\u00bb{}\u00bb][\/et_pb_divider][\/et_pb_column][et_pb_column type=\u00bb1_2&#8243; _builder_version=\u00bb3.25&#8243; custom_padding=\u00bb|||\u00bb global_colors_info=\u00bb{}\u00bb custom_padding__hover=\u00bb|||\u00bb][\/et_pb_column][et_pb_column type=\u00bb1_4&#8243; _builder_version=\u00bb3.25&#8243; custom_padding=\u00bb|||\u00bb global_colors_info=\u00bb{}\u00bb custom_padding__hover=\u00bb|||\u00bb][et_pb_text _builder_version=\u00bb4.9.4&#8243; text_font=\u00bb||||||||\u00bb header_font=\u00bb|700||on|||||dotted\u00bb header_text_align=\u00bbcenter\u00bb header_text_color=\u00bb#ffffff\u00bb header_font_size=\u00bb16px\u00bb header_line_height=\u00bb1.3em\u00bb background_color=\u00bb#f0c12a\u00bb background_size=\u00bbinitial\u00bb background_position=\u00bbtop_left\u00bb background_repeat=\u00bbrepeat\u00bb custom_margin=\u00bb-59px||0px||false|false\u00bb custom_margin_tablet=\u00bb\u00bb custom_margin_phone=\u00bb50px||||false|false\u00bb custom_margin_last_edited=\u00bbon|phone\u00bb custom_padding=\u00bb14px|20%|2px||false|false\u00bb custom_padding_tablet=\u00bb\u00bb custom_padding_phone=\u00bb10px|1%|0px||false|false\u00bb custom_padding_last_edited=\u00bbon|phone\u00bb animation_style=\u00bbfade\u00bb link_option_url=\u00bbhttps:\/\/tutelaminorum.va\/the-commission\u00bb header_font_size_tablet=\u00bb\u00bb header_font_size_phone=\u00bb16px\u00bb header_font_size_last_edited=\u00bbon|phone\u00bb locked=\u00bboff\u00bb global_colors_info=\u00bb{}\u00bb]<\/p>\n<h1>La Comisi\u00f3n<\/h1>\n<p>[\/et_pb_text][\/et_pb_column][\/et_pb_row][\/et_pb_section][et_pb_section fb_built=\u00bb1&#8243; admin_label=\u00bbOur Teachers Section\u00bb _builder_version=\u00bb3.22&#8243; background_color=\u00bb#fafbfc\u00bb custom_padding=\u00bb3px|0px|11px|0px||\u00bb global_colors_info=\u00bb{}\u00bb][et_pb_row use_custom_gutter=\u00bbon\u00bb gutter_width=\u00bb2&#8243; custom_padding_last_edited=\u00bbon|desktop\u00bb _builder_version=\u00bb3.25&#8243; custom_padding=\u00bb9px||0px|||\u00bb custom_padding_tablet=\u00bb0px||0px|\u00bb custom_padding_phone=\u00bb\u00bb locked=\u00bboff\u00bb global_colors_info=\u00bb{}\u00bb][et_pb_column type=\u00bb4_4&#8243; _builder_version=\u00bb3.25&#8243; custom_padding=\u00bb|||\u00bb global_colors_info=\u00bb{}\u00bb custom_padding__hover=\u00bb|||\u00bb][et_pb_text _builder_version=\u00bb4.9.4&#8243; _module_preset=\u00bbdefault\u00bb global_colors_info=\u00bb{}\u00bb]<\/p>\n<h1 style=\"text-align: center;\">ANTIGUOS MIEMBROS DE LA COMISI\u00d3N<\/h1>\n<p>[\/et_pb_text][\/et_pb_column][\/et_pb_row][et_pb_row column_structure=\u00bb1_3,1_3,1_3&#8243; use_custom_gutter=\u00bbon\u00bb gutter_width=\u00bb2&#8243; custom_padding_last_edited=\u00bbon|desktop\u00bb _builder_version=\u00bb3.25&#8243; custom_padding=\u00bb9px|||||\u00bb custom_padding_tablet=\u00bb0px||0px|\u00bb custom_padding_phone=\u00bb\u00bb locked=\u00bboff\u00bb global_colors_info=\u00bb{}\u00bb][et_pb_column type=\u00bb1_3&#8243; _builder_version=\u00bb3.25&#8243; custom_padding=\u00bb|||\u00bb global_colors_info=\u00bb{}\u00bb custom_padding__hover=\u00bb|||\u00bb][et_pb_team_member name=\u00bbDr. Catherine BONNET\u00bb position=\u00bbFrancia\u00bb image_url=\u00bbhttps:\/\/www.tutelaminorum.va\/wp-content\/uploads\/2021\/01\/1-1.png\u00bb icon_color=\u00bb#f0c12a\u00bb _builder_version=\u00bb4.11.2&#8243; header_font=\u00bb|600|||||||\u00bb header_text_color=\u00bb#2b517e\u00bb header_font_size=\u00bb18px\u00bb body_font=\u00bbOpen Sans||||||||\u00bb body_text_align=\u00bbleft\u00bb position_font=\u00bbOpen Sans|600|||||||\u00bb position_text_color=\u00bb#f0c12a\u00bb background_color=\u00bb#ffffff\u00bb text_orientation=\u00bbcenter\u00bb max_width=\u00bb360px\u00bb module_alignment=\u00bbcenter\u00bb custom_margin=\u00bb|||\u00bb custom_padding=\u00bb20px|20px|20px|20px|true|true\u00bb animation_style=\u00bbfade\u00bb hover_enabled=\u00bb0&#8243; box_shadow_style=\u00bbpreset1&#8243; box_shadow_vertical=\u00bb10px\u00bb box_shadow_blur=\u00bb24px\u00bb box_shadow_spread=\u00bb6px\u00bb box_shadow_color=\u00bbrgba(0,0,0,0.06)\u00bb icon_hover_color=\u00bb#353740&#8243; global_colors_info=\u00bb{}\u00bb icon_color__hover=\u00bb#353740&#8243; icon_color__hover_enabled=\u00bbon\u00bb link_option_url=\u00bbhttps:\/\/www.tutelaminorum.va\/es\/la-comision\/antiguos-miembros-de-la-comision\/dr-catherine-bonnet\/\u00bb sticky_enabled=\u00bb0&#8243;]<\/p>\n<p>Consultora en psiquiatr\u00eda de ni\u00f1os y adolescentes, y psicoterapeuta<\/p>\n<p>[\/et_pb_team_member][\/et_pb_column][et_pb_column type=\u00bb1_3&#8243; _builder_version=\u00bb3.25&#8243; custom_padding=\u00bb|||\u00bb global_colors_info=\u00bb{}\u00bb custom_padding__hover=\u00bb|||\u00bb][et_pb_team_member name=\u00bbMarie COLLINS\u00bb position=\u00bbIrlanda\u00bb image_url=\u00bbhttps:\/\/www.tutelaminorum.va\/wp-content\/uploads\/2021\/01\/4.png\u00bb icon_color=\u00bb#f0c12a\u00bb _builder_version=\u00bb4.11.2&#8243; header_font=\u00bb|600|||||||\u00bb header_text_color=\u00bb#2b517e\u00bb header_font_size=\u00bb18px\u00bb body_font=\u00bbOpen Sans||||||||\u00bb body_text_align=\u00bbleft\u00bb position_font=\u00bbOpen Sans|600|||||||\u00bb position_text_color=\u00bb#f0c12a\u00bb background_color=\u00bb#ffffff\u00bb text_orientation=\u00bbcenter\u00bb max_width=\u00bb360px\u00bb module_alignment=\u00bbcenter\u00bb custom_margin=\u00bb|||\u00bb custom_padding=\u00bb20px|20px|20px|20px|true|true\u00bb animation_style=\u00bbfade\u00bb hover_enabled=\u00bb0&#8243; box_shadow_style=\u00bbpreset1&#8243; box_shadow_vertical=\u00bb10px\u00bb box_shadow_blur=\u00bb24px\u00bb box_shadow_spread=\u00bb6px\u00bb box_shadow_color=\u00bbrgba(0,0,0,0.06)\u00bb icon_hover_color=\u00bb#353740&#8243; global_colors_info=\u00bb{}\u00bb icon_color__hover=\u00bb#353740&#8243; icon_color__hover_enabled=\u00bbon\u00bb link_option_url=\u00bbhttps:\/\/www.tutelaminorum.va\/es\/la-comision\/antiguos-miembros-de-la-comision\/marie-collins\/\u00bb sticky_enabled=\u00bb0&#8243;]<\/p>\n<p>Fundadora de la Fundaci\u00f3n Marie Collins<\/p>\n<p>[\/et_pb_team_member][\/et_pb_column][et_pb_column type=\u00bb1_3&#8243; _builder_version=\u00bb4.6.1&#8243; _module_preset=\u00bbdefault\u00bb global_colors_info=\u00bb{}\u00bb][et_pb_team_member name=\u00bbProf. Sheila Baroness HOLLINS\u00bb position=\u00bbReino Unido\u00bb image_url=\u00bbhttps:\/\/www.tutelaminorum.va\/wp-content\/uploads\/2021\/01\/3.png\u00bb icon_color=\u00bb#f0c12a\u00bb _builder_version=\u00bb4.11.2&#8243; header_font=\u00bb|600|||||||\u00bb header_text_color=\u00bb#2b517e\u00bb header_font_size=\u00bb18px\u00bb body_font=\u00bbOpen Sans||||||||\u00bb body_text_align=\u00bbleft\u00bb position_font=\u00bbOpen Sans|600|||||||\u00bb position_text_color=\u00bb#f0c12a\u00bb background_color=\u00bb#ffffff\u00bb text_orientation=\u00bbcenter\u00bb max_width=\u00bb360px\u00bb module_alignment=\u00bbcenter\u00bb custom_margin=\u00bb|||\u00bb custom_padding=\u00bb20px|20px|20px|20px|true|true\u00bb animation_style=\u00bbfade\u00bb hover_enabled=\u00bb0&#8243; box_shadow_style=\u00bbpreset1&#8243; box_shadow_vertical=\u00bb10px\u00bb box_shadow_blur=\u00bb24px\u00bb box_shadow_spread=\u00bb6px\u00bb box_shadow_color=\u00bbrgba(0,0,0,0.06)\u00bb icon_hover_color=\u00bb#353740&#8243; global_colors_info=\u00bb{}\u00bb icon_color__hover=\u00bb#353740&#8243; icon_color__hover_enabled=\u00bbon\u00bb link_option_url=\u00bbhttps:\/\/www.tutelaminorum.va\/es\/la-comision\/antiguos-miembros-de-la-comision\/profesora-sheila-baroness-hollins\/\u00bb sticky_enabled=\u00bb0&#8243;]<\/p>\n<p>Par de la C\u00e1mara de los Lores, Presidenta del Consejo Cient\u00edfico de la Asociaci\u00f3n M\u00e9dica Brit\u00e1nica,<\/p>\n<p>[\/et_pb_team_member][\/et_pb_column][\/et_pb_row][et_pb_row column_structure=\u00bb1_3,1_3,1_3&#8243; use_custom_gutter=\u00bbon\u00bb gutter_width=\u00bb2&#8243; custom_padding_last_edited=\u00bbon|desktop\u00bb _builder_version=\u00bb3.25&#8243; custom_padding=\u00bb9px|||||\u00bb custom_padding_tablet=\u00bb0px||0px|\u00bb custom_padding_phone=\u00bb\u00bb locked=\u00bboff\u00bb global_colors_info=\u00bb{}\u00bb][et_pb_column type=\u00bb1_3&#8243; _builder_version=\u00bb3.25&#8243; custom_padding=\u00bb|||\u00bb global_colors_info=\u00bb{}\u00bb custom_padding__hover=\u00bb|||\u00bb][et_pb_team_member name=\u00bbKathleen MC CORMACK\u00bb position=\u00bbAustralia\u00bb image_url=\u00bbhttps:\/\/www.tutelaminorum.va\/wp-content\/uploads\/2021\/01\/5.png\u00bb icon_color=\u00bb#f0c12a\u00bb _builder_version=\u00bb4.11.2&#8243; header_font=\u00bb|600|||||||\u00bb header_text_color=\u00bb#2b517e\u00bb header_font_size=\u00bb18px\u00bb body_font=\u00bbOpen Sans||||||||\u00bb body_text_align=\u00bbleft\u00bb position_font=\u00bbOpen Sans|600|||||||\u00bb position_text_color=\u00bb#f0c12a\u00bb background_color=\u00bb#ffffff\u00bb text_orientation=\u00bbcenter\u00bb max_width=\u00bb360px\u00bb module_alignment=\u00bbcenter\u00bb custom_margin=\u00bb|||\u00bb custom_padding=\u00bb20px|20px|20px|20px|true|true\u00bb animation_style=\u00bbfade\u00bb hover_enabled=\u00bb0&#8243; box_shadow_style=\u00bbpreset1&#8243; box_shadow_vertical=\u00bb10px\u00bb box_shadow_blur=\u00bb24px\u00bb box_shadow_spread=\u00bb6px\u00bb box_shadow_color=\u00bbrgba(0,0,0,0.06)\u00bb icon_hover_color=\u00bb#353740&#8243; global_colors_info=\u00bb{}\u00bb icon_color__hover=\u00bb#353740&#8243; icon_color__hover_enabled=\u00bbon\u00bb link_option_url=\u00bbhttps:\/\/www.tutelaminorum.va\/es\/la-comision\/antiguos-miembros-de-la-comision\/kathleen-mccormack\/\u00bb sticky_enabled=\u00bb0&#8243;]<\/p>\n<p>Directora de Bienestar de Catholic Care en la Di\u00f3cesis de Wollongong<\/p>\n<p>[\/et_pb_team_member][\/et_pb_column][et_pb_column type=\u00bb1_3&#8243; _builder_version=\u00bb3.25&#8243; custom_padding=\u00bb|||\u00bb global_colors_info=\u00bb{}\u00bb custom_padding__hover=\u00bb|||\u00bb][et_pb_team_member name=\u00bbMr. Bill KILGALLON\u00bb position=\u00bbNueva Zelanda\u00bb image_url=\u00bbhttps:\/\/www.tutelaminorum.va\/wp-content\/uploads\/2021\/01\/6.png\u00bb icon_color=\u00bb#f0c12a\u00bb _builder_version=\u00bb4.11.2&#8243; header_font=\u00bb|600|||||||\u00bb header_text_color=\u00bb#2b517e\u00bb header_font_size=\u00bb18px\u00bb body_font=\u00bbOpen Sans||||||||\u00bb body_text_align=\u00bbleft\u00bb position_font=\u00bbOpen Sans|600|||||||\u00bb position_text_color=\u00bb#f0c12a\u00bb background_color=\u00bb#ffffff\u00bb text_orientation=\u00bbcenter\u00bb max_width=\u00bb360px\u00bb module_alignment=\u00bbcenter\u00bb custom_margin=\u00bb|||\u00bb custom_padding=\u00bb20px|20px|20px|20px|true|true\u00bb animation_style=\u00bbfade\u00bb hover_enabled=\u00bb0&#8243; box_shadow_style=\u00bbpreset1&#8243; box_shadow_vertical=\u00bb10px\u00bb box_shadow_blur=\u00bb24px\u00bb box_shadow_spread=\u00bb6px\u00bb box_shadow_color=\u00bbrgba(0,0,0,0.06)\u00bb icon_hover_color=\u00bb#353740&#8243; global_colors_info=\u00bb{}\u00bb icon_color__hover=\u00bb#353740&#8243; icon_color__hover_enabled=\u00bbon\u00bb link_option_url=\u00bbhttps:\/\/www.tutelaminorum.va\/es\/la-comision\/antiguos-miembros-de-la-comision\/mr-bill-kilgallon\/\u00bb sticky_enabled=\u00bb0&#8243;]<\/p>\n<p>Director de la Oficina Nacional de Normas Profesionales de la Iglesia Cat\u00f3lica de Nueva Zelanda<\/p>\n<p>[\/et_pb_team_member][\/et_pb_column][et_pb_column type=\u00bb1_3&#8243; _builder_version=\u00bb3.25&#8243; custom_padding=\u00bb|||\u00bb global_colors_info=\u00bb{}\u00bb custom_padding__hover=\u00bb|||\u00bb][et_pb_team_member name=\u00bbPROFESOR CLAUDIO PAPALE\u00bb position=\u00bbItalia\u00bb image_url=\u00bbhttps:\/\/www.tutelaminorum.va\/wp-content\/uploads\/2021\/01\/7-1.png\u00bb icon_color=\u00bb#f0c12a\u00bb _builder_version=\u00bb4.11.2&#8243; header_font=\u00bb|600|||||||\u00bb header_text_color=\u00bb#2b517e\u00bb header_font_size=\u00bb18px\u00bb body_font=\u00bbOpen Sans||||||||\u00bb body_text_align=\u00bbleft\u00bb position_font=\u00bbOpen Sans|600|||||||\u00bb position_text_color=\u00bb#f0c12a\u00bb background_color=\u00bb#ffffff\u00bb text_orientation=\u00bbcenter\u00bb max_width=\u00bb360px\u00bb module_alignment=\u00bbcenter\u00bb custom_margin=\u00bb|||\u00bb custom_padding=\u00bb20px|20px|20px|20px|true|true\u00bb animation_style=\u00bbfade\u00bb hover_enabled=\u00bb0&#8243; box_shadow_style=\u00bbpreset1&#8243; box_shadow_vertical=\u00bb10px\u00bb box_shadow_blur=\u00bb24px\u00bb box_shadow_spread=\u00bb6px\u00bb box_shadow_color=\u00bbrgba(0,0,0,0.06)\u00bb icon_hover_color=\u00bb#353740&#8243; global_colors_info=\u00bb{}\u00bb icon_color__hover=\u00bb#353740&#8243; icon_color__hover_enabled=\u00bbon\u00bb link_option_url=\u00bbhttps:\/\/www.tutelaminorum.va\/es\/la-comision\/antiguos-miembros-de-la-comision\/professor-claudio-papale\/\u00bb sticky_enabled=\u00bb0&#8243;]<\/p>\n<p>Profesor de Derecho Penal y Procesal Penal en la Facultad de Derecho Can\u00f3nico de la Universidad Pontificia Urbaniana.<\/p>\n<p>[\/et_pb_team_member][\/et_pb_column][\/et_pb_row][et_pb_row column_structure=\u00bb1_3,1_3,1_3&#8243; use_custom_gutter=\u00bbon\u00bb gutter_width=\u00bb2&#8243; custom_padding_last_edited=\u00bbon|desktop\u00bb _builder_version=\u00bb3.25&#8243; custom_padding=\u00bb9px|||||\u00bb custom_padding_tablet=\u00bb0px||0px|\u00bb custom_padding_phone=\u00bb\u00bb locked=\u00bboff\u00bb global_colors_info=\u00bb{}\u00bb][et_pb_column type=\u00bb1_3&#8243; _builder_version=\u00bb3.25&#8243; custom_padding=\u00bb|||\u00bb global_colors_info=\u00bb{}\u00bb custom_padding__hover=\u00bb|||\u00bb][et_pb_team_member name=\u00bbPeter SAUNDERS\u00bb position=\u00bbReino Unido\u00bb image_url=\u00bbhttps:\/\/www.tutelaminorum.va\/wp-content\/uploads\/2021\/01\/8.png\u00bb icon_color=\u00bb#f0c12a\u00bb _builder_version=\u00bb4.11.2&#8243; header_font=\u00bb|600|||||||\u00bb header_text_color=\u00bb#2b517e\u00bb header_font_size=\u00bb18px\u00bb body_font=\u00bbOpen Sans||||||||\u00bb body_text_align=\u00bbleft\u00bb position_font=\u00bbOpen Sans|600|||||||\u00bb position_text_color=\u00bb#f0c12a\u00bb background_color=\u00bb#ffffff\u00bb text_orientation=\u00bbcenter\u00bb max_width=\u00bb360px\u00bb module_alignment=\u00bbcenter\u00bb custom_margin=\u00bb|||\u00bb custom_padding=\u00bb20px|20px|20px|20px|true|true\u00bb animation_style=\u00bbfade\u00bb hover_enabled=\u00bb0&#8243; box_shadow_style=\u00bbpreset1&#8243; box_shadow_vertical=\u00bb10px\u00bb box_shadow_blur=\u00bb24px\u00bb box_shadow_spread=\u00bb6px\u00bb box_shadow_color=\u00bbrgba(0,0,0,0.06)\u00bb icon_hover_color=\u00bb#353740&#8243; global_colors_info=\u00bb{}\u00bb icon_color__hover=\u00bb#353740&#8243; icon_color__hover_enabled=\u00bbon\u00bb link_option_url=\u00bbhttps:\/\/www.tutelaminorum.va\/es\/la-comision\/antiguos-miembros-de-la-comision\/peter-saunders\/\u00bb sticky_enabled=\u00bb0&#8243;]<\/p>\n<p>Superviviente de abusos sexuales a menores. Fundador de la National Association for People Abused in Childhood (NAPAC).<\/p>\n<p>[\/et_pb_team_member][\/et_pb_column][et_pb_column type=\u00bb1_3&#8243; _builder_version=\u00bb3.25&#8243; custom_padding=\u00bb|||\u00bb global_colors_info=\u00bb{}\u00bb custom_padding__hover=\u00bb|||\u00bb][et_pb_team_member name=\u00bbPh.D. Krysten WINTER-GREEN\u00bb position=\u00bbNueva Zelanda\u00bb image_url=\u00bbhttps:\/\/www.tutelaminorum.va\/wp-content\/uploads\/2021\/01\/2.png\u00bb icon_color=\u00bb#f0c12a\u00bb _builder_version=\u00bb4.11.2&#8243; header_font=\u00bb|600|||||||\u00bb header_text_color=\u00bb#2b517e\u00bb header_font_size=\u00bb18px\u00bb body_font=\u00bbOpen Sans||||||||\u00bb body_text_align=\u00bbleft\u00bb position_font=\u00bbOpen Sans|600|||||||\u00bb position_text_color=\u00bb#f0c12a\u00bb background_color=\u00bb#ffffff\u00bb text_orientation=\u00bbcenter\u00bb max_width=\u00bb360px\u00bb module_alignment=\u00bbcenter\u00bb custom_margin=\u00bb|||\u00bb custom_padding=\u00bb20px|20px|20px|20px|true|true\u00bb animation_style=\u00bbfade\u00bb hover_enabled=\u00bb0&#8243; box_shadow_style=\u00bbpreset1&#8243; box_shadow_vertical=\u00bb10px\u00bb box_shadow_blur=\u00bb24px\u00bb box_shadow_spread=\u00bb6px\u00bb box_shadow_color=\u00bbrgba(0,0,0,0.06)\u00bb icon_hover_color=\u00bb#353740&#8243; global_colors_info=\u00bb{}\u00bb icon_color__hover=\u00bb#353740&#8243; icon_color__hover_enabled=\u00bbon\u00bb link_option_url=\u00bbhttps:\/\/www.tutelaminorum.va\/es\/la-comision\/antiguos-miembros-de-la-comision\/dr-krysten-winter-green\/\u00bb sticky_enabled=\u00bb0&#8243;]<\/p>\n<p>Neozelandesa que actualmente vive en los EE.UU. y que mantiene una pr\u00e1ctica privada especializada en el SIDA pedi\u00e1trico, adem\u00e1s del abuso sexual infantil con una concentraci\u00f3n en la medicina forense, la evaluaci\u00f3n de diagn\u00f3stico y el tratamiento con una poblaci\u00f3n objetivo de los sacerdotes\/cl\u00e9rigos agresores.<\/p>\n<p>[\/et_pb_team_member][\/et_pb_column][et_pb_column type=\u00bb1_3&#8243; _builder_version=\u00bb3.25&#8243; custom_padding=\u00bb|||\u00bb global_colors_info=\u00bb{}\u00bb custom_padding__hover=\u00bb|||\u00bb][\/et_pb_column][\/et_pb_row][\/et_pb_section]<\/p>\n","protected":false},"excerpt":{"rendered":"<p>La Comisi\u00f3nANTIGUOS MIEMBROS DE LA COMISI\u00d3NConsultora en psiquiatr\u00eda de ni\u00f1os y adolescentes, y psicoterapeutaFundadora de la Fundaci\u00f3n Marie CollinsPar de la C\u00e1mara de los Lores, Presidenta del Consejo Cient\u00edfico de la Asociaci\u00f3n M\u00e9dica Brit\u00e1nica,Directora de Bienestar de Catholic Care en la Di\u00f3cesis de WollongongDirector de la Oficina Nacional de Normas Profesionales de la Iglesia Cat\u00f3lica [&hellip;]<\/p>\n","protected":false},"author":1,"featured_media":0,"parent":6737,"menu_order":0,"comment_status":"closed","ping_status":"closed","template":"","meta":{"_seopress_robots_primary_cat":"","_seopress_titles_title":"","_seopress_titles_desc":"","_seopress_robots_index":"","_et_pb_use_builder":"on","_et_pb_old_content":"","_et_gb_content_width":"","_uag_custom_page_level_css":"","footnotes":""},"class_list":["post-6753","page","type-page","status-publish","hentry"],"uagb_featured_image_src":{"full":false,"thumbnail":false,"medium":false,"medium_large":false,"large":false,"thumblist":false,"thumbrelated":false,"meccarouselthumb":false,"gridsquare":false,"tileview":false,"1536x1536":false,"2048x2048":false,"et-pb-post-main-image":false,"et-pb-post-main-image-fullwidth":false,"et-pb-portfolio-image":false,"et-pb-portfolio-module-image":false,"et-pb-portfolio-image-single":false,"et-pb-gallery-module-image-portrait":false,"et-pb-post-main-image-fullwidth-large":false,"et-pb-image--responsive--desktop":false,"et-pb-image--responsive--tablet":false,"et-pb-image--responsive--phone":false,"mailpoet_newsletter_max":false},"uagb_author_info":{"display_name":"administrator@tutelaminorum.va","author_link":"https:\/\/www.tutelaminorum.va\/es\/author\/administratortutelaminorum-va\/"},"uagb_comment_info":0,"uagb_excerpt":"La Comisi\u00f3nANTIGUOS MIEMBROS DE LA COMISI\u00d3NConsultora en psiquiatr\u00eda de ni\u00f1os y adolescentes, y psicoterapeutaFundadora de la Fundaci\u00f3n Marie CollinsPar de la C\u00e1mara de los Lores, Presidenta del Consejo Cient\u00edfico de la Asociaci\u00f3n M\u00e9dica Brit\u00e1nica,Directora de Bienestar de Catholic Care en la Di\u00f3cesis de WollongongDirector de la Oficina Nacional de Normas Profesionales de la Iglesia Cat\u00f3lica&hellip;","_links":{"self":[{"href":"https:\/\/www.tutelaminorum.va\/es\/wp-json\/wp\/v2\/pages\/6753","targetHints":{"allow":["GET"]}}],"collection":[{"href":"https:\/\/www.tutelaminorum.va\/es\/wp-json\/wp\/v2\/pages"}],"about":[{"href":"https:\/\/www.tutelaminorum.va\/es\/wp-json\/wp\/v2\/types\/page"}],"author":[{"embeddable":true,"href":"https:\/\/www.tutelaminorum.va\/es\/wp-json\/wp\/v2\/users\/1"}],"replies":[{"embeddable":true,"href":"https:\/\/www.tutelaminorum.va\/es\/wp-json\/wp\/v2\/comments?post=6753"}],"version-history":[{"count":0,"href":"https:\/\/www.tutelaminorum.va\/es\/wp-json\/wp\/v2\/pages\/6753\/revisions"}],"up":[{"embeddable":true,"href":"https:\/\/www.tutelaminorum.va\/es\/wp-json\/wp\/v2\/pages\/6737"}],"wp:attachment":[{"href":"https:\/\/www.tutelaminorum.va\/es\/wp-json\/wp\/v2\/media?parent=6753"}],"curies":[{"name":"wp","href":"https:\/\/api.w.org\/{rel}","templated":true}]}}