{"id":6763,"date":"2020-09-12T09:01:19","date_gmt":"2020-09-12T07:01:19","guid":{"rendered":"https:\/\/www.tutelaminorum.va\/la-comision\/mons-luis-manuel-ali-herrera\/"},"modified":"2021-05-17T21:05:16","modified_gmt":"2021-05-17T19:05:16","slug":"mons-luis-manuel-ali-herrera","status":"publish","type":"page","link":"https:\/\/www.tutelaminorum.va\/es\/la-comision\/mons-luis-manuel-ali-herrera\/","title":{"rendered":"MONS. LUIS MANUEL ALI HERRERA"},"content":{"rendered":"\n[et_pb_section fb_built=\u00bb1&#8243; custom_padding_last_edited=\u00bbon|phone\u00bb next_background_color=\u00bb#ffffff\u00bb admin_label=\u00bbHero\u00bb _builder_version=\u00bb4.6.6&#8243; background_image=\u00bbhttps:\/\/www.tutelaminorum.va\/wp-content\/uploads\/2020\/09\/commission-completa.png\u00bb custom_padding=\u00bb30px||100px||false|false\u00bb custom_padding_tablet=\u00bb\u00bb custom_padding_phone=\u00bb||63px||false|false\u00bb bottom_divider_style=\u00bbcurve2&#8243; bottom_divider_arrangement=\u00bbabove_content\u00bb bottom_divider_height_tablet=\u00bb\u00bb bottom_divider_height_phone=\u00bb50px\u00bb bottom_divider_height_last_edited=\u00bbon|phone\u00bb hover_enabled=\u00bb0&#8243; global_module=\u00bb2755&#8243; custom_margin_last_edited=\u00bbon|phone\u00bb custom_margin=\u00bb||50px||false|false\u00bb sticky_enabled=\u00bb0&#8243; custom_margin_phone=\u00bb||30px||false|false\u00bb][et_pb_row column_structure=\u00bb1_4,1_2,1_4&#8243; custom_padding_last_edited=\u00bbon|phone\u00bb _builder_version=\u00bb4.6.1&#8243; background_size=\u00bbinitial\u00bb background_position=\u00bbtop_left\u00bb background_repeat=\u00bbrepeat\u00bb width_tablet=\u00bb\u00bb width_phone=\u00bb60%\u00bb width_last_edited=\u00bbon|phone\u00bb custom_margin_tablet=\u00bb\u00bb custom_margin_phone=\u00bb40px||0px||false|false\u00bb custom_margin_last_edited=\u00bbon|phone\u00bb custom_padding=\u00bb|||\u00bb custom_padding_tablet=\u00bb\u00bb custom_padding_phone=\u00bb0px||0px||false|false\u00bb animation_style=\u00bbslide\u00bb animation_direction=\u00bbtop\u00bb animation_intensity_slide=\u00bb3%\u00bb module_alignment_tablet=\u00bb\u00bb module_alignment_phone=\u00bbright\u00bb module_alignment_last_edited=\u00bbon|phone\u00bb][et_pb_column type=\u00bb1_4&#8243; _builder_version=\u00bb3.25&#8243; custom_padding=\u00bb|||\u00bb custom_padding__hover=\u00bb|||\u00bb][et_pb_divider show_divider=\u00bboff\u00bb disabled_on=\u00bbon|on|off%22&#8243; _builder_version=\u00bb3.2&#8243; max_width=\u00bb120px\u00bb animation_style=\u00bbslide\u00bb animation_direction=\u00bbtop\u00bb animation_intensity_slide=\u00bb30%\u00bb][\/et_pb_divider][\/et_pb_column][et_pb_column type=\u00bb1_2&#8243; _builder_version=\u00bb3.25&#8243; custom_padding=\u00bb|||\u00bb custom_padding__hover=\u00bb|||\u00bb][\/et_pb_column][et_pb_column type=\u00bb1_4&#8243; _builder_version=\u00bb3.25&#8243; custom_padding=\u00bb|||\u00bb custom_padding__hover=\u00bb|||\u00bb][et_pb_text _builder_version=\u00bb4.6.6&#8243; text_font=\u00bb||||||||\u00bb header_font=\u00bb|700||on|||||dotted\u00bb header_text_align=\u00bbcenter\u00bb header_text_color=\u00bb#ffffff\u00bb header_font_size=\u00bb16px\u00bb header_line_height=\u00bb1.3em\u00bb background_color=\u00bb#f0c12a\u00bb background_size=\u00bbinitial\u00bb background_position=\u00bbtop_left\u00bb background_repeat=\u00bbrepeat\u00bb custom_margin=\u00bb-59px||0px||false|false\u00bb custom_margin_tablet=\u00bb\u00bb custom_margin_phone=\u00bb50px||||false|false\u00bb custom_margin_last_edited=\u00bbon|phone\u00bb custom_padding=\u00bb14px|20%|2px||false|false\u00bb custom_padding_tablet=\u00bb\u00bb custom_padding_phone=\u00bb10px|1%|0px||false|false\u00bb custom_padding_last_edited=\u00bbon|phone\u00bb animation_style=\u00bbfade\u00bb link_option_url=\u00bbhttps:\/\/tutelaminorum.va\/the-commission\u00bb header_font_size_tablet=\u00bb\u00bb header_font_size_phone=\u00bb16px\u00bb header_font_size_last_edited=\u00bbon|phone\u00bb locked=\u00bboff\u00bb]<h1>La Comisi\u00f3n<\/h1>[\/et_pb_text][\/et_pb_column][\/et_pb_row][\/et_pb_section][et_pb_section fb_built=\u00bb1&#8243; _builder_version=\u00bb4.6.1&#8243; _module_preset=\u00bbdefault\u00bb custom_margin=\u00bb-1px|||||\u00bb custom_padding=\u00bb0px||0px|||\u00bb][et_pb_row column_structure=\u00bb2_5,3_5&#8243; use_custom_gutter=\u00bbon\u00bb gutter_width=\u00bb1&#8243; _builder_version=\u00bb4.6.1&#8243; _module_preset=\u00bbdefault\u00bb width=\u00bb100%\u00bb max_width=\u00bb80%\u00bb custom_padding=\u00bb0px||30px||false|false\u00bb border_width_bottom=\u00bb2px\u00bb border_color_bottom=\u00bb#f0c12a\u00bb][et_pb_column type=\u00bb2_5&#8243; _builder_version=\u00bb4.6.1&#8243; _module_preset=\u00bbdefault\u00bb][et_pb_image src=\u00bbhttps:\/\/www.tutelaminorum.va\/wp-content\/uploads\/2020\/09\/luis.jpg\u00bb title_text=\u00bbluis\u00bb align_tablet=\u00bb\u00bb align_phone=\u00bbleft\u00bb align_last_edited=\u00bbon|phone\u00bb _builder_version=\u00bb4.6.1&#8243; _module_preset=\u00bbdefault\u00bb background_color=\u00bb#2b517e\u00bb width=\u00bb75%\u00bb max_width=\u00bb75%\u00bb module_alignment=\u00bbcenter\u00bb custom_margin=\u00bb||||false|false\u00bb custom_padding=\u00bb||||false|false\u00bb module_alignment_tablet=\u00bb\u00bb module_alignment_phone=\u00bbleft\u00bb module_alignment_last_edited=\u00bbon|phone\u00bb][\/et_pb_image][\/et_pb_column][et_pb_column type=\u00bb3_5&#8243; _builder_version=\u00bb4.6.1&#8243; _module_preset=\u00bbdefault\u00bb][et_pb_text _builder_version=\u00bb4.6.1&#8243; _module_preset=\u00bbdefault\u00bb header_2_font=\u00bb|600|||||||\u00bb header_2_text_color=\u00bb#2b517e\u00bb header_2_font_size=\u00bb27px\u00bb header_3_font=\u00bb|600|||||||\u00bb header_3_text_color=\u00bb#f0c12a\u00bb header_3_font_size=\u00bb20px\u00bb custom_margin=\u00bb20px||||false|false\u00bb custom_padding=\u00bb||||false|false\u00bb]<h2 style=\"text-align: left;\">MONS. LUIS MANUEL ALI HERRERA<\/h2>\n<h3>Colombia<\/h3>\n<p><strong>Obispo Auxiliar, Psic\u00f3logo<\/strong><\/p>\n<p><strong>Vicario General del Centro de Comuni\u00f3n y Participaci\u00f3n de la Arquidi\u00f3cesis de Bogot\u00e1, responsable de las comunidades religiosas, movimientos laicos y de la formaci\u00f3n inicial y permanente de los sacerdotes diocesanos.<\/strong> <\/p>\n<p>Monse\u00f1or Al\u00ed Herrera fue director del \u00c1rea de Orientaci\u00f3n Psicol\u00f3gica del Seminario Conciliar de la Arquidi\u00f3cesis de Bogot\u00e1 (2007 &#8211; 2015), donde tambi\u00e9n ense\u00f1\u00f3 psicolog\u00eda del desarrollo humano, psicolog\u00eda social y psicolog\u00eda pastoral.<\/p>\n<p>Naci\u00f3 en Barranquilla, Colombia, en 1967, y asisti\u00f3 al Seminario Conciliar de Bogot\u00e1 siendo ordenado sacerdote en 1992.<\/p>\n<p>Tras graduarse en teolog\u00eda en la Pontificia Universidad Javeriana de Bogot\u00e1 (2003), obtuvo la licenciatura en psicolog\u00eda en la Pontificia Universidad Gregoriana de Roma (2007). Es asociado principal del Colegio Colombiano de Psic\u00f3logos.<\/p>\n<p>En 2015, el Papa Francisco lo nombr\u00f3 Obispo Auxiliar de la Arquidi\u00f3cesis de Bogot\u00e1, y Obispo Titular de Giubalziana. Su consagraci\u00f3n episcopal tuvo lugar en la catedral de Bogot\u00e1 el 12 de diciembre de 2015. En 2018 fue nombrado para un segundo mandato en la Comisi\u00f3n Pontificia para la Protecci\u00f3n de los Menores.<\/p>[\/et_pb_text][\/et_pb_column][\/et_pb_row][\/et_pb_section][et_pb_section fb_built=\u00bb1&#8243; admin_label=\u00bbOur Teachers Section\u00bb _builder_version=\u00bb3.22&#8243; background_color=\u00bb#fafbfc\u00bb custom_padding=\u00bb27px|0px|11px|0px||\u00bb][et_pb_row use_custom_gutter=\u00bbon\u00bb gutter_width=\u00bb2&#8243; custom_padding_last_edited=\u00bbon|desktop\u00bb _builder_version=\u00bb3.25&#8243; custom_padding=\u00bb9px|||||\u00bb custom_padding_tablet=\u00bb0px||0px|\u00bb custom_padding_phone=\u00bb\u00bb locked=\u00bboff\u00bb][et_pb_column type=\u00bb4_4&#8243; _builder_version=\u00bb3.25&#8243; custom_padding=\u00bb|||\u00bb custom_padding__hover=\u00bb|||\u00bb][et_pb_blog fullwidth=\u00bboff\u00bb posts_number=\u00bb16&#8243; include_categories=\u00bb48&#8243; show_author=\u00bboff\u00bb show_categories=\u00bboff\u00bb _builder_version=\u00bb4.6.6&#8243; _module_preset=\u00bbdefault\u00bb header_font=\u00bb||||||||\u00bb header_font_size=\u00bb20px\u00bb header_line_height=\u00bb1.3em\u00bb body_font_size=\u00bb14px\u00bb meta_font=\u00bb|600|||||||\u00bb meta_text_color=\u00bb#f0c12a\u00bb meta_font_size=\u00bb13px\u00bb meta_line_height=\u00bb1.5em\u00bb header_font_tablet=\u00bb\u00bb header_font_phone=\u00bb|600|||||||\u00bb header_font_last_edited=\u00bbon|desktop\u00bb header_font_size_tablet=\u00bb\u00bb header_font_size_phone=\u00bb18px\u00bb header_font_size_last_edited=\u00bbon|phone\u00bb border_color_all=\u00bb#eeeeee\u00bb][\/et_pb_blog][\/et_pb_column][\/et_pb_row][\/et_pb_section]\n","protected":false},"excerpt":{"rendered":"<p>La Comisi\u00f3nMONS. LUIS MANUEL ALI HERRERA Colombia Obispo Auxiliar, Psic\u00f3logo Vicario General del Centro de Comuni\u00f3n y Participaci\u00f3n de la Arquidi\u00f3cesis de Bogot\u00e1, responsable de las comunidades religiosas, movimientos laicos y de la formaci\u00f3n inicial y permanente de los sacerdotes diocesanos. Monse\u00f1or Al\u00ed Herrera fue director del \u00c1rea de Orientaci\u00f3n Psicol\u00f3gica del Seminario Conciliar de [&hellip;]<\/p>\n","protected":false},"author":1,"featured_media":1999,"parent":6737,"menu_order":0,"comment_status":"closed","ping_status":"closed","template":"","meta":{"_seopress_robots_primary_cat":"","_seopress_titles_title":"","_seopress_titles_desc":"","_seopress_robots_index":"","_et_pb_use_builder":"on","_et_pb_old_content":"","_et_gb_content_width":"","_uag_custom_page_level_css":"","footnotes":""},"class_list":["post-6763","page","type-page","status-publish","has-post-thumbnail","hentry"],"uagb_featured_image_src":{"full":["https:\/\/www.tutelaminorum.va\/wp-content\/uploads\/2020\/09\/luis-1.jpg",500,500,false],"thumbnail":["https:\/\/www.tutelaminorum.va\/wp-content\/uploads\/2020\/09\/luis-1-150x150.jpg",150,150,true],"medium":["https:\/\/www.tutelaminorum.va\/wp-content\/uploads\/2020\/09\/luis-1-300x300.jpg",300,300,true],"medium_large":["https:\/\/www.tutelaminorum.va\/wp-content\/uploads\/2020\/09\/luis-1.jpg",500,500,false],"large":["https:\/\/www.tutelaminorum.va\/wp-content\/uploads\/2020\/09\/luis-1.jpg",500,500,false],"thumblist":["https:\/\/www.tutelaminorum.va\/wp-content\/uploads\/2020\/09\/luis-1-300x300.jpg",300,300,true],"thumbrelated":["https:\/\/www.tutelaminorum.va\/wp-content\/uploads\/2020\/09\/luis-1.jpg",500,500,false],"meccarouselthumb":["https:\/\/www.tutelaminorum.va\/wp-content\/uploads\/2020\/09\/luis-1-474x324.jpg",474,324,true],"gridsquare":["https:\/\/www.tutelaminorum.va\/wp-content\/uploads\/2020\/09\/luis-1-391x260.jpg",391,260,true],"tileview":["https:\/\/www.tutelaminorum.va\/wp-content\/uploads\/2020\/09\/luis-1-300x400.jpg",300,400,true],"1536x1536":["https:\/\/www.tutelaminorum.va\/wp-content\/uploads\/2020\/09\/luis-1.jpg",500,500,false],"2048x2048":["https:\/\/www.tutelaminorum.va\/wp-content\/uploads\/2020\/09\/luis-1.jpg",500,500,false],"et-pb-post-main-image":["https:\/\/www.tutelaminorum.va\/wp-content\/uploads\/2020\/09\/luis-1-400x250.jpg",400,250,true],"et-pb-post-main-image-fullwidth":["https:\/\/www.tutelaminorum.va\/wp-content\/uploads\/2020\/09\/luis-1.jpg",500,500,false],"et-pb-portfolio-image":["https:\/\/www.tutelaminorum.va\/wp-content\/uploads\/2020\/09\/luis-1-400x284.jpg",400,284,true],"et-pb-portfolio-module-image":["https:\/\/www.tutelaminorum.va\/wp-content\/uploads\/2020\/09\/luis-1-500x382.jpg",500,382,true],"et-pb-portfolio-image-single":["https:\/\/www.tutelaminorum.va\/wp-content\/uploads\/2020\/09\/luis-1.jpg",500,500,false],"et-pb-gallery-module-image-portrait":["https:\/\/www.tutelaminorum.va\/wp-content\/uploads\/2020\/09\/luis-1-400x500.jpg",400,500,true],"et-pb-post-main-image-fullwidth-large":["https:\/\/www.tutelaminorum.va\/wp-content\/uploads\/2020\/09\/luis-1.jpg",500,500,false],"et-pb-image--responsive--desktop":["https:\/\/www.tutelaminorum.va\/wp-content\/uploads\/2020\/09\/luis-1.jpg",500,500,false],"et-pb-image--responsive--tablet":["https:\/\/www.tutelaminorum.va\/wp-content\/uploads\/2020\/09\/luis-1.jpg",500,500,false],"et-pb-image--responsive--phone":["https:\/\/www.tutelaminorum.va\/wp-content\/uploads\/2020\/09\/luis-1-480x480.jpg",270,270,true],"mailpoet_newsletter_max":["https:\/\/www.tutelaminorum.va\/wp-content\/uploads\/2020\/09\/luis-1.jpg",500,500,false]},"uagb_author_info":{"display_name":"administrator@tutelaminorum.va","author_link":"https:\/\/www.tutelaminorum.va\/es\/author\/administratortutelaminorum-va\/"},"uagb_comment_info":0,"uagb_excerpt":"La Comisi\u00f3nMONS. LUIS MANUEL ALI HERRERA Colombia Obispo Auxiliar, Psic\u00f3logo Vicario General del Centro de Comuni\u00f3n y Participaci\u00f3n de la Arquidi\u00f3cesis de Bogot\u00e1, responsable de las comunidades religiosas, movimientos laicos y de la formaci\u00f3n inicial y permanente de los sacerdotes diocesanos. Monse\u00f1or Al\u00ed Herrera fue director del \u00c1rea de Orientaci\u00f3n Psicol\u00f3gica del Seminario Conciliar de&hellip;","_links":{"self":[{"href":"https:\/\/www.tutelaminorum.va\/es\/wp-json\/wp\/v2\/pages\/6763","targetHints":{"allow":["GET"]}}],"collection":[{"href":"https:\/\/www.tutelaminorum.va\/es\/wp-json\/wp\/v2\/pages"}],"about":[{"href":"https:\/\/www.tutelaminorum.va\/es\/wp-json\/wp\/v2\/types\/page"}],"author":[{"embeddable":true,"href":"https:\/\/www.tutelaminorum.va\/es\/wp-json\/wp\/v2\/users\/1"}],"replies":[{"embeddable":true,"href":"https:\/\/www.tutelaminorum.va\/es\/wp-json\/wp\/v2\/comments?post=6763"}],"version-history":[{"count":0,"href":"https:\/\/www.tutelaminorum.va\/es\/wp-json\/wp\/v2\/pages\/6763\/revisions"}],"up":[{"embeddable":true,"href":"https:\/\/www.tutelaminorum.va\/es\/wp-json\/wp\/v2\/pages\/6737"}],"wp:featuredmedia":[{"embeddable":true,"href":"https:\/\/www.tutelaminorum.va\/es\/wp-json\/wp\/v2\/media\/1999"}],"wp:attachment":[{"href":"https:\/\/www.tutelaminorum.va\/es\/wp-json\/wp\/v2\/media?parent=6763"}],"curies":[{"name":"wp","href":"https:\/\/api.w.org\/{rel}","templated":true}]}}