{"id":6825,"date":"2020-09-15T09:39:04","date_gmt":"2020-09-15T07:39:04","guid":{"rendered":"https:\/\/www.tutelaminorum.va\/la-comision\/teresa-morris-kettelkamp\/"},"modified":"2021-05-17T22:36:47","modified_gmt":"2021-05-17T20:36:47","slug":"teresa-morris-kettelkamp","status":"publish","type":"page","link":"https:\/\/www.tutelaminorum.va\/es\/la-comision\/teresa-morris-kettelkamp\/","title":{"rendered":"Teresa Morris KETTELKAMP"},"content":{"rendered":"\n[et_pb_section fb_built=\u00bb1&#8243; custom_padding_last_edited=\u00bbon|phone\u00bb next_background_color=\u00bb#ffffff\u00bb admin_label=\u00bbHero\u00bb _builder_version=\u00bb4.7.7&#8243; background_image=\u00bbhttps:\/\/www.tutelaminorum.va\/wp-content\/uploads\/2021\/01\/commission_300dpi_2.png\u00bb custom_margin=\u00bb||50px||false|false\u00bb custom_margin_tablet=\u00bb\u00bb custom_margin_phone=\u00bb||30px||false|false\u00bb custom_margin_last_edited=\u00bbon|phone\u00bb custom_padding=\u00bb30px||100px||false|false\u00bb custom_padding_tablet=\u00bb\u00bb custom_padding_phone=\u00bb||63px||false|false\u00bb bottom_divider_style=\u00bbcurve2&#8243; bottom_divider_arrangement=\u00bbabove_content\u00bb bottom_divider_height_tablet=\u00bb\u00bb bottom_divider_height_phone=\u00bb50px\u00bb bottom_divider_height_last_edited=\u00bbon|phone\u00bb global_module=\u00bb2755&#8243; saved_tabs=\u00bball\u00bb][et_pb_row column_structure=\u00bb1_4,1_2,1_4&#8243; custom_padding_last_edited=\u00bbon|phone\u00bb _builder_version=\u00bb4.6.1&#8243; background_size=\u00bbinitial\u00bb background_position=\u00bbtop_left\u00bb background_repeat=\u00bbrepeat\u00bb width_tablet=\u00bb\u00bb width_phone=\u00bb60%\u00bb width_last_edited=\u00bbon|phone\u00bb custom_margin_tablet=\u00bb\u00bb custom_margin_phone=\u00bb40px||0px||false|false\u00bb custom_margin_last_edited=\u00bbon|phone\u00bb custom_padding=\u00bb|||\u00bb custom_padding_tablet=\u00bb\u00bb custom_padding_phone=\u00bb0px||0px||false|false\u00bb animation_style=\u00bbslide\u00bb animation_direction=\u00bbtop\u00bb animation_intensity_slide=\u00bb3%\u00bb module_alignment_tablet=\u00bb\u00bb module_alignment_phone=\u00bbright\u00bb module_alignment_last_edited=\u00bbon|phone\u00bb][et_pb_column type=\u00bb1_4&#8243; _builder_version=\u00bb3.25&#8243; custom_padding=\u00bb|||\u00bb custom_padding__hover=\u00bb|||\u00bb][et_pb_divider show_divider=\u00bboff\u00bb disabled_on=\u00bbon|on|off%22&#8243; _builder_version=\u00bb3.2&#8243; max_width=\u00bb120px\u00bb animation_style=\u00bbslide\u00bb animation_direction=\u00bbtop\u00bb animation_intensity_slide=\u00bb30%\u00bb][\/et_pb_divider][\/et_pb_column][et_pb_column type=\u00bb1_2&#8243; _builder_version=\u00bb3.25&#8243; custom_padding=\u00bb|||\u00bb custom_padding__hover=\u00bb|||\u00bb][\/et_pb_column][et_pb_column type=\u00bb1_4&#8243; _builder_version=\u00bb3.25&#8243; custom_padding=\u00bb|||\u00bb custom_padding__hover=\u00bb|||\u00bb][et_pb_text _builder_version=\u00bb4.7.7&#8243; text_font=\u00bb||||||||\u00bb header_font=\u00bb|700||on|||||dotted\u00bb header_text_align=\u00bbcenter\u00bb header_text_color=\u00bb#ffffff\u00bb header_font_size=\u00bb16px\u00bb header_line_height=\u00bb1.3em\u00bb background_color=\u00bb#f0c12a\u00bb background_size=\u00bbinitial\u00bb background_position=\u00bbtop_left\u00bb background_repeat=\u00bbrepeat\u00bb custom_margin=\u00bb-59px||0px||false|false\u00bb custom_margin_tablet=\u00bb\u00bb custom_margin_phone=\u00bb50px||||false|false\u00bb custom_margin_last_edited=\u00bbon|phone\u00bb custom_padding=\u00bb14px|20%|2px||false|false\u00bb custom_padding_tablet=\u00bb\u00bb custom_padding_phone=\u00bb10px|1%|0px||false|false\u00bb custom_padding_last_edited=\u00bbon|phone\u00bb animation_style=\u00bbfade\u00bb link_option_url=\u00bbhttps:\/\/tutelaminorum.va\/the-commission\u00bb header_font_size_tablet=\u00bb\u00bb header_font_size_phone=\u00bb16px\u00bb header_font_size_last_edited=\u00bbon|phone\u00bb locked=\u00bboff\u00bb]<h1>La Comisi\u00f3n<\/h1>[\/et_pb_text][\/et_pb_column][\/et_pb_row][\/et_pb_section][et_pb_section fb_built=\u00bb1&#8243; _builder_version=\u00bb4.6.1&#8243; _module_preset=\u00bbdefault\u00bb custom_margin=\u00bb-1px|||||\u00bb custom_padding=\u00bb0px||0px|||\u00bb][et_pb_row column_structure=\u00bb2_5,3_5&#8243; use_custom_gutter=\u00bbon\u00bb gutter_width=\u00bb1&#8243; _builder_version=\u00bb4.6.1&#8243; _module_preset=\u00bbdefault\u00bb width=\u00bb100%\u00bb max_width=\u00bb80%\u00bb custom_padding=\u00bb0px||30px||false|false\u00bb border_width_bottom=\u00bb2px\u00bb border_color_bottom=\u00bb#f0c12a\u00bb][et_pb_column type=\u00bb2_5&#8243; _builder_version=\u00bb4.6.1&#8243; _module_preset=\u00bbdefault\u00bb][et_pb_image src=\u00bbhttps:\/\/www.tutelaminorum.va\/wp-content\/uploads\/2021\/01\/Progetto-senza-titolo.png\u00bb title_text=\u00bbTeresa Morris KETTELKAMP\u00bb align_tablet=\u00bb\u00bb align_phone=\u00bbleft\u00bb align_last_edited=\u00bbon|phone\u00bb _builder_version=\u00bb4.8.0&#8243; _module_preset=\u00bbdefault\u00bb background_color=\u00bb#2b517e\u00bb width=\u00bb75%\u00bb max_width=\u00bb75%\u00bb module_alignment=\u00bbcenter\u00bb custom_margin=\u00bb||||false|false\u00bb custom_padding=\u00bb||||false|false\u00bb hover_enabled=\u00bb0&#8243; module_alignment_tablet=\u00bb\u00bb module_alignment_phone=\u00bbleft\u00bb module_alignment_last_edited=\u00bbon|phone\u00bb alt=\u00bbTeresa Morris KETTELKAMP\u00bb sticky_enabled=\u00bb0&#8243;][\/et_pb_image][\/et_pb_column][et_pb_column type=\u00bb3_5&#8243; _builder_version=\u00bb4.6.1&#8243; _module_preset=\u00bbdefault\u00bb][et_pb_text _builder_version=\u00bb4.8.0&#8243; _module_preset=\u00bbdefault\u00bb header_2_font=\u00bb|600|||||||\u00bb header_2_text_color=\u00bb#2b517e\u00bb header_2_font_size=\u00bb27px\u00bb header_3_font=\u00bb|600|||||||\u00bb header_3_text_color=\u00bb#f0c12a\u00bb header_3_font_size=\u00bb20px\u00bb custom_margin=\u00bb20px||||false|false\u00bb custom_padding=\u00bb||||false|false\u00bb hover_enabled=\u00bb0&#8243; sticky_enabled=\u00bb0&#8243;]<h2 style=\"text-align: left\">Teresa Morris KETTELKAMP<\/h2>\n<h3>Estados Unidos<\/h3>\n<p><strong>Coronel de polic\u00eda jubilada, Directora Ejecutiva de Salvaguardia de la Conferencia Episcopal de Estados Unidos. <\/strong><\/p>\n<p><strong>Ex coronel de la polic\u00eda del estado de Illinois. Experta en pol\u00edticas y directrices para la protecci\u00f3n de menores y adultos vulnerables. Ex director ejecutivo de la Secretar\u00eda de Protecci\u00f3n de la Infancia y la Juventud de la USCCB.<\/strong><\/p>\n<p><span style=\"font-weight: 400\">Teresa M. Kettelkamp se retir\u00f3 de la Polic\u00eda Estatal de Illinois despu\u00e9s de 29 a\u00f1os con el rango de Coronel. En el momento de su jubilaci\u00f3n, dirig\u00eda la Divisi\u00f3n de Servicios Forenses del ISP: laboratorios de criminal\u00edstica y servicios en la escena del crimen.<\/span><\/p>\n<p><span style=\"font-weight: 400\">Anteriormente, dirigi\u00f3 la Divisi\u00f3n de Investigaci\u00f3n Interna del ISP, que era responsable de la investigaci\u00f3n de las denuncias de mala conducta dentro del ISP, as\u00ed como en las agencias, juntas y comisiones bajo la rama ejecutiva del gobierno del estado de Illinois.<\/span><\/p>\n<p><span style=\"font-weight: 400\">Teresa Kettelkamp se retir\u00f3 del ISP para trabajar en Gavin Group, Inc. en la realizaci\u00f3n de las primeras auditor\u00edas anuales e<\/span><i><span style=\"font-weight: 400\">de cumplimiento de la Carta para la Protecci\u00f3n de Ni\u00f1os y J\u00f3venes. <\/span><\/i><span style=\"font-weight: 400\">. <\/span> <\/p>\n<p><span style=\"font-weight: 400\">En 2005 fue nombrada Directora Ejecutiva de la Secretar\u00eda de Protecci\u00f3n de la Infancia y la Juventud de la Conferencia Episcopal de Estados Unidos. Renunci\u00f3 a la Secretar\u00eda de Protecci\u00f3n de la Infancia y la Juventud en 2011 para realizar trabajos de consultor\u00eda.<\/span><\/p>\n<p><span style=\"font-weight: 400\">En enero de 2016, Teresa Kettelkamp se traslad\u00f3 a Roma para trabajar en la Comisi\u00f3n Pontificia para la Protecci\u00f3n de Menores. Su enfoque en la CPPM fue trabajar en las directrices universales para la protecci\u00f3n de los menores y adultos vulnerables, as\u00ed como la curaci\u00f3n y el cuidado de las v\u00edctimas y sobrevivientes. <\/span><\/p>\n<p><span style=\"font-weight: 400\">En 2018, el Papa Francisco la nombr\u00f3 miembro de la Comisi\u00f3n Pontificia para la Protecci\u00f3n de los Menores. Act\u00faa como moderadora del grupo de trabajo centrado en la curaci\u00f3n de los supervivientes, as\u00ed como en la integraci\u00f3n de sus voces en el ministerio de la Iglesia.<\/span><\/p>[\/et_pb_text][\/et_pb_column][\/et_pb_row][\/et_pb_section][et_pb_section fb_built=\u00bb1&#8243; admin_label=\u00bbOur Teachers Section\u00bb _builder_version=\u00bb3.22&#8243; background_color=\u00bb#fafbfc\u00bb custom_padding=\u00bb27px|0px|11px|0px||\u00bb][et_pb_row use_custom_gutter=\u00bbon\u00bb gutter_width=\u00bb2&#8243; custom_padding_last_edited=\u00bbon|desktop\u00bb _builder_version=\u00bb3.25&#8243; custom_padding=\u00bb9px|||||\u00bb custom_padding_tablet=\u00bb0px||0px|\u00bb custom_padding_phone=\u00bb\u00bb locked=\u00bboff\u00bb][et_pb_column type=\u00bb4_4&#8243; _builder_version=\u00bb3.25&#8243; custom_padding=\u00bb|||\u00bb custom_padding__hover=\u00bb|||\u00bb][et_pb_blog fullwidth=\u00bboff\u00bb posts_number=\u00bb16&#8243; include_categories=\u00bb45&#8243; show_author=\u00bboff\u00bb show_categories=\u00bboff\u00bb _builder_version=\u00bb4.6.6&#8243; _module_preset=\u00bbdefault\u00bb header_font=\u00bb||||||||\u00bb header_font_size=\u00bb20px\u00bb header_line_height=\u00bb1.3em\u00bb body_font_size=\u00bb14px\u00bb meta_font=\u00bb|600|||||||\u00bb meta_text_color=\u00bb#f0c12a\u00bb meta_font_size=\u00bb13px\u00bb meta_line_height=\u00bb1.5em\u00bb header_font_tablet=\u00bb\u00bb header_font_phone=\u00bb|600|||||||\u00bb header_font_last_edited=\u00bbon|desktop\u00bb header_font_size_tablet=\u00bb\u00bb header_font_size_phone=\u00bb18px\u00bb header_font_size_last_edited=\u00bbon|phone\u00bb border_color_all=\u00bb#eeeeee\u00bb][\/et_pb_blog][\/et_pb_column][\/et_pb_row][\/et_pb_section]\n","protected":false},"excerpt":{"rendered":"<p>La Comisi\u00f3nTeresa Morris KETTELKAMP Estados Unidos Coronel de polic\u00eda jubilada, Directora Ejecutiva de Salvaguardia de la Conferencia Episcopal de Estados Unidos. Ex coronel de la polic\u00eda del estado de Illinois. Experta en pol\u00edticas y directrices para la protecci\u00f3n de menores y adultos vulnerables. Ex director ejecutivo de la Secretar\u00eda de Protecci\u00f3n de la Infancia y [&hellip;]<\/p>\n","protected":false},"author":1,"featured_media":0,"parent":6737,"menu_order":0,"comment_status":"closed","ping_status":"closed","template":"","meta":{"_seopress_robots_primary_cat":"","_seopress_titles_title":"","_seopress_titles_desc":"","_seopress_robots_index":"","_et_pb_use_builder":"on","_et_pb_old_content":"","_et_gb_content_width":"","_uag_custom_page_level_css":"","footnotes":""},"class_list":["post-6825","page","type-page","status-publish","hentry"],"uagb_featured_image_src":{"full":false,"thumbnail":false,"medium":false,"medium_large":false,"large":false,"thumblist":false,"thumbrelated":false,"meccarouselthumb":false,"gridsquare":false,"tileview":false,"1536x1536":false,"2048x2048":false,"et-pb-post-main-image":false,"et-pb-post-main-image-fullwidth":false,"et-pb-portfolio-image":false,"et-pb-portfolio-module-image":false,"et-pb-portfolio-image-single":false,"et-pb-gallery-module-image-portrait":false,"et-pb-post-main-image-fullwidth-large":false,"et-pb-image--responsive--desktop":false,"et-pb-image--responsive--tablet":false,"et-pb-image--responsive--phone":false,"mailpoet_newsletter_max":false},"uagb_author_info":{"display_name":"administrator@tutelaminorum.va","author_link":"https:\/\/www.tutelaminorum.va\/es\/author\/administratortutelaminorum-va\/"},"uagb_comment_info":0,"uagb_excerpt":"La Comisi\u00f3nTeresa Morris KETTELKAMP Estados Unidos Coronel de polic\u00eda jubilada, Directora Ejecutiva de Salvaguardia de la Conferencia Episcopal de Estados Unidos. Ex coronel de la polic\u00eda del estado de Illinois. Experta en pol\u00edticas y directrices para la protecci\u00f3n de menores y adultos vulnerables. Ex director ejecutivo de la Secretar\u00eda de Protecci\u00f3n de la Infancia y&hellip;","_links":{"self":[{"href":"https:\/\/www.tutelaminorum.va\/es\/wp-json\/wp\/v2\/pages\/6825","targetHints":{"allow":["GET"]}}],"collection":[{"href":"https:\/\/www.tutelaminorum.va\/es\/wp-json\/wp\/v2\/pages"}],"about":[{"href":"https:\/\/www.tutelaminorum.va\/es\/wp-json\/wp\/v2\/types\/page"}],"author":[{"embeddable":true,"href":"https:\/\/www.tutelaminorum.va\/es\/wp-json\/wp\/v2\/users\/1"}],"replies":[{"embeddable":true,"href":"https:\/\/www.tutelaminorum.va\/es\/wp-json\/wp\/v2\/comments?post=6825"}],"version-history":[{"count":0,"href":"https:\/\/www.tutelaminorum.va\/es\/wp-json\/wp\/v2\/pages\/6825\/revisions"}],"up":[{"embeddable":true,"href":"https:\/\/www.tutelaminorum.va\/es\/wp-json\/wp\/v2\/pages\/6737"}],"wp:attachment":[{"href":"https:\/\/www.tutelaminorum.va\/es\/wp-json\/wp\/v2\/media?parent=6825"}],"curies":[{"name":"wp","href":"https:\/\/api.w.org\/{rel}","templated":true}]}}