{"id":6866,"date":"2020-09-15T08:40:43","date_gmt":"2020-09-15T06:40:43","guid":{"rendered":"https:\/\/www.tutelaminorum.va\/la-comision\/reverendo-dr-hans-zollner-sj\/"},"modified":"2021-10-12T14:35:06","modified_gmt":"2021-10-12T12:35:06","slug":"reverendo-dr-hans-zollner-sj","status":"publish","type":"page","link":"https:\/\/www.tutelaminorum.va\/es\/la-comision\/reverendo-dr-hans-zollner-sj\/","title":{"rendered":"REVERENDO DR. HANS ZOLLNER, SJ"},"content":{"rendered":"<p>[et_pb_section fb_built=\u00bb1&#8243; custom_padding_last_edited=\u00bbon|phone\u00bb next_background_color=\u00bb#ffffff\u00bb admin_label=\u00bbHero\u00bb _builder_version=\u00bb4.7.7&#8243; background_image=\u00bbhttps:\/\/www.tutelaminorum.va\/wp-content\/uploads\/2021\/01\/commission_300dpi_2.png\u00bb custom_margin=\u00bb||50px||false|false\u00bb custom_margin_tablet=\u00bb\u00bb custom_margin_phone=\u00bb||30px||false|false\u00bb custom_margin_last_edited=\u00bbon|phone\u00bb custom_padding=\u00bb30px||100px||false|false\u00bb custom_padding_tablet=\u00bb\u00bb custom_padding_phone=\u00bb||63px||false|false\u00bb bottom_divider_style=\u00bbcurve2&#8243; bottom_divider_arrangement=\u00bbabove_content\u00bb bottom_divider_height_tablet=\u00bb\u00bb bottom_divider_height_phone=\u00bb50px\u00bb bottom_divider_height_last_edited=\u00bbon|phone\u00bb global_module=\u00bb2755&#8243; saved_tabs=\u00bball\u00bb][et_pb_row column_structure=\u00bb1_4,1_2,1_4&#8243; custom_padding_last_edited=\u00bbon|phone\u00bb _builder_version=\u00bb4.6.1&#8243; background_size=\u00bbinitial\u00bb background_position=\u00bbtop_left\u00bb background_repeat=\u00bbrepeat\u00bb width_tablet=\u00bb\u00bb width_phone=\u00bb60%\u00bb width_last_edited=\u00bbon|phone\u00bb custom_margin_tablet=\u00bb\u00bb custom_margin_phone=\u00bb40px||0px||false|false\u00bb custom_margin_last_edited=\u00bbon|phone\u00bb custom_padding=\u00bb|||\u00bb custom_padding_tablet=\u00bb\u00bb custom_padding_phone=\u00bb0px||0px||false|false\u00bb animation_style=\u00bbslide\u00bb animation_direction=\u00bbtop\u00bb animation_intensity_slide=\u00bb3%\u00bb module_alignment_tablet=\u00bb\u00bb module_alignment_phone=\u00bbright\u00bb module_alignment_last_edited=\u00bbon|phone\u00bb][et_pb_column type=\u00bb1_4&#8243; _builder_version=\u00bb3.25&#8243; custom_padding=\u00bb|||\u00bb custom_padding__hover=\u00bb|||\u00bb][et_pb_divider show_divider=\u00bboff\u00bb disabled_on=\u00bbon|on|off%22&#8243; _builder_version=\u00bb3.2&#8243; max_width=\u00bb120px\u00bb animation_style=\u00bbslide\u00bb animation_direction=\u00bbtop\u00bb animation_intensity_slide=\u00bb30%\u00bb][\/et_pb_divider][\/et_pb_column][et_pb_column type=\u00bb1_2&#8243; _builder_version=\u00bb3.25&#8243; custom_padding=\u00bb|||\u00bb custom_padding__hover=\u00bb|||\u00bb][\/et_pb_column][et_pb_column type=\u00bb1_4&#8243; _builder_version=\u00bb3.25&#8243; custom_padding=\u00bb|||\u00bb custom_padding__hover=\u00bb|||\u00bb][et_pb_text _builder_version=\u00bb4.9.4&#8243; text_font=\u00bb||||||||\u00bb header_font=\u00bb|700||on|||||dotted\u00bb header_text_align=\u00bbcenter\u00bb header_text_color=\u00bb#ffffff\u00bb header_font_size=\u00bb16px\u00bb header_line_height=\u00bb1.3em\u00bb background_color=\u00bb#f0c12a\u00bb background_size=\u00bbinitial\u00bb background_position=\u00bbtop_left\u00bb background_repeat=\u00bbrepeat\u00bb custom_margin=\u00bb-59px||0px||false|false\u00bb custom_margin_tablet=\u00bb\u00bb custom_margin_phone=\u00bb50px||||false|false\u00bb custom_margin_last_edited=\u00bbon|phone\u00bb custom_padding=\u00bb14px|20%|2px||false|false\u00bb custom_padding_tablet=\u00bb\u00bb custom_padding_phone=\u00bb10px|1%|0px||false|false\u00bb custom_padding_last_edited=\u00bbon|phone\u00bb animation_style=\u00bbfade\u00bb link_option_url=\u00bbhttps:\/\/tutelaminorum.va\/the-commission\u00bb header_font_size_tablet=\u00bb\u00bb header_font_size_phone=\u00bb16px\u00bb header_font_size_last_edited=\u00bbon|phone\u00bb locked=\u00bboff\u00bb]<\/p>\n<h1>La Comisi\u00f3n<\/h1>\n<p>[\/et_pb_text][\/et_pb_column][\/et_pb_row][\/et_pb_section][et_pb_section fb_built=\u00bb1&#8243; _builder_version=\u00bb4.6.1&#8243; _module_preset=\u00bbdefault\u00bb custom_margin=\u00bb-1px|||||\u00bb custom_padding=\u00bb0px||0px|||\u00bb][et_pb_row column_structure=\u00bb2_5,3_5&#8243; use_custom_gutter=\u00bbon\u00bb gutter_width=\u00bb1&#8243; _builder_version=\u00bb4.9.7&#8243; _module_preset=\u00bbdefault\u00bb width=\u00bb100%\u00bb max_width=\u00bb80%\u00bb custom_padding=\u00bb0px||30px||false|false\u00bb hover_enabled=\u00bb0&#8243; border_width_bottom=\u00bb2px\u00bb border_color_bottom=\u00bb#f0c12a\u00bb sticky_enabled=\u00bb0&#8243;][et_pb_column type=\u00bb2_5&#8243; _builder_version=\u00bb4.6.1&#8243; _module_preset=\u00bbdefault\u00bb][et_pb_image src=\u00bbhttps:\/\/www.tutelaminorum.va\/wp-content\/uploads\/2021\/02\/HZ-photo-2020-07-13-m.jpg\u00bb alt=\u00bbHZ photo 2020-07-13 m\u00bb title_text=\u00bbHZ photo 2020-07-13 m\u00bb align_tablet=\u00bb\u00bb align_phone=\u00bbleft\u00bb align_last_edited=\u00bbon|phone\u00bb _builder_version=\u00bb4.8.2&#8243; _module_preset=\u00bbdefault\u00bb background_color=\u00bb#2b517e\u00bb width=\u00bb75%\u00bb max_width=\u00bb75%\u00bb module_alignment=\u00bbcenter\u00bb custom_margin=\u00bb||||false|false\u00bb custom_padding=\u00bb||||false|false\u00bb module_alignment_tablet=\u00bb\u00bb module_alignment_phone=\u00bbleft\u00bb module_alignment_last_edited=\u00bbon|phone\u00bb][\/et_pb_image][\/et_pb_column][et_pb_column type=\u00bb3_5&#8243; _builder_version=\u00bb4.6.1&#8243; _module_preset=\u00bbdefault\u00bb][et_pb_text _builder_version=\u00bb4.6.1&#8243; _module_preset=\u00bbdefault\u00bb header_2_font=\u00bb|600|||||||\u00bb header_2_text_color=\u00bb#2b517e\u00bb header_2_font_size=\u00bb27px\u00bb header_3_font=\u00bb|600|||||||\u00bb header_3_text_color=\u00bb#f0c12a\u00bb header_3_font_size=\u00bb20px\u00bb custom_margin=\u00bb20px||||false|false\u00bb custom_padding=\u00bb|||4px|false|false\u00bb]<\/p>\n<h2 style=\"text-align: left;\">REVERENDO DR. HANS ZOLLNER, SJ<\/h2>\n<h3>Alemania<\/h3>\n<p><strong>President of the Institute of Anthropology. Interdisciplinary Studies on Human Dignity and Care of the Pontifical Gregorian University (former Centre for Child Protection) and professor of the Institute of Psychology.<\/strong><\/p>\n<p>&nbsp;<\/p>\n<p>El P. Zollner, SJ, naci\u00f3 en 1966 en Ratisbona (Alemania). Es doctor en psicolog\u00eda y psicoterapeuta.<\/p>\n<p>Desde 2003 es profesor titular del Instituto de Psicolog\u00eda de la Pontificia Universidad Gregoriana.<\/p>\n<p>He has been the founding president of the Centre for Child Protection (est. 2012) at the Pontifical Gregorian University.<\/p>\n<p>El P. Zollner, SJ, was a member of the scientific working group of the \u201cRound Table on Sexual Violence against Minors\u201d of the Federal Government of Germany in 2010-2011.<\/p>\n<p>El P. El P. Zollner, SJ, fue presidente de los comit\u00e9s organizadores del simposio \u00abHacia la curaci\u00f3n y la renovaci\u00f3n\u00bb sobre los abusos sexuales a menores (febrero de 2012) y del congreso mundial \u00abLa dignidad del ni\u00f1o en el mundo digital\u00bb (2017); fue miembro del comit\u00e9 organizador de la cumbre sobre la protecci\u00f3n de la infancia en el Vaticano (2019).<\/p>\n<p>Desde 2015, es profesor honorario en el Departamento de Teolog\u00eda y Religi\u00f3n de la Universidad de Durham (Inglaterra).<\/p>\n<p>El P. Zollner, SJ, fue nombrado consultor de la Congregaci\u00f3n para el Clero en 2017.<\/p>\n<p>En 2018, el Papa Francisco nombr\u00f3 al P. Zollner, SJ, para un segundo mandato en la Comisi\u00f3n Pontificia para la Protecci\u00f3n de los Menores.<\/p>\n<p>&nbsp;<\/p>\n<p>[\/et_pb_text][\/et_pb_column][\/et_pb_row][\/et_pb_section][et_pb_section fb_built=\u00bb1&#8243; admin_label=\u00bbOur Teachers Section\u00bb _builder_version=\u00bb3.22&#8243; background_color=\u00bb#fafbfc\u00bb custom_padding=\u00bb27px|0px|11px|0px||\u00bb][et_pb_row use_custom_gutter=\u00bbon\u00bb gutter_width=\u00bb2&#8243; custom_padding_last_edited=\u00bbon|desktop\u00bb _builder_version=\u00bb3.25&#8243; custom_padding=\u00bb9px|||||\u00bb custom_padding_tablet=\u00bb0px||0px|\u00bb custom_padding_phone=\u00bb\u00bb locked=\u00bboff\u00bb][et_pb_column type=\u00bb4_4&#8243; _builder_version=\u00bb3.25&#8243; custom_padding=\u00bb|||\u00bb custom_padding__hover=\u00bb|||\u00bb][et_pb_blog fullwidth=\u00bboff\u00bb posts_number=\u00bb16&#8243; include_categories=\u00bb42&#8243; show_author=\u00bboff\u00bb show_categories=\u00bboff\u00bb _builder_version=\u00bb4.6.6&#8243; _module_preset=\u00bbdefault\u00bb header_font=\u00bb||||||||\u00bb header_font_size=\u00bb20px\u00bb header_line_height=\u00bb1.3em\u00bb body_font_size=\u00bb14px\u00bb meta_font=\u00bb|600|||||||\u00bb meta_text_color=\u00bb#f0c12a\u00bb meta_font_size=\u00bb13px\u00bb meta_line_height=\u00bb1.5em\u00bb header_font_tablet=\u00bb\u00bb header_font_phone=\u00bb|600|||||||\u00bb header_font_last_edited=\u00bbon|desktop\u00bb header_font_size_tablet=\u00bb\u00bb header_font_size_phone=\u00bb18px\u00bb header_font_size_last_edited=\u00bbon|phone\u00bb border_color_all=\u00bb#eeeeee\u00bb][\/et_pb_blog][\/et_pb_column][\/et_pb_row][\/et_pb_section]<\/p>\n","protected":false},"excerpt":{"rendered":"<p>La Comisi\u00f3nREVERENDO DR. HANS ZOLLNER, SJ Alemania President of the Institute of Anthropology. Interdisciplinary Studies on Human Dignity and Care of the Pontifical Gregorian University (former Centre for Child Protection) and professor of the Institute of Psychology. &nbsp; El P. Zollner, SJ, naci\u00f3 en 1966 en Ratisbona (Alemania). Es doctor en psicolog\u00eda y psicoterapeuta. Desde [&hellip;]<\/p>\n","protected":false},"author":1,"featured_media":0,"parent":6737,"menu_order":0,"comment_status":"closed","ping_status":"closed","template":"","meta":{"_seopress_robots_primary_cat":"","_seopress_titles_title":"","_seopress_titles_desc":"","_seopress_robots_index":"","_et_pb_use_builder":"on","_et_pb_old_content":"","_et_gb_content_width":"","_uag_custom_page_level_css":"","footnotes":""},"class_list":["post-6866","page","type-page","status-publish","hentry"],"uagb_featured_image_src":{"full":false,"thumbnail":false,"medium":false,"medium_large":false,"large":false,"thumblist":false,"thumbrelated":false,"meccarouselthumb":false,"gridsquare":false,"tileview":false,"1536x1536":false,"2048x2048":false,"et-pb-post-main-image":false,"et-pb-post-main-image-fullwidth":false,"et-pb-portfolio-image":false,"et-pb-portfolio-module-image":false,"et-pb-portfolio-image-single":false,"et-pb-gallery-module-image-portrait":false,"et-pb-post-main-image-fullwidth-large":false,"et-pb-image--responsive--desktop":false,"et-pb-image--responsive--tablet":false,"et-pb-image--responsive--phone":false,"mailpoet_newsletter_max":false},"uagb_author_info":{"display_name":"administrator@tutelaminorum.va","author_link":"https:\/\/www.tutelaminorum.va\/es\/author\/administratortutelaminorum-va\/"},"uagb_comment_info":0,"uagb_excerpt":"La Comisi\u00f3nREVERENDO DR. HANS ZOLLNER, SJ Alemania President of the Institute of Anthropology. Interdisciplinary Studies on Human Dignity and Care of the Pontifical Gregorian University (former Centre for Child Protection) and professor of the Institute of Psychology. &nbsp; El P. Zollner, SJ, naci\u00f3 en 1966 en Ratisbona (Alemania). Es doctor en psicolog\u00eda y psicoterapeuta. Desde&hellip;","_links":{"self":[{"href":"https:\/\/www.tutelaminorum.va\/es\/wp-json\/wp\/v2\/pages\/6866","targetHints":{"allow":["GET"]}}],"collection":[{"href":"https:\/\/www.tutelaminorum.va\/es\/wp-json\/wp\/v2\/pages"}],"about":[{"href":"https:\/\/www.tutelaminorum.va\/es\/wp-json\/wp\/v2\/types\/page"}],"author":[{"embeddable":true,"href":"https:\/\/www.tutelaminorum.va\/es\/wp-json\/wp\/v2\/users\/1"}],"replies":[{"embeddable":true,"href":"https:\/\/www.tutelaminorum.va\/es\/wp-json\/wp\/v2\/comments?post=6866"}],"version-history":[{"count":0,"href":"https:\/\/www.tutelaminorum.va\/es\/wp-json\/wp\/v2\/pages\/6866\/revisions"}],"up":[{"embeddable":true,"href":"https:\/\/www.tutelaminorum.va\/es\/wp-json\/wp\/v2\/pages\/6737"}],"wp:attachment":[{"href":"https:\/\/www.tutelaminorum.va\/es\/wp-json\/wp\/v2\/media?parent=6866"}],"curies":[{"name":"wp","href":"https:\/\/api.w.org\/{rel}","templated":true}]}}