{"id":6938,"date":"2021-01-05T13:48:58","date_gmt":"2021-01-05T12:48:58","guid":{"rendered":"https:\/\/www.tutelaminorum.va\/?page_id=6938"},"modified":"2021-10-12T14:33:46","modified_gmt":"2021-10-12T12:33:46","slug":"politica-de-contenidos","status":"publish","type":"page","link":"https:\/\/www.tutelaminorum.va\/es\/politica-de-contenidos\/","title":{"rendered":"Pol\u00ectica de Contenidos"},"content":{"rendered":"<p>[et_pb_section fb_built=\u00bb1&#8243; custom_padding_last_edited=\u00bbon|phone\u00bb next_background_color=\u00bb#ffffff\u00bb admin_label=\u00bbHero\u00bb _builder_version=\u00bb4.7.7&#8243; background_image=\u00bbhttps:\/\/www.tutelaminorum.va\/wp-content\/uploads\/2021\/01\/policy.png\u00bb custom_margin=\u00bb||50px||false|false\u00bb custom_margin_tablet=\u00bb\u00bb custom_margin_phone=\u00bb||30px||false|false\u00bb custom_margin_last_edited=\u00bbon|phone\u00bb custom_padding=\u00bb30px||100px||false|false\u00bb custom_padding_tablet=\u00bb\u00bb custom_padding_phone=\u00bb||63px||false|false\u00bb bottom_divider_style=\u00bbcurve2&#8243; bottom_divider_arrangement=\u00bbabove_content\u00bb bottom_divider_height_tablet=\u00bb\u00bb bottom_divider_height_phone=\u00bb50px\u00bb bottom_divider_height_last_edited=\u00bbon|phone\u00bb global_colors_info=\u00bb{}\u00bb][et_pb_row column_structure=\u00bb2_3,1_3&#8243; custom_padding_last_edited=\u00bbon|phone\u00bb _builder_version=\u00bb4.9.4&#8243; background_size=\u00bbinitial\u00bb background_position=\u00bbtop_left\u00bb background_repeat=\u00bbrepeat\u00bb width_tablet=\u00bb\u00bb width_phone=\u00bb60%\u00bb width_last_edited=\u00bbon|phone\u00bb custom_margin_tablet=\u00bb\u00bb custom_margin_phone=\u00bb40px||0px||false|false\u00bb custom_margin_last_edited=\u00bbon|phone\u00bb custom_padding=\u00bb|||\u00bb custom_padding_tablet=\u00bb\u00bb custom_padding_phone=\u00bb0px||0px||false|false\u00bb animation_style=\u00bbslide\u00bb animation_direction=\u00bbtop\u00bb animation_intensity_slide=\u00bb3%\u00bb module_alignment_tablet=\u00bb\u00bb module_alignment_phone=\u00bbright\u00bb module_alignment_last_edited=\u00bbon|phone\u00bb global_colors_info=\u00bb{}\u00bb][et_pb_column type=\u00bb2_3&#8243; _builder_version=\u00bb3.25&#8243; custom_padding=\u00bb|||\u00bb global_colors_info=\u00bb{}\u00bb custom_padding__hover=\u00bb|||\u00bb][et_pb_divider show_divider=\u00bboff\u00bb disabled_on=\u00bbon|on|off%22&#8243; _builder_version=\u00bb3.2&#8243; max_width=\u00bb120px\u00bb animation_style=\u00bbslide\u00bb animation_direction=\u00bbtop\u00bb animation_intensity_slide=\u00bb30%\u00bb global_colors_info=\u00bb{}\u00bb][\/et_pb_divider][\/et_pb_column][et_pb_column type=\u00bb1_3&#8243; _builder_version=\u00bb3.25&#8243; custom_padding=\u00bb|||\u00bb global_colors_info=\u00bb{}\u00bb custom_padding__hover=\u00bb|||\u00bb][et_pb_text _builder_version=\u00bb4.9.4&#8243; text_font=\u00bb||||||||\u00bb header_font=\u00bb|700||on|||||dotted\u00bb header_text_align=\u00bbcenter\u00bb header_text_color=\u00bb#ffffff\u00bb header_font_size=\u00bb16px\u00bb header_line_height=\u00bb1.3em\u00bb background_color=\u00bb#f0c12a\u00bb background_size=\u00bbinitial\u00bb background_position=\u00bbtop_left\u00bb background_repeat=\u00bbrepeat\u00bb custom_margin=\u00bb-59px||0px||false|false\u00bb custom_margin_tablet=\u00bb\u00bb custom_margin_phone=\u00bb50px||||false|false\u00bb custom_margin_last_edited=\u00bbon|phone\u00bb custom_padding=\u00bb14px|20%|2px||false|false\u00bb custom_padding_tablet=\u00bb\u00bb custom_padding_phone=\u00bb10px|1%|0px||false|false\u00bb custom_padding_last_edited=\u00bbon|phone\u00bb animation_style=\u00bbfade\u00bb link_option_url=\u00bbhttps:\/\/tutelaminorum.va\/the-commission\u00bb header_font_size_tablet=\u00bb\u00bb header_font_size_phone=\u00bb16px\u00bb header_font_size_last_edited=\u00bbon|phone\u00bb locked=\u00bboff\u00bb global_colors_info=\u00bb{}\u00bb]<\/p>\n<h1>Pol\u00edtica de contenidos<\/h1>\n<p>[\/et_pb_text][\/et_pb_column][\/et_pb_row][\/et_pb_section][et_pb_section fb_built=\u00bb1&#8243; admin_label=\u00bbsection\u00bb _builder_version=\u00bb3.22&#8243; custom_margin=\u00bb-26px|||||\u00bb custom_padding=\u00bb1px|||||\u00bb global_colors_info=\u00bb{}\u00bb][et_pb_row admin_label=\u00bbrow\u00bb _builder_version=\u00bb3.25&#8243; background_size=\u00bbinitial\u00bb background_position=\u00bbtop_left\u00bb background_repeat=\u00bbrepeat\u00bb custom_padding=\u00bb0px|||||\u00bb global_colors_info=\u00bb{}\u00bb][et_pb_column type=\u00bb4_4&#8243; _builder_version=\u00bb3.25&#8243; custom_padding=\u00bb|||\u00bb global_colors_info=\u00bb{}\u00bb custom_padding__hover=\u00bb|||\u00bb][et_pb_text admin_label=\u00bbText\u00bb _builder_version=\u00bb4.9.4&#8243; background_size=\u00bbinitial\u00bb background_position=\u00bbtop_left\u00bb background_repeat=\u00bbrepeat\u00bb global_colors_info=\u00bb{}\u00bb]<\/p>\n<p><!-- divi:paragraph --><\/p>\n<p>La Comisi\u00f3n Pontificia para la Protecci\u00f3n de los Menores ofrece en este sitio web diferentes iniciativas de salvaguardia y \u00abbuenas pr\u00e1cticas\u00bb de muchas Conferencias Episcopales, di\u00f3cesis, conferencias de religiosos e instituciones privadas. El sitio web pretende ser tanto un punto de referencia para los diferentes agentes pastorales a nivel parroquial, diocesano o nacional, como una fuente de informaci\u00f3n f\u00e1cilmente accesible y comprensible para todos los individuos.<\/p>\n<p>Sin embargo, la Comisi\u00f3n no puede reclamar esta iniciativa como propia, ni responsabilizarse de su contenido y de su realizaci\u00f3n. Si bien el objetivo principal de la Comisi\u00f3n es proporcionar los recursos m\u00e1s precisos sobre las iniciativas de protecci\u00f3n en todo el mundo, no puede ser considerada responsable de los contenidos de sus sitios web, de las omisiones de los mismos o de los errores, dado que no produce, sino que se limita a proporcionar informaci\u00f3n procedente de m\u00faltiples terceros. Adem\u00e1s, aunque esta informaci\u00f3n es constantemente actualizada y reevaluada por sus miembros, no se puede garantizar que la informaci\u00f3n sea la versi\u00f3n m\u00e1s actualizada y correcta.<\/p>\n<p>La Comisi\u00f3n es la licenciataria de todos los derechos de propiedad intelectual de este sitio y del material publicado en \u00e9l. Estas obras est\u00e1n protegidas por las leyes y tratados sobre derechos de autor en todo el mundo. Todos estos derechos est\u00e1n reservados. Usted puede imprimir una copia, y puede descargar extractos, de cualquier p\u00e1gina de nuestro sitio para su uso personal.<\/p>\n<p>Sin embargo, de ninguna manera no debe modificar el papel o las copias digitales de cualquier material que haya impreso o descargado, y no debe utilizar ninguna ilustraci\u00f3n, fotograf\u00eda, secuencias de v\u00eddeo o audio o cualquier gr\u00e1fico por separado de cualquier texto que lo acompa\u00f1e.<\/p>\n<p>En cuanto a cualquier uso comercial o pastoral de cualquier material publicado en nuestro sitio web, le rogamos que se ponga en contacto directamente con el propietario de la iniciativa pastoral correspondiente, utilizando los datos de contacto presentados en el sitio del proyecto.<\/p>\n<p><!-- \/divi:paragraph --><\/p>\n<p>[\/et_pb_text][\/et_pb_column][\/et_pb_row][\/et_pb_section]<\/p>\n","protected":false},"excerpt":{"rendered":"<p>Pol\u00edtica de contenidos La Comisi\u00f3n Pontificia para la Protecci\u00f3n de los Menores ofrece en este sitio web diferentes iniciativas de salvaguardia y \u00abbuenas pr\u00e1cticas\u00bb de muchas Conferencias Episcopales, di\u00f3cesis, conferencias de religiosos e instituciones privadas. El sitio web pretende ser tanto un punto de referencia para los diferentes agentes pastorales a nivel parroquial, diocesano o [&hellip;]<\/p>\n","protected":false},"author":8,"featured_media":0,"parent":0,"menu_order":0,"comment_status":"closed","ping_status":"closed","template":"","meta":{"_seopress_robots_primary_cat":"","_seopress_titles_title":"","_seopress_titles_desc":"","_seopress_robots_index":"","_et_pb_use_builder":"on","_et_pb_old_content":"","_et_gb_content_width":"","_uag_custom_page_level_css":"","footnotes":""},"class_list":["post-6938","page","type-page","status-publish","hentry"],"uagb_featured_image_src":{"full":false,"thumbnail":false,"medium":false,"medium_large":false,"large":false,"thumblist":false,"thumbrelated":false,"meccarouselthumb":false,"gridsquare":false,"tileview":false,"1536x1536":false,"2048x2048":false,"et-pb-post-main-image":false,"et-pb-post-main-image-fullwidth":false,"et-pb-portfolio-image":false,"et-pb-portfolio-module-image":false,"et-pb-portfolio-image-single":false,"et-pb-gallery-module-image-portrait":false,"et-pb-post-main-image-fullwidth-large":false,"et-pb-image--responsive--desktop":false,"et-pb-image--responsive--tablet":false,"et-pb-image--responsive--phone":false,"mailpoet_newsletter_max":false},"uagb_author_info":{"display_name":"Ivan Turatti","author_link":"https:\/\/www.tutelaminorum.va\/es\/author\/ivan-turatti\/"},"uagb_comment_info":0,"uagb_excerpt":"Pol\u00edtica de contenidos La Comisi\u00f3n Pontificia para la Protecci\u00f3n de los Menores ofrece en este sitio web diferentes iniciativas de salvaguardia y \"buenas pr\u00e1cticas\" de muchas Conferencias Episcopales, di\u00f3cesis, conferencias de religiosos e instituciones privadas. El sitio web pretende ser tanto un punto de referencia para los diferentes agentes pastorales a nivel parroquial, diocesano o&hellip;","_links":{"self":[{"href":"https:\/\/www.tutelaminorum.va\/es\/wp-json\/wp\/v2\/pages\/6938","targetHints":{"allow":["GET"]}}],"collection":[{"href":"https:\/\/www.tutelaminorum.va\/es\/wp-json\/wp\/v2\/pages"}],"about":[{"href":"https:\/\/www.tutelaminorum.va\/es\/wp-json\/wp\/v2\/types\/page"}],"author":[{"embeddable":true,"href":"https:\/\/www.tutelaminorum.va\/es\/wp-json\/wp\/v2\/users\/8"}],"replies":[{"embeddable":true,"href":"https:\/\/www.tutelaminorum.va\/es\/wp-json\/wp\/v2\/comments?post=6938"}],"version-history":[{"count":0,"href":"https:\/\/www.tutelaminorum.va\/es\/wp-json\/wp\/v2\/pages\/6938\/revisions"}],"wp:attachment":[{"href":"https:\/\/www.tutelaminorum.va\/es\/wp-json\/wp\/v2\/media?parent=6938"}],"curies":[{"name":"wp","href":"https:\/\/api.w.org\/{rel}","templated":true}]}}