{"id":7320,"date":"2021-01-05T13:48:58","date_gmt":"2021-01-05T12:48:58","guid":{"rendered":"https:\/\/www.tutelaminorum.va\/?page_id=7320"},"modified":"2021-09-06T16:40:18","modified_gmt":"2021-09-06T14:40:18","slug":"content-policy","status":"publish","type":"page","link":"https:\/\/www.tutelaminorum.va\/pt-br\/content-policy\/","title":{"rendered":"Pol\u00edtica de Conte\u00fado"},"content":{"rendered":"\n[et_pb_section fb_built=&#8221;1&#8243; custom_padding_last_edited=&#8221;on|phone&#8221; next_background_color=&#8221;#ffffff&#8221; admin_label=&#8221;Hero&#8221; _builder_version=&#8221;4.7.7&#8243; background_image=&#8221;https:\/\/www.tutelaminorum.va\/wp-content\/uploads\/2021\/01\/policy.png&#8221; custom_margin=&#8221;||50px||false|false&#8221; custom_margin_tablet=&#8221;&#8221; custom_margin_phone=&#8221;||30px||false|false&#8221; custom_margin_last_edited=&#8221;on|phone&#8221; custom_padding=&#8221;30px||100px||false|false&#8221; custom_padding_tablet=&#8221;&#8221; custom_padding_phone=&#8221;||63px||false|false&#8221; bottom_divider_style=&#8221;curve2&#8243; bottom_divider_arrangement=&#8221;above_content&#8221; bottom_divider_height_tablet=&#8221;&#8221; bottom_divider_height_phone=&#8221;50px&#8221; bottom_divider_height_last_edited=&#8221;on|phone&#8221; global_colors_info=&#8221;{}&#8221;][et_pb_row column_structure=&#8221;2_3,1_3&#8243; custom_padding_last_edited=&#8221;on|phone&#8221; _builder_version=&#8221;4.10.3&#8243; background_size=&#8221;initial&#8221; background_position=&#8221;top_left&#8221; background_repeat=&#8221;repeat&#8221; width_tablet=&#8221;&#8221; width_phone=&#8221;60%&#8221; width_last_edited=&#8221;on|phone&#8221; custom_margin_tablet=&#8221;&#8221; custom_margin_phone=&#8221;40px||0px||false|false&#8221; custom_margin_last_edited=&#8221;on|phone&#8221; custom_padding=&#8221;|||&#8221; custom_padding_tablet=&#8221;&#8221; custom_padding_phone=&#8221;0px||0px||false|false&#8221; animation_style=&#8221;slide&#8221; animation_direction=&#8221;top&#8221; animation_intensity_slide=&#8221;3%&#8221; hover_enabled=&#8221;0&#8243; module_alignment_tablet=&#8221;&#8221; module_alignment_phone=&#8221;right&#8221; module_alignment_last_edited=&#8221;on|phone&#8221; global_colors_info=&#8221;{}&#8221; sticky_enabled=&#8221;0&#8243;][et_pb_column type=&#8221;2_3&#8243; _builder_version=&#8221;3.25&#8243; custom_padding=&#8221;|||&#8221; global_colors_info=&#8221;{}&#8221; custom_padding__hover=&#8221;|||&#8221;][et_pb_divider show_divider=&#8221;off&#8221; disabled_on=&#8221;on|on|off%22&#8243; _builder_version=&#8221;3.2&#8243; max_width=&#8221;120px&#8221; animation_style=&#8221;slide&#8221; animation_direction=&#8221;top&#8221; animation_intensity_slide=&#8221;30%&#8221; global_colors_info=&#8221;{}&#8221;][\/et_pb_divider][\/et_pb_column][et_pb_column type=&#8221;1_3&#8243; _builder_version=&#8221;3.25&#8243; custom_padding=&#8221;|||&#8221; global_colors_info=&#8221;{}&#8221; custom_padding__hover=&#8221;|||&#8221;][et_pb_text _builder_version=&#8221;4.10.3&#8243; text_font=&#8221;||||||||&#8221; header_font=&#8221;|700||on|||||dotted&#8221; header_text_align=&#8221;center&#8221; header_text_color=&#8221;#ffffff&#8221; header_font_size=&#8221;16px&#8221; header_line_height=&#8221;1.3em&#8221; background_color=&#8221;#f0c12a&#8221; background_size=&#8221;initial&#8221; background_position=&#8221;top_left&#8221; background_repeat=&#8221;repeat&#8221; custom_margin=&#8221;-59px||0px||false|false&#8221; custom_margin_tablet=&#8221;&#8221; custom_margin_phone=&#8221;50px||||false|false&#8221; custom_margin_last_edited=&#8221;on|phone&#8221; custom_padding=&#8221;14px|13%|2px||false|false&#8221; custom_padding_tablet=&#8221;&#8221; custom_padding_phone=&#8221;10px|1%|0px||false|false&#8221; custom_padding_last_edited=&#8221;on|phone&#8221; animation_style=&#8221;fade&#8221; link_option_url=&#8221;https:\/\/tutelaminorum.va\/the-commission&#8221; hover_enabled=&#8221;0&#8243; header_font_size_tablet=&#8221;&#8221; header_font_size_phone=&#8221;16px&#8221; header_font_size_last_edited=&#8221;on|phone&#8221; locked=&#8221;off&#8221; global_colors_info=&#8221;{}&#8221; width=&#8221;100%&#8221; max_width=&#8221;100%&#8221; module_alignment=&#8221;center&#8221; sticky_enabled=&#8221;0&#8243;]<h1>Pol\u00edtica de Conte\u00fado<\/h1>[\/et_pb_text][\/et_pb_column][\/et_pb_row][\/et_pb_section][et_pb_section fb_built=&#8221;1&#8243; admin_label=&#8221;section&#8221; _builder_version=&#8221;3.22&#8243; custom_margin=&#8221;-26px|||||&#8221; custom_padding=&#8221;1px|||||&#8221; global_colors_info=&#8221;{}&#8221;][et_pb_row admin_label=&#8221;row&#8221; _builder_version=&#8221;3.25&#8243; background_size=&#8221;initial&#8221; background_position=&#8221;top_left&#8221; background_repeat=&#8221;repeat&#8221; custom_padding=&#8221;0px|||||&#8221; global_colors_info=&#8221;{}&#8221;][et_pb_column type=&#8221;4_4&#8243; _builder_version=&#8221;3.25&#8243; custom_padding=&#8221;|||&#8221; global_colors_info=&#8221;{}&#8221; custom_padding__hover=&#8221;|||&#8221;][et_pb_text admin_label=&#8221;Text&#8221; _builder_version=&#8221;4.10.3&#8243; background_size=&#8221;initial&#8221; background_position=&#8221;top_left&#8221; background_repeat=&#8221;repeat&#8221; global_colors_info=&#8221;{}&#8221;]<p>A Pontif\u00edcia Comiss\u00e3o para a Tutela dos Menores oferece neste site diferentes iniciativas de Safeguarding e &#8220;melhores pr\u00e1ticas&#8221; de muitas Confer\u00eancias Episcopais, dioceses, confer\u00eancias de religiosos e institui\u00e7\u00f5es privadas. O site pretende ser tanto um ponto de refer\u00eancia para diferentes agentes pastorais em n\u00edvel paroquial, diocesano ou nacional, como tamb\u00e9m uma fonte de informa\u00e7\u00e3o facilmente acess\u00edvel que possa ser compreendida por todos os indiv\u00edduos.<\/p>\n<p>Entretanto, a Comiss\u00e3o n\u00e3o pode reivindicar esta iniciativa como pr\u00f3pria, nem ser responsabilizada por seu conte\u00fado e como ela \u00e9 realizada. Embora seja o objetivo principal da Comiss\u00e3o, fornecer os recursos mais precisos para salvaguardar as iniciativas em todo o mundo, ela n\u00e3o pode ser responsabilizada por nenhum de seus conte\u00fados, omiss\u00f5es ou erros, uma vez que n\u00e3o produz, mas apenas fornece informa\u00e7\u00f5es de m\u00faltiplos terceiros. Al\u00e9m disso, embora estas informa\u00e7\u00f5es sejam constantemente atualizadas e reavaliadas por seus membros, n\u00e3o h\u00e1 garantia de que as informa\u00e7\u00f5es sejam a vers\u00e3o mais atualizada e correta.<\/p>\n<p>A Comiss\u00e3o \u00e9 a licenciada de todos os direitos de propriedade intelectual deste site, e do material publicado no mesmo. Esses trabalhos s\u00e3o protegidos por leis e tratados de direitos autorais em todo o mundo. Todos esses direitos s\u00e3o reservados. Voc\u00ea pode imprimir uma c\u00f3pia, e pode baixar trechos, de qualquer p\u00e1gina de nosso site para seu uso pessoal.Contudo, voc\u00ea n\u00e3o deve modificar, de forma alguma, as c\u00f3pias em papel ou digitais de qualquer material impresso ou baixado, e n\u00e3o deve usar ilustra\u00e7\u00f5es, fotografias, sequ\u00eancias de v\u00eddeo ou \u00e1udio ou qualquer gr\u00e1fico separadamente de qualquer texto que o acompanhe.<\/p>\n<p><span style=\"font-weight: 400;\">Em termos de qualquer uso comercial ou pastoral de qualquer material publicado em nosso site, solicitamos que entre em contato diretamente com o propriet\u00e1rio da iniciativa pastoral apropriada, utilizando os detalhes de contato apresentados no site do projeto.<\/span><\/p>[\/et_pb_text][\/et_pb_column][\/et_pb_row][\/et_pb_section]\n","protected":false},"excerpt":{"rendered":"<p>Pol\u00edtica de Conte\u00fadoA Pontif\u00edcia Comiss\u00e3o para a Tutela dos Menores oferece neste site diferentes iniciativas de Safeguarding e &#8220;melhores pr\u00e1ticas&#8221; de muitas Confer\u00eancias Episcopais, dioceses, confer\u00eancias de religiosos e institui\u00e7\u00f5es privadas. O site pretende ser tanto um ponto de refer\u00eancia para diferentes agentes pastorais em n\u00edvel paroquial, diocesano ou nacional, como tamb\u00e9m uma fonte de [&hellip;]<\/p>\n","protected":false},"author":8,"featured_media":0,"parent":0,"menu_order":0,"comment_status":"closed","ping_status":"closed","template":"","meta":{"_seopress_robots_primary_cat":"","_seopress_titles_title":"","_seopress_titles_desc":"A Pontif\u00edcia Comiss\u00e3o para a Tutela dos Menores oferece neste site diferentes iniciativas de Safeguarding e &quot;melhores pr\u00e1ticas&quot; de muitas Confer\u00eancias Episcopais, dioceses, confer\u00eancias de religiosos e institui\u00e7\u00f5es privadas. O site pretende ser tanto um ponto de refer\u00eancia para diferentes agentes pastorais em n\u00edvel paroquial, diocesano ou nacional, como tamb\u00e9m uma fonte de informa\u00e7\u00e3o facilmente acess\u00edvel que possa ser compreendida por todos os indiv\u00edduos.","_seopress_robots_index":"","_et_pb_use_builder":"on","_et_pb_old_content":"[et_pb_section fb_built=\"1\" custom_padding_last_edited=\"on|phone\" next_background_color=\"#ffffff\" admin_label=\"Hero\" _builder_version=\"4.7.7\" background_image=\"https:\/\/tutelaminorum.va\/wp-content\/uploads\/2021\/01\/policy.png\" custom_margin=\"||50px||false|false\" custom_margin_tablet=\"\" custom_margin_phone=\"||30px||false|false\" custom_margin_last_edited=\"on|phone\" custom_padding=\"30px||100px||false|false\" custom_padding_tablet=\"\" custom_padding_phone=\"||63px||false|false\" bottom_divider_style=\"curve2\" bottom_divider_arrangement=\"above_content\" bottom_divider_height_tablet=\"\" bottom_divider_height_phone=\"50px\" bottom_divider_height_last_edited=\"on|phone\" hover_enabled=\"0\" title_text=\"policy\" sticky_enabled=\"0\"][et_pb_row column_structure=\"1_4,1_2,1_4\" custom_padding_last_edited=\"on|phone\" _builder_version=\"4.6.1\" background_size=\"initial\" background_position=\"top_left\" background_repeat=\"repeat\" width_tablet=\"\" width_phone=\"60%\" width_last_edited=\"on|phone\" custom_margin_tablet=\"\" custom_margin_phone=\"40px||0px||false|false\" custom_margin_last_edited=\"on|phone\" custom_padding=\"|||\" custom_padding_tablet=\"\" custom_padding_phone=\"0px||0px||false|false\" animation_style=\"slide\" animation_direction=\"top\" animation_intensity_slide=\"3%\" module_alignment_tablet=\"\" module_alignment_phone=\"right\" module_alignment_last_edited=\"on|phone\"][et_pb_column type=\"1_4\" _builder_version=\"3.25\" custom_padding=\"|||\" custom_padding__hover=\"|||\"][et_pb_divider show_divider=\"off\" disabled_on=\"on|on|off%22\" _builder_version=\"3.2\" max_width=\"120px\" animation_style=\"slide\" animation_direction=\"top\" animation_intensity_slide=\"30%\"][\/et_pb_divider][\/et_pb_column][et_pb_column type=\"1_2\" _builder_version=\"3.25\" custom_padding=\"|||\" custom_padding__hover=\"|||\"][\/et_pb_column][et_pb_column type=\"1_4\" _builder_version=\"3.25\" custom_padding=\"|||\" custom_padding__hover=\"|||\"][et_pb_text _builder_version=\"4.7.7\" text_font=\"||||||||\" header_font=\"|700||on|||||dotted\" header_text_align=\"center\" header_text_color=\"#ffffff\" header_font_size=\"16px\" header_line_height=\"1.3em\" background_color=\"#f0c12a\" background_size=\"initial\" background_position=\"top_left\" background_repeat=\"repeat\" custom_margin=\"-59px||0px||false|false\" custom_margin_tablet=\"\" custom_margin_phone=\"50px||||false|false\" custom_margin_last_edited=\"on|phone\" custom_padding=\"14px|20%|2px||false|false\" custom_padding_tablet=\"\" custom_padding_phone=\"10px|1%|0px||false|false\" custom_padding_last_edited=\"on|phone\" animation_style=\"fade\" link_option_url=\"https:\/\/tutelaminorum.va\/the-commission\" header_font_size_tablet=\"\" header_font_size_phone=\"16px\" header_font_size_last_edited=\"on|phone\" locked=\"off\"]\n<h1>Content Policy<\/h1>\n[\/et_pb_text][\/et_pb_column][\/et_pb_row][\/et_pb_section][et_pb_section fb_built=\"1\" admin_label=\"section\" _builder_version=\"3.22\" custom_margin=\"-26px|||||\" custom_padding=\"1px|||||\"][et_pb_row admin_label=\"row\" _builder_version=\"3.25\" background_size=\"initial\" background_position=\"top_left\" background_repeat=\"repeat\" custom_padding=\"0px|||||\"][et_pb_column type=\"4_4\" _builder_version=\"3.25\" custom_padding=\"|||\" custom_padding__hover=\"|||\"][et_pb_text admin_label=\"Text\" _builder_version=\"3.27.4\" background_size=\"initial\" background_position=\"top_left\" background_repeat=\"repeat\"]\n\n<!-- divi:paragraph -->\n\nThe Pontifical Commission for the Protection of Minors offers on this website different safeguarding initiatives and \u201cbest practices\u201d from many different Bishops\u2019 Conferences, dioceses, conferences of religious and private institutions. The website is intended to be both a point of reference for different pastoral agents at a parish, diocesan or national level, and also, an easily accessible source of information that can be understood by all individuals.\n\n<!-- divi:paragraph -->\n\nHowever, the Commission cannot claim this initiative as its own, nor be held responsible for its content and how it is carried out. While it is the Commission\u2019s primary goal to provide the most accurate resources on safeguarding initiatives around the world, it cannot be held liable for any of its websites contents, omissions thereof, or errors given that it does not produce, but rather, only provides information from multiple third parties. Moreover, although this information is constantly updated and reassessed by its members, there is no guarantee that the information is the most up to date and correct version.\n\n<!-- divi:paragraph -->\n\nThe Commission is the licensee of all intellectual property rights of this site, and of the material published on it. Those works are protected by copyright laws and treaties around the world. All such rights are reserved.&nbsp;You may print off one copy, and may download extracts, of any page(s) from our site for your personal use.\n\n<!-- divi:paragraph -->\n\nHowever you must not modify the paper or digital copies of any materials you have printed off or downloaded in any way, and you must not use any illustrations, photographs, video or audio sequences or any graphics separately from any accompanying text.&nbsp;\n\n<!-- divi:paragraph -->\n\nIn terms of any commercial or pastoral use of any material published on our website, we kindly ask you to contact directly the owner of the appropriate pastoral initiative, using contact details presented on the site of the project.&nbsp;\n\n<!-- \/divi:paragraph -->\n\n[\/et_pb_text][\/et_pb_column][\/et_pb_row][\/et_pb_section]","_et_gb_content_width":"","_uag_custom_page_level_css":"","footnotes":""},"class_list":["post-7320","page","type-page","status-publish","hentry"],"uagb_featured_image_src":{"full":false,"thumbnail":false,"medium":false,"medium_large":false,"large":false,"thumblist":false,"thumbrelated":false,"meccarouselthumb":false,"gridsquare":false,"tileview":false,"1536x1536":false,"2048x2048":false,"et-pb-post-main-image":false,"et-pb-post-main-image-fullwidth":false,"et-pb-portfolio-image":false,"et-pb-portfolio-module-image":false,"et-pb-portfolio-image-single":false,"et-pb-gallery-module-image-portrait":false,"et-pb-post-main-image-fullwidth-large":false,"et-pb-image--responsive--desktop":false,"et-pb-image--responsive--tablet":false,"et-pb-image--responsive--phone":false,"mailpoet_newsletter_max":false},"uagb_author_info":{"display_name":"Ivan Turatti","author_link":"https:\/\/www.tutelaminorum.va\/pt-br\/author\/ivan-turatti\/"},"uagb_comment_info":0,"uagb_excerpt":"Pol\u00edtica de Conte\u00fadoA Pontif\u00edcia Comiss\u00e3o para a Tutela dos Menores oferece neste site diferentes iniciativas de Safeguarding e \"melhores pr\u00e1ticas\" de muitas Confer\u00eancias Episcopais, dioceses, confer\u00eancias de religiosos e institui\u00e7\u00f5es privadas. O site pretende ser tanto um ponto de refer\u00eancia para diferentes agentes pastorais em n\u00edvel paroquial, diocesano ou nacional, como tamb\u00e9m uma fonte de&hellip;","_links":{"self":[{"href":"https:\/\/www.tutelaminorum.va\/pt-br\/wp-json\/wp\/v2\/pages\/7320","targetHints":{"allow":["GET"]}}],"collection":[{"href":"https:\/\/www.tutelaminorum.va\/pt-br\/wp-json\/wp\/v2\/pages"}],"about":[{"href":"https:\/\/www.tutelaminorum.va\/pt-br\/wp-json\/wp\/v2\/types\/page"}],"author":[{"embeddable":true,"href":"https:\/\/www.tutelaminorum.va\/pt-br\/wp-json\/wp\/v2\/users\/8"}],"replies":[{"embeddable":true,"href":"https:\/\/www.tutelaminorum.va\/pt-br\/wp-json\/wp\/v2\/comments?post=7320"}],"version-history":[{"count":0,"href":"https:\/\/www.tutelaminorum.va\/pt-br\/wp-json\/wp\/v2\/pages\/7320\/revisions"}],"wp:attachment":[{"href":"https:\/\/www.tutelaminorum.va\/pt-br\/wp-json\/wp\/v2\/media?parent=7320"}],"curies":[{"name":"wp","href":"https:\/\/api.w.org\/{rel}","templated":true}]}}