{"id":7359,"date":"2021-01-05T13:48:29","date_gmt":"2021-01-05T12:48:29","guid":{"rendered":"https:\/\/www.tutelaminorum.va\/?page_id=7359"},"modified":"2021-08-27T14:48:33","modified_gmt":"2021-08-27T12:48:33","slug":"politica-de-privacidade","status":"publish","type":"page","link":"https:\/\/www.tutelaminorum.va\/pt-br\/politica-de-privacidade\/","title":{"rendered":"Pol\u00ectica de Privacidade"},"content":{"rendered":"<p>[et_pb_section fb_built=&#8221;1&#8243; custom_padding_last_edited=&#8221;on|phone&#8221; next_background_color=&#8221;#ffffff&#8221; admin_label=&#8221;Hero&#8221; _builder_version=&#8221;4.7.7&#8243; background_image=&#8221;https:\/\/www.tutelaminorum.va\/wp-content\/uploads\/2021\/01\/policy.png&#8221; custom_margin=&#8221;||50px||false|false&#8221; custom_margin_tablet=&#8221;&#8221; custom_margin_phone=&#8221;||30px||false|false&#8221; custom_margin_last_edited=&#8221;on|phone&#8221; custom_padding=&#8221;30px||100px||false|false&#8221; custom_padding_tablet=&#8221;&#8221; custom_padding_phone=&#8221;||63px||false|false&#8221; bottom_divider_style=&#8221;curve2&#8243; bottom_divider_arrangement=&#8221;above_content&#8221; bottom_divider_height_tablet=&#8221;&#8221; bottom_divider_height_phone=&#8221;50px&#8221; bottom_divider_height_last_edited=&#8221;on|phone&#8221; global_colors_info=&#8221;{}&#8221;][et_pb_row column_structure=&#8221;1_4,1_2,1_4&#8243; custom_padding_last_edited=&#8221;on|phone&#8221; _builder_version=&#8221;4.6.1&#8243; background_size=&#8221;initial&#8221; background_position=&#8221;top_left&#8221; background_repeat=&#8221;repeat&#8221; width_tablet=&#8221;&#8221; width_phone=&#8221;60%&#8221; width_last_edited=&#8221;on|phone&#8221; custom_margin_tablet=&#8221;&#8221; custom_margin_phone=&#8221;40px||0px||false|false&#8221; custom_margin_last_edited=&#8221;on|phone&#8221; custom_padding=&#8221;|||&#8221; custom_padding_tablet=&#8221;&#8221; custom_padding_phone=&#8221;0px||0px||false|false&#8221; animation_style=&#8221;slide&#8221; animation_direction=&#8221;top&#8221; animation_intensity_slide=&#8221;3%&#8221; module_alignment_tablet=&#8221;&#8221; module_alignment_phone=&#8221;right&#8221; module_alignment_last_edited=&#8221;on|phone&#8221; global_colors_info=&#8221;{}&#8221;][et_pb_column type=&#8221;1_4&#8243; _builder_version=&#8221;3.25&#8243; custom_padding=&#8221;|||&#8221; global_colors_info=&#8221;{}&#8221; custom_padding__hover=&#8221;|||&#8221;][et_pb_divider show_divider=&#8221;off&#8221; disabled_on=&#8221;on|on|off%22&#8243; _builder_version=&#8221;3.2&#8243; max_width=&#8221;120px&#8221; animation_style=&#8221;slide&#8221; animation_direction=&#8221;top&#8221; animation_intensity_slide=&#8221;30%&#8221; global_colors_info=&#8221;{}&#8221;][\/et_pb_divider][\/et_pb_column][et_pb_column type=&#8221;1_2&#8243; _builder_version=&#8221;3.25&#8243; custom_padding=&#8221;|||&#8221; global_colors_info=&#8221;{}&#8221; custom_padding__hover=&#8221;|||&#8221;][\/et_pb_column][et_pb_column type=&#8221;1_4&#8243; _builder_version=&#8221;3.25&#8243; custom_padding=&#8221;|||&#8221; global_colors_info=&#8221;{}&#8221; custom_padding__hover=&#8221;|||&#8221;][et_pb_text _builder_version=&#8221;4.7.7&#8243; text_font=&#8221;||||||||&#8221; header_font=&#8221;|700||on|||||dotted&#8221; header_text_align=&#8221;center&#8221; header_text_color=&#8221;#ffffff&#8221; header_font_size=&#8221;16px&#8221; header_line_height=&#8221;1.3em&#8221; background_color=&#8221;#f0c12a&#8221; background_size=&#8221;initial&#8221; background_position=&#8221;top_left&#8221; background_repeat=&#8221;repeat&#8221; custom_margin=&#8221;-59px||0px||false|false&#8221; custom_margin_tablet=&#8221;&#8221; custom_margin_phone=&#8221;50px||||false|false&#8221; custom_margin_last_edited=&#8221;on|phone&#8221; custom_padding=&#8221;14px|20%|2px||false|false&#8221; custom_padding_tablet=&#8221;&#8221; custom_padding_phone=&#8221;10px|1%|0px||false|false&#8221; custom_padding_last_edited=&#8221;on|phone&#8221; animation_style=&#8221;fade&#8221; link_option_url=&#8221;https:\/\/tutelaminorum.va\/the-commission&#8221; header_font_size_tablet=&#8221;&#8221; header_font_size_phone=&#8221;16px&#8221; header_font_size_last_edited=&#8221;on|phone&#8221; locked=&#8221;off&#8221; global_colors_info=&#8221;{}&#8221;]<\/p>\n<h1>Privacy Policy<\/h1>\n<p>[\/et_pb_text][\/et_pb_column][\/et_pb_row][\/et_pb_section][et_pb_section fb_built=&#8221;1&#8243; admin_label=&#8221;section&#8221; _builder_version=&#8221;3.22&#8243; custom_padding=&#8221;0px|||||&#8221; global_colors_info=&#8221;{}&#8221;][et_pb_row admin_label=&#8221;row&#8221; _builder_version=&#8221;3.25&#8243; background_size=&#8221;initial&#8221; background_position=&#8221;top_left&#8221; background_repeat=&#8221;repeat&#8221; custom_padding=&#8221;1px|||||&#8221; global_colors_info=&#8221;{}&#8221;][et_pb_column type=&#8221;4_4&#8243; _builder_version=&#8221;3.25&#8243; custom_padding=&#8221;|||&#8221; global_colors_info=&#8221;{}&#8221; custom_padding__hover=&#8221;|||&#8221;][et_pb_text admin_label=&#8221;Text&#8221; _builder_version=&#8221;4.10.3&#8243; background_size=&#8221;initial&#8221; background_position=&#8221;top_left&#8221; background_repeat=&#8221;repeat&#8221; hover_enabled=&#8221;0&#8243; global_colors_info=&#8221;{}&#8221; sticky_enabled=&#8221;0&#8243;]<\/p>\n<h3><strong>Pol\u00edtica de Privacidade e Processamento de Informa\u00e7\u00f5es Pessoais<\/strong><\/h3>\n<p><strong>Da Pontif\u00edcia Comiss\u00e3o para a Tutela dos Menores (Tutela Minorum)<\/strong><\/p>\n<p><span style=\"font-weight: 400;\">Com estas informa\u00e7\u00f5es desejamos inform\u00e1-lo sobre como processamos os dados pessoais dos usu\u00e1rios (doravante &#8220;Dados Pessoais&#8221;) que consultam o site www.tutelaminorum.va (doravante &#8220;Portal&#8221;).<\/span><\/p>\n<p><span style=\"font-weight: 400;\">Abaixo voc\u00ea encontrar\u00e1 informa\u00e7\u00f5es sobre como coletamos, usamos e transferimos os Dados Pessoais do Usu\u00e1rio (doravante &#8220;Usu\u00e1rio&#8221;), ou todas aquelas informa\u00e7\u00f5es que podem ser usadas para identificar ou contatar o Usu\u00e1rio.<\/span><\/p>\n<h2><span style=\"font-weight: 400;\">1. Controlador de dados<\/span><\/h2>\n<p><span style=\"font-weight: 400;\">O Controlador de Dados \u00e9 a Pontif\u00edcia Comiss\u00e3o para a Prote\u00e7\u00e3o de Menores (doravante &#8220;Tutela Minorum&#8221;) &#8211; Largo Giovanni Paolo II 00120 &#8211; Citt\u00e0 del Vaticano, Tel. (+39) 06 698 81501, e-mail: info@tutelaminorum.va.<\/span><\/p>\n<h3><span style=\"font-weight: 400;\">2. Dados Pessoais sujeitos \u00e0 utiliza\u00e7\u00e3o<\/span><\/h3>\n<p><span style=\"font-weight: 400;\">Os Dados Pessoais a serem utilizados consistir\u00e3o em dados adequados para tornar o Usu\u00e1rio identificado ou identific\u00e1vel. Em particular, os Dados Pessoais utilizados atrav\u00e9s do Portal s\u00e3o os seguintes:<\/span><\/p>\n<h3><span style=\"font-weight: 400;\">a. Dados de navega\u00e7\u00e3o<\/span><\/h3>\n<p><span style=\"font-weight: 400;\">Durante seu funcionamento normal, os sistemas de TI e os procedimentos de software utilizados para operar o Portal adquirem alguns Dados Pessoais cuja transmiss\u00e3o est\u00e1 impl\u00edcita no uso de protocolos de comunica\u00e7\u00e3o da Internet. Esta categoria de dados inclui os endere\u00e7os IP ou nomes de dom\u00ednio dos computadores utilizados pelo Usu\u00e1rio que se conectam ao Portal, os endere\u00e7os em nota\u00e7\u00e3o URI (Uniform Resource Identifier) dos recursos solicitados, o hor\u00e1rio da solicita\u00e7\u00e3o, o m\u00e9todo utilizado para submeter a solicita\u00e7\u00e3o ao servidor, o tamanho do arquivo obtido em resposta, o c\u00f3digo num\u00e9rico indicando o status da resposta dada pelo servidor (com sucesso, erro, etc.) e outros par\u00e2metros relativos ao sistema operacional e ao ambiente de TI do Usu\u00e1rio. Estes dados s\u00e3o utilizados com a \u00fanica finalidade de obter informa\u00e7\u00f5es estat\u00edsticas an\u00f4nimas sobre o uso do Portal e para verificar seu correto funcionamento, para identificar anomalias e\/ou abusos. Os dados podem ser utilizados para apurar a responsabilidade no caso de hipot\u00e9ticos crimes inform\u00e1ticos contra o Portal ou contra terceiros.<\/span><\/p>\n<h3><span style=\"font-weight: 400;\">b. Dados para intera\u00e7\u00e3o com as redes sociais<\/span><\/h3>\n<p><span style=\"font-weight: 400;\">O Portal cont\u00e9m links diretos para as seguintes redes sociais: Twitter, Instagram, Facebook e YouTube via Bot\u00f5es para as redes sociais. Se o Usu\u00e1rio utiliza esta fun\u00e7\u00e3o de intera\u00e7\u00e3o com as redes sociais, o uso das mesmas envolve o processamento de Dados Pessoais de acordo com as informa\u00e7\u00f5es e pol\u00edticas espec\u00edficas destas redes sociais, que o Usu\u00e1rio deve visualizar antes de acessar e pelas quais o Tutela Minorum n\u00e3o tem responsabilidade. Al\u00e9m disso, se a exibi\u00e7\u00e3o de alguns v\u00eddeos no Portal ocorrer diretamente via YouTube ou Facebook, deve-se observar que, neste caso, a aquisi\u00e7\u00e3o de Dados Pessoais \u00e9 rastreada atrav\u00e9s destas redes sociais, que s\u00e3o processadas para navega\u00e7\u00e3o do Usu\u00e1rio, conforme melhor especificado na Pol\u00edtica de Cookies.<\/span><\/p>\n<p><span style=\"font-weight: 400;\">Al\u00e9m disso, o Portal permite o compartilhamento de alguns conte\u00fados atrav\u00e9s das m\u00eddias sociais (WhatsApp, Twitter, Facebook) sempre atrav\u00e9s dos bot\u00f5es para as redes sociais acima mencionados, colocados perto do conte\u00fado a ser compartilhado. Tamb\u00e9m neste caso, as mesmas indica\u00e7\u00f5es acima s\u00e3o consideradas aplic\u00e1veis e o Usu\u00e1rio \u00e9 obrigado a consultar as pol\u00edticas de privacidade das referidas redes sociais para a utiliza\u00e7\u00e3o dos dados pessoais por elas.<\/span><\/p>\n<h3><span style=\"font-weight: 400;\">c. Dados fornecidos voluntariamente pelo usu\u00e1rio<\/span><\/h3>\n<p><span style=\"font-weight: 400;\">No uso de servi\u00e7os espec\u00edficos (por exemplo, newsletter), o Usu\u00e1rio poder\u00e1 ser solicitado a fornecer dados pessoais adicionais, tais como o nome e sobrenome e o endere\u00e7o de e-mail que o Usu\u00e1rio fornecer\u00e1 voluntariamente se desejar utilizar estes servi\u00e7os.<\/span><\/p>\n<p><span style=\"font-weight: 400;\">3. Legitimidade da utiliza\u00e7\u00e3o dos dados pessoais<\/span><\/p>\n<p><span style=\"font-weight: 400;\">As informa\u00e7\u00f5es que coletamos prov\u00eam em sua maioria diretamente do Usu\u00e1rio: elas nos foram fornecidas voluntariamente ou foram necess\u00e1rias para a presta\u00e7\u00e3o de nossos servi\u00e7os.\u00a0<\/span><span style=\"font-weight: 400;\">O fornecimento de Dados Pessoais, que \u00e9 usado exclusivamente para os fins listados no ponto 2. c., \u00e9 opcional.<\/span><\/p>\n<h2><span style=\"font-weight: 400;\">4. Finalidade e m\u00e9todo de tratamento<\/span><\/h2>\n<p><span style=\"font-weight: 400;\">A utiliza\u00e7\u00e3o dos Dados Pessoais do Usu\u00e1rio, com o consentimento espec\u00edfico, quando necess\u00e1rio, tem as seguintes finalidades:<\/span><\/p>\n<h3><span style=\"font-weight: 400;\">a. Permitir a navega\u00e7\u00e3o e acesso ao Portal e do seu conte\u00fado;<\/span><\/h3>\n<h3><span style=\"font-weight: 400;\">b. permitir a presta\u00e7\u00e3o dos servi\u00e7os solicitados (por exemplo, boletim informativo);<\/span><\/h3>\n<h3><span style=\"font-weight: 400;\">c. assegurar a conserva\u00e7\u00e3o, seguran\u00e7a e preserva\u00e7\u00e3o dos dados;<\/span><\/h3>\n<h3><span style=\"font-weight: 400;\">d. cumprir obriga\u00e7\u00f5es legais;<\/span><\/h3>\n<h3><span style=\"font-weight: 400;\">e.\u00a0 garantir a seguran\u00e7a e prevenir condutas fraudulentas.<\/span><\/h3>\n<p>\u00a0<span style=\"font-weight: 400;\">O Tutela Minorum n\u00e3o processar\u00e1 as informa\u00e7\u00f5es fornecidas pelo Usu\u00e1rio para outros fins que n\u00e3o aqueles explicitamente indicados acima.<\/span><\/p>\n<p><span style=\"font-weight: 400;\">Al\u00e9m disso, o Tutela Minorum n\u00e3o tomar\u00e1 decis\u00f5es automatizadas com base nas informa\u00e7\u00f5es fornecidas.<\/span><\/p>\n<p><span style=\"font-weight: 400;\">Todos os Dados Pessoais coletados s\u00e3o processados com ferramentas autom\u00e1ticas e manuais durante o tempo estritamente necess\u00e1rio para atingir somente as finalidades indicadas acima e a fim de garantir sua integridade, confidencialidade e seguran\u00e7a.<\/span><\/p>\n<h2><span style=\"font-weight: 400;\">5. DESTINAT\u00c1RIOS DOS DADOS<\/span><\/h2>\n<p><span style=\"font-weight: 400;\">Os dados pessoais podem ser comunicados pelo Tutela Minorum a outros sujeitos p\u00fablicos e privados somente em virtude da lei, regulamento e\/ou por determina\u00e7\u00e3o de Autoridade Judici\u00e1ria.<\/span><\/p>\n<p><span style=\"font-weight: 400;\">Os Dados Pessoais coletados s\u00e3o processados por pessoal especificamente autorizado (funcion\u00e1rios do Tutela Minorum ou terceiros respons\u00e1veis pelos servi\u00e7os de manuten\u00e7\u00e3o e desenvolvimento dos sistemas utilizados para o gerenciamento informatizado dos Dados Pessoais, bem como por terceiros que gerenciam o gerenciamento do tr\u00e1fego da rede) exclusivamente para fins relacionados ao exerc\u00edcio de suas fun\u00e7\u00f5es. Eles agem com base em instru\u00e7\u00f5es espec\u00edficas fornecidas em rela\u00e7\u00e3o \u00e0s finalidades e m\u00e9todos do pr\u00f3prio processamento em conformidade com a confidencialidade e seguran\u00e7a dos pr\u00f3prios Dados Pessoais e em rela\u00e7\u00e3o aos servi\u00e7os para os quais s\u00e3o designados.<\/span><\/p>\n<p><span style=\"font-weight: 400;\">Alguns dos dados pessoais do usu\u00e1rio podem ser compartilhados e\/ou transferidos, novamente para os fins de processamento referidos no ponto 4 (quatro) com destinat\u00e1rios que est\u00e3o fora do Estado da Cidade do Vaticano. Em qualquer caso, o Tutela Minorum adotar\u00e1 todas as precau\u00e7\u00f5es apropriadas e regras de conduta \u00fateis para preservar a integridade e a confidencialidade dos dados, de acordo com os regulamentos aplic\u00e1veis.<\/span><\/p>\n<h2><span style=\"font-weight: 400;\">6. Cookies e outros sistemas de rastreamento<\/span><\/h2>\n<p><span style=\"font-weight: 400;\">A Tutela Minorum utiliza seus pr\u00f3prios cookies t\u00e9cnicos de sess\u00e3o (n\u00e3o persistentes) estritamente limitados ao que \u00e9 necess\u00e1rio para uma navega\u00e7\u00e3o segura e eficiente do Portal. A Tutela Minorum tamb\u00e9m utiliza cookies de terceiros para an\u00e1lise de dados.<\/span><\/p>\n<p><span style=\"font-weight: 400;\">Favor consultar as p\u00e1ginas relevantes dos termos de servi\u00e7o do YouTube e do Google para maiores informa\u00e7\u00f5es.<\/span><\/p>\n<p><span style=\"font-weight: 400;\">Para obter informa\u00e7\u00f5es detalhadas sobre o tipo de cookies utilizados, voc\u00ea pode consultar nossa p\u00e1gina sobre a Pol\u00edtica de Cookies.<\/span><\/p>\n<h2><span style=\"font-weight: 400;\">7. STORAGE, SECURITY AND DATA CUSTODY<\/span><\/h2>\n<p><span style=\"font-weight: 400;\">ARMAZENAMENTO, SEGURAN\u00c7A E PROTE\u00c7\u00c3O DE DADOS<\/span><\/p>\n<p><span style=\"font-weight: 400;\">A Tutela Minorum mant\u00e9m os Dados Pessoais coletados, de forma precisa, completa e atualizada, desde que estes sejam necess\u00e1rios para a presta\u00e7\u00e3o dos servi\u00e7os aos quais os Dados Pessoais est\u00e3o vinculados.<\/span><\/p>\n<p><span style=\"font-weight: 400;\">Especificamente, no que diz respeito \u00e0 newsletter, os dados pessoais s\u00e3o mantidos durante toda a dura\u00e7\u00e3o da assinatura do mesmo.<\/span><\/p>\n<p><span style=\"font-weight: 400;\">Os dados de navega\u00e7\u00e3o ser\u00e3o mantidos apenas por um per\u00edodo de 12 meses para apurar responsabilidades no caso de hipot\u00e9ticos crimes inform\u00e1ticos contra o Portal ou contra terceiros no caso de uma solicita\u00e7\u00e3o por parte das autoridades policiais competentes.<\/span><\/p>\n<p><span style=\"font-weight: 400;\">Podemos assegurar que todas as medidas necess\u00e1rias foram tomadas para garantir a seguran\u00e7a dos Dados Pessoais ao Usu\u00e1rio, uma vez coletados, atrav\u00e9s do uso de sistemas de computador com acesso limitado e o uso de solu\u00e7\u00f5es de armazenamento protegido de acordo com as normas de seguran\u00e7a previstas para as medidas de seguran\u00e7a indicadas pelas melhores pr\u00e1ticas.<\/span><\/p>\n<p><span style=\"font-weight: 400;\">O Tutela Minorum adota medidas de seguran\u00e7a espec\u00edficas para evitar a perda de dados, uso il\u00edcito ou incorreto e acesso n\u00e3o autorizado.<\/span><\/p>\n<h2><span style=\"font-weight: 400;\">8. Direitos das partes interessadas<\/span><\/h2>\n<p><span style=\"font-weight: 400;\">Os usu\u00e1rios aos quais os Dados Pessoais se referem, em sua qualidade de partes interessadas, podem a qualquer momento exercer:<\/span><\/p>\n<p><span style=\"font-weight: 400;\">&#8211; o direito de acesso ou de ter uma c\u00f3pia dos Dados Pessoais, permitindo-lhe conhecer o tipo de Dados Pessoais do Usu\u00e1rio utilizados pelo Tutela Minorum e as caracter\u00edsticas do tratamento que \u00e9 realizado;<\/span><\/p>\n<p><span style=\"font-weight: 400;\">&#8211; o direito de solicitar a corre\u00e7\u00e3o de Dados Pessoais em caso de omiss\u00f5es ou erros;<\/span><\/p>\n<p><span style=\"font-weight: 400;\">&#8211; cancelamento ou limita\u00e7\u00e3o de tratamento;<\/span><\/p>\n<p><span style=\"font-weight: 400;\">&#8211; o direito de obje\u00e7\u00e3o \u00e0 utiliza\u00e7\u00e3o.<\/span><\/p>\n<p><span style=\"font-weight: 400;\">A parte interessada tamb\u00e9m tem o direito de retirar \/ revogar seu consentimento a qualquer momento, sem entretanto afetar a legalidade do tratamento com base no consentimento dado antes da revoga\u00e7\u00e3o \/ retirada.<\/span><\/p>\n<h4><span style=\"font-weight: 400;\">9. M\u00c9TODO DE EXERC\u00cdCIO DOS DIREITOS DA PARTE INTERESSADA E ELIMINA\u00c7\u00c3O DOS SERVI\u00c7OS OPCIONAIS<\/span><\/h4>\n<p><span style=\"font-weight: 400;\">Para o exerc\u00edcio dos direitos, referidos no ponto 8 (oito), o interessado pode entrar em contato com a Tutela Minorum enviando um e-mail para info@tutelaminorum.va com o assunto &#8220;PERSONAL DATA&#8221;.<\/span><\/p>\n<p><span style=\"font-weight: 400;\">Caso o Usu\u00e1rio tenha se inscrito no servi\u00e7o de newsletter, ele pode a qualquer momento retirar seu consentimento clicando no link &#8220;Descadastrar Newsletter&#8221; localizado na parte inferior das comunica\u00e7\u00f5es das informa\u00e7\u00f5es recebidas e os dados pessoais ser\u00e3o exclu\u00eddos.<\/span><\/p>\n<h2><span style=\"font-weight: 400;\">10. Altera\u00e7\u00f5es<\/span><\/h2>\n<p><span style=\"font-weight: 400;\">Esta pol\u00edtica de privacidade aceitar\u00e1 automaticamente as mudan\u00e7as regulamentares que possam intervir sobre o assunto. A Tutela Minorum se reserva o direito de modificar esta pol\u00edtica de privacidade para atualizar seu conte\u00fado; \u00e9 responsabilidade do Usu\u00e1rio verificar periodicamente quaisquer mudan\u00e7as. Se esta pol\u00edtica estiver sujeita \u00e0 aceita\u00e7\u00e3o (inclusive no caso de assinatura do servi\u00e7o de newsletter), em caso de modifica\u00e7\u00e3o ela estar\u00e1 sujeita a nova aceita\u00e7\u00e3o pelo Usu\u00e1rio.<\/span><\/p>\n<p><span style=\"font-weight: 400;\">Navegar o portal inplica em aceita\u00e7\u00e3o das Pol\u00edticas de Privacidade.<\/span><\/p>\n<p>[\/et_pb_text][\/et_pb_column][\/et_pb_row][\/et_pb_section]<\/p>\n","protected":false},"excerpt":{"rendered":"<p>Privacy PolicyPol\u00edtica de Privacidade e Processamento de Informa\u00e7\u00f5es Pessoais Da Pontif\u00edcia Comiss\u00e3o para a Tutela dos Menores (Tutela Minorum) Com estas informa\u00e7\u00f5es desejamos inform\u00e1-lo sobre como processamos os dados pessoais dos usu\u00e1rios (doravante &#8220;Dados Pessoais&#8221;) que consultam o site www.tutelaminorum.va (doravante &#8220;Portal&#8221;). Abaixo voc\u00ea encontrar\u00e1 informa\u00e7\u00f5es sobre como coletamos, usamos e transferimos os Dados Pessoais [&hellip;]<\/p>\n","protected":false},"author":8,"featured_media":0,"parent":0,"menu_order":0,"comment_status":"closed","ping_status":"closed","template":"","meta":{"_seopress_robots_primary_cat":"","_seopress_titles_title":"","_seopress_titles_desc":"","_seopress_robots_index":"","_et_pb_use_builder":"on","_et_pb_old_content":"","_et_gb_content_width":"","_uag_custom_page_level_css":"","footnotes":""},"class_list":["post-7359","page","type-page","status-publish","hentry"],"uagb_featured_image_src":{"full":false,"thumbnail":false,"medium":false,"medium_large":false,"large":false,"thumblist":false,"thumbrelated":false,"meccarouselthumb":false,"gridsquare":false,"tileview":false,"1536x1536":false,"2048x2048":false,"et-pb-post-main-image":false,"et-pb-post-main-image-fullwidth":false,"et-pb-portfolio-image":false,"et-pb-portfolio-module-image":false,"et-pb-portfolio-image-single":false,"et-pb-gallery-module-image-portrait":false,"et-pb-post-main-image-fullwidth-large":false,"et-pb-image--responsive--desktop":false,"et-pb-image--responsive--tablet":false,"et-pb-image--responsive--phone":false,"mailpoet_newsletter_max":false},"uagb_author_info":{"display_name":"Ivan Turatti","author_link":"https:\/\/www.tutelaminorum.va\/pt-br\/author\/ivan-turatti\/"},"uagb_comment_info":0,"uagb_excerpt":"Privacy PolicyPol\u00edtica de Privacidade e Processamento de Informa\u00e7\u00f5es Pessoais Da Pontif\u00edcia Comiss\u00e3o para a Tutela dos Menores (Tutela Minorum) Com estas informa\u00e7\u00f5es desejamos inform\u00e1-lo sobre como processamos os dados pessoais dos usu\u00e1rios (doravante \"Dados Pessoais\") que consultam o site www.tutelaminorum.va (doravante \"Portal\"). Abaixo voc\u00ea encontrar\u00e1 informa\u00e7\u00f5es sobre como coletamos, usamos e transferimos os Dados Pessoais&hellip;","_links":{"self":[{"href":"https:\/\/www.tutelaminorum.va\/pt-br\/wp-json\/wp\/v2\/pages\/7359","targetHints":{"allow":["GET"]}}],"collection":[{"href":"https:\/\/www.tutelaminorum.va\/pt-br\/wp-json\/wp\/v2\/pages"}],"about":[{"href":"https:\/\/www.tutelaminorum.va\/pt-br\/wp-json\/wp\/v2\/types\/page"}],"author":[{"embeddable":true,"href":"https:\/\/www.tutelaminorum.va\/pt-br\/wp-json\/wp\/v2\/users\/8"}],"replies":[{"embeddable":true,"href":"https:\/\/www.tutelaminorum.va\/pt-br\/wp-json\/wp\/v2\/comments?post=7359"}],"version-history":[{"count":0,"href":"https:\/\/www.tutelaminorum.va\/pt-br\/wp-json\/wp\/v2\/pages\/7359\/revisions"}],"wp:attachment":[{"href":"https:\/\/www.tutelaminorum.va\/pt-br\/wp-json\/wp\/v2\/media?parent=7359"}],"curies":[{"name":"wp","href":"https:\/\/api.w.org\/{rel}","templated":true}]}}