{"id":7578,"date":"2020-09-12T09:01:19","date_gmt":"2020-09-12T07:01:19","guid":{"rendered":"https:\/\/www.tutelaminorum.va\/a-comissao\/bispo-luis-manuel-ali-herrera\/"},"modified":"2021-09-02T18:22:13","modified_gmt":"2021-09-02T16:22:13","slug":"bispo-luis-manuel-ali-herrera","status":"publish","type":"page","link":"https:\/\/www.tutelaminorum.va\/pt-br\/a-comissao\/bispo-luis-manuel-ali-herrera\/","title":{"rendered":"Bispo Luis Manuel ALI HERRERA"},"content":{"rendered":"\n[et_pb_section fb_built=&#8221;1&#8243; custom_padding_last_edited=&#8221;on|phone&#8221; next_background_color=&#8221;#ffffff&#8221; admin_label=&#8221;Hero&#8221; _builder_version=&#8221;4.6.6&#8243; background_image=&#8221;https:\/\/www.tutelaminorum.va\/wp-content\/uploads\/2020\/09\/commission-completa.png&#8221; custom_padding=&#8221;30px||100px||false|false&#8221; custom_padding_tablet=&#8221;&#8221; custom_padding_phone=&#8221;||63px||false|false&#8221; bottom_divider_style=&#8221;curve2&#8243; bottom_divider_arrangement=&#8221;above_content&#8221; bottom_divider_height_tablet=&#8221;&#8221; bottom_divider_height_phone=&#8221;50px&#8221; bottom_divider_height_last_edited=&#8221;on|phone&#8221; hover_enabled=&#8221;0&#8243; global_module=&#8221;2755&#8243; custom_margin_last_edited=&#8221;on|phone&#8221; custom_margin=&#8221;||50px||false|false&#8221; sticky_enabled=&#8221;0&#8243; custom_margin_phone=&#8221;||30px||false|false&#8221;][et_pb_row column_structure=&#8221;1_4,1_2,1_4&#8243; custom_padding_last_edited=&#8221;on|phone&#8221; _builder_version=&#8221;4.6.1&#8243; background_size=&#8221;initial&#8221; background_position=&#8221;top_left&#8221; background_repeat=&#8221;repeat&#8221; width_tablet=&#8221;&#8221; width_phone=&#8221;60%&#8221; width_last_edited=&#8221;on|phone&#8221; custom_margin_tablet=&#8221;&#8221; custom_margin_phone=&#8221;40px||0px||false|false&#8221; custom_margin_last_edited=&#8221;on|phone&#8221; custom_padding=&#8221;|||&#8221; custom_padding_tablet=&#8221;&#8221; custom_padding_phone=&#8221;0px||0px||false|false&#8221; animation_style=&#8221;slide&#8221; animation_direction=&#8221;top&#8221; animation_intensity_slide=&#8221;3%&#8221; module_alignment_tablet=&#8221;&#8221; module_alignment_phone=&#8221;right&#8221; module_alignment_last_edited=&#8221;on|phone&#8221;][et_pb_column type=&#8221;1_4&#8243; _builder_version=&#8221;3.25&#8243; custom_padding=&#8221;|||&#8221; custom_padding__hover=&#8221;|||&#8221;][et_pb_divider show_divider=&#8221;off&#8221; disabled_on=&#8221;on|on|off%22&#8243; _builder_version=&#8221;3.2&#8243; max_width=&#8221;120px&#8221; animation_style=&#8221;slide&#8221; animation_direction=&#8221;top&#8221; animation_intensity_slide=&#8221;30%&#8221;][\/et_pb_divider][\/et_pb_column][et_pb_column type=&#8221;1_2&#8243; _builder_version=&#8221;3.25&#8243; custom_padding=&#8221;|||&#8221; custom_padding__hover=&#8221;|||&#8221;][\/et_pb_column][et_pb_column type=&#8221;1_4&#8243; _builder_version=&#8221;3.25&#8243; custom_padding=&#8221;|||&#8221; custom_padding__hover=&#8221;|||&#8221;][et_pb_text _builder_version=&#8221;4.6.6&#8243; text_font=&#8221;||||||||&#8221; header_font=&#8221;|700||on|||||dotted&#8221; header_text_align=&#8221;center&#8221; header_text_color=&#8221;#ffffff&#8221; header_font_size=&#8221;16px&#8221; header_line_height=&#8221;1.3em&#8221; background_color=&#8221;#f0c12a&#8221; background_size=&#8221;initial&#8221; background_position=&#8221;top_left&#8221; background_repeat=&#8221;repeat&#8221; custom_margin=&#8221;-59px||0px||false|false&#8221; custom_margin_tablet=&#8221;&#8221; custom_margin_phone=&#8221;50px||||false|false&#8221; custom_margin_last_edited=&#8221;on|phone&#8221; custom_padding=&#8221;14px|20%|2px||false|false&#8221; custom_padding_tablet=&#8221;&#8221; custom_padding_phone=&#8221;10px|1%|0px||false|false&#8221; custom_padding_last_edited=&#8221;on|phone&#8221; animation_style=&#8221;fade&#8221; link_option_url=&#8221;https:\/\/tutelaminorum.va\/the-commission&#8221; header_font_size_tablet=&#8221;&#8221; header_font_size_phone=&#8221;16px&#8221; header_font_size_last_edited=&#8221;on|phone&#8221; locked=&#8221;off&#8221;]<h1>A COMISS\u00c3O<\/h1>[\/et_pb_text][\/et_pb_column][\/et_pb_row][\/et_pb_section][et_pb_section fb_built=&#8221;1&#8243; _builder_version=&#8221;4.6.1&#8243; _module_preset=&#8221;default&#8221; custom_margin=&#8221;-1px|||||&#8221; custom_padding=&#8221;0px||0px|||&#8221;][et_pb_row column_structure=&#8221;2_5,3_5&#8243; use_custom_gutter=&#8221;on&#8221; gutter_width=&#8221;1&#8243; _builder_version=&#8221;4.6.1&#8243; _module_preset=&#8221;default&#8221; width=&#8221;100%&#8221; max_width=&#8221;80%&#8221; custom_padding=&#8221;0px||30px||false|false&#8221; border_width_bottom=&#8221;2px&#8221; border_color_bottom=&#8221;#f0c12a&#8221;][et_pb_column type=&#8221;2_5&#8243; _builder_version=&#8221;4.6.1&#8243; _module_preset=&#8221;default&#8221;][et_pb_image src=&#8221;https:\/\/www.tutelaminorum.va\/wp-content\/uploads\/2020\/09\/luis.jpg&#8221; title_text=&#8221;Luis&#8221; align_tablet=&#8221;&#8221; align_phone=&#8221;left&#8221; align_last_edited=&#8221;on|phone&#8221; _builder_version=&#8221;4.6.1&#8243; _module_preset=&#8221;default&#8221; background_color=&#8221;#2b517e&#8221; width=&#8221;75%&#8221; max_width=&#8221;75%&#8221; module_alignment=&#8221;center&#8221; custom_margin=&#8221;||||false|false&#8221; custom_padding=&#8221;||||false|false&#8221; module_alignment_tablet=&#8221;&#8221; module_alignment_phone=&#8221;left&#8221; module_alignment_last_edited=&#8221;on|phone&#8221;][\/et_pb_image][\/et_pb_column][et_pb_column type=&#8221;3_5&#8243; _builder_version=&#8221;4.6.1&#8243; _module_preset=&#8221;default&#8221;][et_pb_text _builder_version=&#8221;4.6.1&#8243; _module_preset=&#8221;default&#8221; header_2_font=&#8221;|600|||||||&#8221; header_2_text_color=&#8221;#2b517e&#8221; header_2_font_size=&#8221;27px&#8221; header_3_font=&#8221;|600|||||||&#8221; header_3_text_color=&#8221;#f0c12a&#8221; header_3_font_size=&#8221;20px&#8221; custom_margin=&#8221;20px||||false|false&#8221; custom_padding=&#8221;||||false|false&#8221;]<h2 style=\"text-align: left;\">Bispo Luis Manuel ALI HERRERA<\/h2>\n<h3>Col\u00f4mbia<\/h3>\n<p><strong>Bispo Auxiliar, Psic\u00f3logo<\/strong><\/p>\n<p><strong>Vig\u00e1rio Geral do Centro de Comunh\u00e3o e Participa\u00e7\u00e3o da Arquidiocese de Bogot\u00e1, respons\u00e1vel pelas comunidades religiosas, movimentos leigos, e tamb\u00e9m pela forma\u00e7\u00e3o, seja inicial como continuativa, dos padres diocesanos.<\/strong> <\/p>\n<p>Bispo Ali Herrera foi o diretor da \u00e1rea de Orienta\u00e7\u00e3o Psicol\u00f3gica do Semin\u00e1rio Conciliar da Arquidiocese de Bogot\u00e1 (2007-2015), onde ele tamb\u00e9m lecionou psicologia do desenvolvimento humano, psicologia social e psicologia pastoral.<\/p>\n<p>Nascido em Barranquilla, Col\u00f4mbia, em 1967, frequentou o Semin\u00e1rio Conciliar de Bogot\u00e1 e foi ordenado sacerdote em 1992.<\/p>\n<p>Depois de se formar em teologia na Pontif\u00edcia Universidade Javeriana de Bogot\u00e1 (2003), se graduou tamb\u00e9m em psicologia pela Pontif\u00edcia Universidade Gregoriana em Roma (2007). Hoje \u00e9 um associado s\u00eanior do Col\u00e9gio Colombiano de Psic\u00f3logos.<\/p>\n<p>Em 2015, Papa Francisco o nomeou Bispo Auxiliar da Arquidiocese de Bogot\u00e1, e Bispo Titular de Giubalziana. Sua consagra\u00e7\u00e3o episcopal se deu na Catedral de Bogot\u00e1 em 12 de Dezembro de 2015. Em 2018, foi nomeado para seu segundo mandato na Pontif\u00edcia Comiss\u00e3o para a Tutela dos Menores.<\/p>[\/et_pb_text][\/et_pb_column][\/et_pb_row][\/et_pb_section][et_pb_section fb_built=&#8221;1&#8243; admin_label=&#8221;Our Teachers Section&#8221; _builder_version=&#8221;3.22&#8243; background_color=&#8221;#fafbfc&#8221; custom_padding=&#8221;27px|0px|11px|0px||&#8221;][et_pb_row use_custom_gutter=&#8221;on&#8221; gutter_width=&#8221;2&#8243; custom_padding_last_edited=&#8221;on|desktop&#8221; _builder_version=&#8221;3.25&#8243; custom_padding=&#8221;9px|||||&#8221; custom_padding_tablet=&#8221;0px||0px|&#8221; custom_padding_phone=&#8221;&#8221; locked=&#8221;off&#8221;][et_pb_column type=&#8221;4_4&#8243; _builder_version=&#8221;3.25&#8243; custom_padding=&#8221;|||&#8221; custom_padding__hover=&#8221;|||&#8221;][et_pb_blog fullwidth=&#8221;off&#8221; posts_number=&#8221;16&#8243; include_categories=&#8221;48&#8243; show_author=&#8221;off&#8221; show_categories=&#8221;off&#8221; _builder_version=&#8221;4.6.6&#8243; _module_preset=&#8221;default&#8221; header_font=&#8221;||||||||&#8221; header_font_size=&#8221;20px&#8221; header_line_height=&#8221;1.3em&#8221; body_font_size=&#8221;14px&#8221; meta_font=&#8221;|600|||||||&#8221; meta_text_color=&#8221;#f0c12a&#8221; meta_font_size=&#8221;13px&#8221; meta_line_height=&#8221;1.5em&#8221; header_font_tablet=&#8221;&#8221; header_font_phone=&#8221;|600|||||||&#8221; header_font_last_edited=&#8221;on|desktop&#8221; header_font_size_tablet=&#8221;&#8221; header_font_size_phone=&#8221;18px&#8221; header_font_size_last_edited=&#8221;on|phone&#8221; border_color_all=&#8221;#eeeeee&#8221;][\/et_pb_blog][\/et_pb_column][\/et_pb_row][\/et_pb_section]\n","protected":false},"excerpt":{"rendered":"<p>A COMISS\u00c3OBispo Luis Manuel ALI HERRERA Col\u00f4mbia Bispo Auxiliar, Psic\u00f3logo Vig\u00e1rio Geral do Centro de Comunh\u00e3o e Participa\u00e7\u00e3o da Arquidiocese de Bogot\u00e1, respons\u00e1vel pelas comunidades religiosas, movimentos leigos, e tamb\u00e9m pela forma\u00e7\u00e3o, seja inicial como continuativa, dos padres diocesanos. Bispo Ali Herrera foi o diretor da \u00e1rea de Orienta\u00e7\u00e3o Psicol\u00f3gica do Semin\u00e1rio Conciliar da Arquidiocese [&hellip;]<\/p>\n","protected":false},"author":1,"featured_media":1998,"parent":7568,"menu_order":0,"comment_status":"closed","ping_status":"closed","template":"","meta":{"_seopress_robots_primary_cat":"","_seopress_titles_title":"","_seopress_titles_desc":"","_seopress_robots_index":"","_et_pb_use_builder":"on","_et_pb_old_content":"","_et_gb_content_width":"","_uag_custom_page_level_css":"","footnotes":""},"class_list":["post-7578","page","type-page","status-publish","has-post-thumbnail","hentry"],"uagb_featured_image_src":{"full":["https:\/\/www.tutelaminorum.va\/wp-content\/uploads\/2020\/09\/luis-1.jpg",500,500,false],"thumbnail":["https:\/\/www.tutelaminorum.va\/wp-content\/uploads\/2020\/09\/luis-1-150x150.jpg",150,150,true],"medium":["https:\/\/www.tutelaminorum.va\/wp-content\/uploads\/2020\/09\/luis-1-300x300.jpg",300,300,true],"medium_large":["https:\/\/www.tutelaminorum.va\/wp-content\/uploads\/2020\/09\/luis-1.jpg",500,500,false],"large":["https:\/\/www.tutelaminorum.va\/wp-content\/uploads\/2020\/09\/luis-1.jpg",500,500,false],"thumblist":["https:\/\/www.tutelaminorum.va\/wp-content\/uploads\/2020\/09\/luis-1-300x300.jpg",300,300,true],"thumbrelated":["https:\/\/www.tutelaminorum.va\/wp-content\/uploads\/2020\/09\/luis-1.jpg",500,500,false],"meccarouselthumb":["https:\/\/www.tutelaminorum.va\/wp-content\/uploads\/2020\/09\/luis-1-474x324.jpg",474,324,true],"gridsquare":["https:\/\/www.tutelaminorum.va\/wp-content\/uploads\/2020\/09\/luis-1-391x260.jpg",391,260,true],"tileview":["https:\/\/www.tutelaminorum.va\/wp-content\/uploads\/2020\/09\/luis-1-300x400.jpg",300,400,true],"1536x1536":["https:\/\/www.tutelaminorum.va\/wp-content\/uploads\/2020\/09\/luis-1.jpg",500,500,false],"2048x2048":["https:\/\/www.tutelaminorum.va\/wp-content\/uploads\/2020\/09\/luis-1.jpg",500,500,false],"et-pb-post-main-image":["https:\/\/www.tutelaminorum.va\/wp-content\/uploads\/2020\/09\/luis-1-400x250.jpg",400,250,true],"et-pb-post-main-image-fullwidth":["https:\/\/www.tutelaminorum.va\/wp-content\/uploads\/2020\/09\/luis-1.jpg",500,500,false],"et-pb-portfolio-image":["https:\/\/www.tutelaminorum.va\/wp-content\/uploads\/2020\/09\/luis-1-400x284.jpg",400,284,true],"et-pb-portfolio-module-image":["https:\/\/www.tutelaminorum.va\/wp-content\/uploads\/2020\/09\/luis-1-500x382.jpg",500,382,true],"et-pb-portfolio-image-single":["https:\/\/www.tutelaminorum.va\/wp-content\/uploads\/2020\/09\/luis-1.jpg",500,500,false],"et-pb-gallery-module-image-portrait":["https:\/\/www.tutelaminorum.va\/wp-content\/uploads\/2020\/09\/luis-1-400x500.jpg",400,500,true],"et-pb-post-main-image-fullwidth-large":["https:\/\/www.tutelaminorum.va\/wp-content\/uploads\/2020\/09\/luis-1.jpg",500,500,false],"et-pb-image--responsive--desktop":["https:\/\/www.tutelaminorum.va\/wp-content\/uploads\/2020\/09\/luis-1.jpg",500,500,false],"et-pb-image--responsive--tablet":["https:\/\/www.tutelaminorum.va\/wp-content\/uploads\/2020\/09\/luis-1.jpg",500,500,false],"et-pb-image--responsive--phone":["https:\/\/www.tutelaminorum.va\/wp-content\/uploads\/2020\/09\/luis-1-480x480.jpg",270,270,true],"mailpoet_newsletter_max":["https:\/\/www.tutelaminorum.va\/wp-content\/uploads\/2020\/09\/luis-1.jpg",500,500,false]},"uagb_author_info":{"display_name":"administrator@tutelaminorum.va","author_link":"https:\/\/www.tutelaminorum.va\/pt-br\/author\/administratortutelaminorum-va\/"},"uagb_comment_info":0,"uagb_excerpt":"A COMISS\u00c3OBispo Luis Manuel ALI HERRERA Col\u00f4mbia Bispo Auxiliar, Psic\u00f3logo Vig\u00e1rio Geral do Centro de Comunh\u00e3o e Participa\u00e7\u00e3o da Arquidiocese de Bogot\u00e1, respons\u00e1vel pelas comunidades religiosas, movimentos leigos, e tamb\u00e9m pela forma\u00e7\u00e3o, seja inicial como continuativa, dos padres diocesanos. Bispo Ali Herrera foi o diretor da \u00e1rea de Orienta\u00e7\u00e3o Psicol\u00f3gica do Semin\u00e1rio Conciliar da Arquidiocese&hellip;","_links":{"self":[{"href":"https:\/\/www.tutelaminorum.va\/pt-br\/wp-json\/wp\/v2\/pages\/7578","targetHints":{"allow":["GET"]}}],"collection":[{"href":"https:\/\/www.tutelaminorum.va\/pt-br\/wp-json\/wp\/v2\/pages"}],"about":[{"href":"https:\/\/www.tutelaminorum.va\/pt-br\/wp-json\/wp\/v2\/types\/page"}],"author":[{"embeddable":true,"href":"https:\/\/www.tutelaminorum.va\/pt-br\/wp-json\/wp\/v2\/users\/1"}],"replies":[{"embeddable":true,"href":"https:\/\/www.tutelaminorum.va\/pt-br\/wp-json\/wp\/v2\/comments?post=7578"}],"version-history":[{"count":0,"href":"https:\/\/www.tutelaminorum.va\/pt-br\/wp-json\/wp\/v2\/pages\/7578\/revisions"}],"up":[{"embeddable":true,"href":"https:\/\/www.tutelaminorum.va\/pt-br\/wp-json\/wp\/v2\/pages\/7568"}],"wp:featuredmedia":[{"embeddable":true,"href":"https:\/\/www.tutelaminorum.va\/pt-br\/wp-json\/wp\/v2\/media\/1998"}],"wp:attachment":[{"href":"https:\/\/www.tutelaminorum.va\/pt-br\/wp-json\/wp\/v2\/media?parent=7578"}],"curies":[{"name":"wp","href":"https:\/\/api.w.org\/{rel}","templated":true}]}}