{"id":7614,"date":"2020-09-15T09:39:10","date_gmt":"2020-09-15T07:39:10","guid":{"rendered":"https:\/\/www.tutelaminorum.va\/a-comissao\/ir-arina-gonsalves-rjm\/"},"modified":"2021-09-06T17:32:39","modified_gmt":"2021-09-06T15:32:39","slug":"ir-arina-gonsalves-rjm","status":"publish","type":"page","link":"https:\/\/www.tutelaminorum.va\/pt-br\/a-comissao\/ir-arina-gonsalves-rjm\/","title":{"rendered":"IR. ARINA GONSALVES, RJM"},"content":{"rendered":"<p>[et_pb_section fb_built=&#8221;1&#8243; custom_padding_last_edited=&#8221;on|phone&#8221; next_background_color=&#8221;#ffffff&#8221; admin_label=&#8221;Hero&#8221; _builder_version=&#8221;4.6.6&#8243; background_image=&#8221;https:\/\/www.tutelaminorum.va\/wp-content\/uploads\/2020\/09\/commission-completa.png&#8221; custom_margin=&#8221;||50px||false|false&#8221; custom_margin_tablet=&#8221;&#8221; custom_margin_phone=&#8221;||30px||false|false&#8221; custom_margin_last_edited=&#8221;on|phone&#8221; custom_padding=&#8221;30px||100px||false|false&#8221; custom_padding_tablet=&#8221;&#8221; custom_padding_phone=&#8221;||63px||false|false&#8221; bottom_divider_style=&#8221;curve2&#8243; bottom_divider_arrangement=&#8221;above_content&#8221; bottom_divider_height_tablet=&#8221;&#8221; bottom_divider_height_phone=&#8221;50px&#8221; bottom_divider_height_last_edited=&#8221;on|phone&#8221; global_colors_info=&#8221;{}&#8221;][et_pb_row column_structure=&#8221;1_4,1_2,1_4&#8243; custom_padding_last_edited=&#8221;on|phone&#8221; _builder_version=&#8221;4.6.1&#8243; background_size=&#8221;initial&#8221; background_position=&#8221;top_left&#8221; background_repeat=&#8221;repeat&#8221; width_tablet=&#8221;&#8221; width_phone=&#8221;60%&#8221; width_last_edited=&#8221;on|phone&#8221; custom_margin_tablet=&#8221;&#8221; custom_margin_phone=&#8221;40px||0px||false|false&#8221; custom_margin_last_edited=&#8221;on|phone&#8221; custom_padding=&#8221;|||&#8221; custom_padding_tablet=&#8221;&#8221; custom_padding_phone=&#8221;0px||0px||false|false&#8221; animation_style=&#8221;slide&#8221; animation_direction=&#8221;top&#8221; animation_intensity_slide=&#8221;3%&#8221; module_alignment_tablet=&#8221;&#8221; module_alignment_phone=&#8221;right&#8221; module_alignment_last_edited=&#8221;on|phone&#8221; global_colors_info=&#8221;{}&#8221;][et_pb_column type=&#8221;1_4&#8243; _builder_version=&#8221;3.25&#8243; custom_padding=&#8221;|||&#8221; global_colors_info=&#8221;{}&#8221; custom_padding__hover=&#8221;|||&#8221;][et_pb_divider show_divider=&#8221;off&#8221; disabled_on=&#8221;on|on|off%22&#8243; _builder_version=&#8221;3.2&#8243; max_width=&#8221;120px&#8221; animation_style=&#8221;slide&#8221; animation_direction=&#8221;top&#8221; animation_intensity_slide=&#8221;30%&#8221; global_colors_info=&#8221;{}&#8221;][\/et_pb_divider][\/et_pb_column][et_pb_column type=&#8221;1_2&#8243; _builder_version=&#8221;3.25&#8243; custom_padding=&#8221;|||&#8221; global_colors_info=&#8221;{}&#8221; custom_padding__hover=&#8221;|||&#8221;][\/et_pb_column][et_pb_column type=&#8221;1_4&#8243; _builder_version=&#8221;3.25&#8243; custom_padding=&#8221;|||&#8221; global_colors_info=&#8221;{}&#8221; custom_padding__hover=&#8221;|||&#8221;][et_pb_text _builder_version=&#8221;4.6.6&#8243; text_font=&#8221;||||||||&#8221; header_font=&#8221;|700||on|||||dotted&#8221; header_text_align=&#8221;center&#8221; header_text_color=&#8221;#ffffff&#8221; header_font_size=&#8221;16px&#8221; header_line_height=&#8221;1.3em&#8221; background_color=&#8221;#f0c12a&#8221; background_size=&#8221;initial&#8221; background_position=&#8221;top_left&#8221; background_repeat=&#8221;repeat&#8221; custom_margin=&#8221;-59px||0px||false|false&#8221; custom_margin_tablet=&#8221;&#8221; custom_margin_phone=&#8221;50px||||false|false&#8221; custom_margin_last_edited=&#8221;on|phone&#8221; custom_padding=&#8221;14px|20%|2px||false|false&#8221; custom_padding_tablet=&#8221;&#8221; custom_padding_phone=&#8221;10px|1%|0px||false|false&#8221; custom_padding_last_edited=&#8221;on|phone&#8221; animation_style=&#8221;fade&#8221; link_option_url=&#8221;https:\/\/tutelaminorum.va\/the-commission&#8221; header_font_size_tablet=&#8221;&#8221; header_font_size_phone=&#8221;16px&#8221; header_font_size_last_edited=&#8221;on|phone&#8221; locked=&#8221;off&#8221; global_colors_info=&#8221;{}&#8221;]<\/p>\n<h1>A COMISS\u00c3O<\/h1>\n<p>[\/et_pb_text][\/et_pb_column][\/et_pb_row][\/et_pb_section][et_pb_section fb_built=&#8221;1&#8243; _builder_version=&#8221;4.6.1&#8243; _module_preset=&#8221;default&#8221; custom_margin=&#8221;-1px|||||&#8221; custom_padding=&#8221;0px||0px|||&#8221; global_colors_info=&#8221;{}&#8221;][et_pb_row column_structure=&#8221;2_5,3_5&#8243; use_custom_gutter=&#8221;on&#8221; gutter_width=&#8221;1&#8243; _builder_version=&#8221;4.6.1&#8243; _module_preset=&#8221;default&#8221; width=&#8221;100%&#8221; max_width=&#8221;80%&#8221; custom_padding=&#8221;0px||30px||false|false&#8221; border_width_bottom=&#8221;2px&#8221; border_color_bottom=&#8221;#f0c12a&#8221; global_colors_info=&#8221;{}&#8221;][et_pb_column type=&#8221;2_5&#8243; _builder_version=&#8221;4.6.1&#8243; _module_preset=&#8221;default&#8221; global_colors_info=&#8221;{}&#8221;][et_pb_image src=&#8221;https:\/\/www.tutelaminorum.va\/wp-content\/uploads\/2020\/10\/4.png&#8221; title_text=&#8221;4&#8243; align_tablet=&#8221;&#8221; align_phone=&#8221;left&#8221; align_last_edited=&#8221;on|phone&#8221; _builder_version=&#8221;4.6.6&#8243; _module_preset=&#8221;default&#8221; background_color=&#8221;#2b517e&#8221; width=&#8221;75%&#8221; max_width=&#8221;75%&#8221; module_alignment=&#8221;center&#8221; custom_margin=&#8221;||||false|false&#8221; custom_padding=&#8221;||||false|false&#8221; module_alignment_tablet=&#8221;&#8221; module_alignment_phone=&#8221;left&#8221; module_alignment_last_edited=&#8221;on|phone&#8221; global_colors_info=&#8221;{}&#8221;][\/et_pb_image][\/et_pb_column][et_pb_column type=&#8221;3_5&#8243; _builder_version=&#8221;4.6.1&#8243; _module_preset=&#8221;default&#8221; global_colors_info=&#8221;{}&#8221;][et_pb_text _builder_version=&#8221;4.6.1&#8243; _module_preset=&#8221;default&#8221; header_2_font=&#8221;|600|||||||&#8221; header_2_text_color=&#8221;#2b517e&#8221; header_2_font_size=&#8221;27px&#8221; header_3_font=&#8221;|600|||||||&#8221; header_3_text_color=&#8221;#f0c12a&#8221; header_3_font_size=&#8221;20px&#8221; custom_margin=&#8221;20px||||false|false&#8221; custom_padding=&#8221;||||false|false&#8221; global_colors_info=&#8221;{}&#8221;]<\/p>\n<h2 style=\"text-align: left;\">IR. ARINA GONSALVES, RJM<\/h2>\n<h3>India<\/h3>\n<p><strong>Educadora, Advogada e Conselheira<\/strong><\/p>\n<p><strong>Vice-provincial das Religiosas de Jesus e Maria (Prov\u00edncia de Pune e \u00cdndia). Com bacharelado em sociologia, educa\u00e7\u00e3o e direito e mestre em hist\u00f3ria, Irm\u00e3 Arina \u00e9 especialista em sistemas educacionais, pedagogia e direito civil, al\u00e9m de ser uma conselheira certificada. Respons\u00e1vel pela Miss\u00e3o Apost\u00f3lica, Catecismo e Educa\u00e7\u00e3o aos Valores Crist\u00e3os.<\/strong><\/p>\n<p><span style=\"font-weight: 400;\">Ir. Irm\u00e3 Arina trabalha como<\/span><span style=\"font-weight: 400;\">administradora da escola de ensino m\u00e9dio St. Agnes e na St. Margaret\u00b4s Training College, ambas em Byculla, Mumbai.<\/span><span style=\"font-weight: 400;\">Serve ao convento de Jesus e Maria em Kharghar, Nova Mumbai, ao Convento da Escola de Jesus e Maria em Palli, Vasai e <\/span> <span style=\"font-weight: 400;\">a escola prim\u00e1ria de Prem Dan para crian\u00e7as de rua em Reay Road, Mumbai. Ela \u00e9 a respons\u00e1vel pelo Convento de Jesus e da Escola Especial Maria, Byculla, Mumbai, para crian\u00e7as portadoras de necessidades especiais e tamb\u00e9m a vice-presidente da Uddhaar, uma ONG que promove projetos educacionais rurais na \u00cdndia.<\/span><\/p>\n<p><span style=\"font-weight: 400;\">Ir. Arina tamb\u00e9m j\u00e1 serviu a sua diocese como consultora em casos de abuso sexual de menores, integrando e presidindo pain\u00e9is de especialistas no campo, <\/span><span style=\"font-weight: 400;\">al\u00e9m de atuar como presidente do International Enquiry Committee da Arquidiocese de Mumbai.<\/span><\/p>\n<p><span style=\"font-weight: 400;\">Membro da WRCFE Western Region Commission for Education (Forum of Catholic Bishop of Western India) desde 2011 e membro da Associa\u00e7\u00e3o de Advogados Cat\u00f3licos, Catholic Lawyers Guild, em Mumbai do Sul.<\/span><\/p>\n<p><span style=\"font-weight: 400;\">Em 2018, Papa Francisco a nomeou como membro da Pontif\u00edcia Comiss\u00e3o para a Tutela dos Menores.<\/span><\/p>\n<p>[\/et_pb_text][\/et_pb_column][\/et_pb_row][\/et_pb_section][et_pb_section fb_built=&#8221;1&#8243; admin_label=&#8221;Our Teachers Section&#8221; _builder_version=&#8221;3.22&#8243; background_color=&#8221;#fafbfc&#8221; custom_padding=&#8221;27px|0px|11px|0px||&#8221; global_colors_info=&#8221;{}&#8221;][et_pb_row use_custom_gutter=&#8221;on&#8221; gutter_width=&#8221;2&#8243; custom_padding_last_edited=&#8221;on|desktop&#8221; _builder_version=&#8221;3.25&#8243; custom_padding=&#8221;9px|||||&#8221; custom_padding_tablet=&#8221;0px||0px|&#8221; custom_padding_phone=&#8221;&#8221; locked=&#8221;off&#8221; global_colors_info=&#8221;{}&#8221;][et_pb_column type=&#8221;4_4&#8243; _builder_version=&#8221;3.25&#8243; custom_padding=&#8221;|||&#8221; global_colors_info=&#8221;{}&#8221; custom_padding__hover=&#8221;|||&#8221;][et_pb_blog fullwidth=&#8221;off&#8221; posts_number=&#8221;16&#8243; include_categories=&#8221;49&#8243; show_author=&#8221;off&#8221; show_categories=&#8221;off&#8221; _builder_version=&#8221;4.6.6&#8243; _module_preset=&#8221;default&#8221; header_font=&#8221;||||||||&#8221; header_font_size=&#8221;20px&#8221; header_line_height=&#8221;1.3em&#8221; body_font_size=&#8221;14px&#8221; meta_font=&#8221;|600|||||||&#8221; meta_text_color=&#8221;#f0c12a&#8221; meta_font_size=&#8221;13px&#8221; meta_line_height=&#8221;1.5em&#8221; header_font_tablet=&#8221;&#8221; header_font_phone=&#8221;|600|||||||&#8221; header_font_last_edited=&#8221;on|desktop&#8221; header_font_size_tablet=&#8221;&#8221; header_font_size_phone=&#8221;18px&#8221; header_font_size_last_edited=&#8221;on|phone&#8221; border_color_all=&#8221;#eeeeee&#8221; global_colors_info=&#8221;{}&#8221;][\/et_pb_blog][\/et_pb_column][\/et_pb_row][\/et_pb_section]<\/p>\n","protected":false},"excerpt":{"rendered":"<p>A COMISS\u00c3OIR. ARINA GONSALVES, RJM India Educadora, Advogada e Conselheira Vice-provincial das Religiosas de Jesus e Maria (Prov\u00edncia de Pune e \u00cdndia). Com bacharelado em sociologia, educa\u00e7\u00e3o e direito e mestre em hist\u00f3ria, Irm\u00e3 Arina \u00e9 especialista em sistemas educacionais, pedagogia e direito civil, al\u00e9m de ser uma conselheira certificada. Respons\u00e1vel pela Miss\u00e3o Apost\u00f3lica, Catecismo [&hellip;]<\/p>\n","protected":false},"author":1,"featured_media":0,"parent":7568,"menu_order":0,"comment_status":"closed","ping_status":"closed","template":"","meta":{"_seopress_robots_primary_cat":"","_seopress_titles_title":"","_seopress_titles_desc":"","_seopress_robots_index":"","_et_pb_use_builder":"on","_et_pb_old_content":"","_et_gb_content_width":"","_uag_custom_page_level_css":"","footnotes":""},"class_list":["post-7614","page","type-page","status-publish","hentry"],"uagb_featured_image_src":{"full":false,"thumbnail":false,"medium":false,"medium_large":false,"large":false,"thumblist":false,"thumbrelated":false,"meccarouselthumb":false,"gridsquare":false,"tileview":false,"1536x1536":false,"2048x2048":false,"et-pb-post-main-image":false,"et-pb-post-main-image-fullwidth":false,"et-pb-portfolio-image":false,"et-pb-portfolio-module-image":false,"et-pb-portfolio-image-single":false,"et-pb-gallery-module-image-portrait":false,"et-pb-post-main-image-fullwidth-large":false,"et-pb-image--responsive--desktop":false,"et-pb-image--responsive--tablet":false,"et-pb-image--responsive--phone":false,"mailpoet_newsletter_max":false},"uagb_author_info":{"display_name":"administrator@tutelaminorum.va","author_link":"https:\/\/www.tutelaminorum.va\/pt-br\/author\/administratortutelaminorum-va\/"},"uagb_comment_info":0,"uagb_excerpt":"A COMISS\u00c3OIR. ARINA GONSALVES, RJM India Educadora, Advogada e Conselheira Vice-provincial das Religiosas de Jesus e Maria (Prov\u00edncia de Pune e \u00cdndia). Com bacharelado em sociologia, educa\u00e7\u00e3o e direito e mestre em hist\u00f3ria, Irm\u00e3 Arina \u00e9 especialista em sistemas educacionais, pedagogia e direito civil, al\u00e9m de ser uma conselheira certificada. Respons\u00e1vel pela Miss\u00e3o Apost\u00f3lica, Catecismo&hellip;","_links":{"self":[{"href":"https:\/\/www.tutelaminorum.va\/pt-br\/wp-json\/wp\/v2\/pages\/7614","targetHints":{"allow":["GET"]}}],"collection":[{"href":"https:\/\/www.tutelaminorum.va\/pt-br\/wp-json\/wp\/v2\/pages"}],"about":[{"href":"https:\/\/www.tutelaminorum.va\/pt-br\/wp-json\/wp\/v2\/types\/page"}],"author":[{"embeddable":true,"href":"https:\/\/www.tutelaminorum.va\/pt-br\/wp-json\/wp\/v2\/users\/1"}],"replies":[{"embeddable":true,"href":"https:\/\/www.tutelaminorum.va\/pt-br\/wp-json\/wp\/v2\/comments?post=7614"}],"version-history":[{"count":0,"href":"https:\/\/www.tutelaminorum.va\/pt-br\/wp-json\/wp\/v2\/pages\/7614\/revisions"}],"up":[{"embeddable":true,"href":"https:\/\/www.tutelaminorum.va\/pt-br\/wp-json\/wp\/v2\/pages\/7568"}],"wp:attachment":[{"href":"https:\/\/www.tutelaminorum.va\/pt-br\/wp-json\/wp\/v2\/media?parent=7614"}],"curies":[{"name":"wp","href":"https:\/\/api.w.org\/{rel}","templated":true}]}}