{"id":7632,"date":"2020-09-15T08:40:43","date_gmt":"2020-09-15T06:40:43","guid":{"rendered":"https:\/\/www.tutelaminorum.va\/a-comissao\/reverendo-dr-hans-zollner-sj\/"},"modified":"2021-09-06T17:34:14","modified_gmt":"2021-09-06T15:34:14","slug":"reverendo-dr-hans-zollner-sj","status":"publish","type":"page","link":"https:\/\/www.tutelaminorum.va\/pt-br\/a-comissao\/reverendo-dr-hans-zollner-sj\/","title":{"rendered":"Reverendo Dr. Hans Zollner, SJ"},"content":{"rendered":"<p>[et_pb_section fb_built=&#8221;1&#8243; custom_padding_last_edited=&#8221;on|phone&#8221; next_background_color=&#8221;#ffffff&#8221; admin_label=&#8221;Hero&#8221; _builder_version=&#8221;4.7.7&#8243; background_image=&#8221;https:\/\/www.tutelaminorum.va\/wp-content\/uploads\/2021\/01\/commission_300dpi_2.png&#8221; custom_margin=&#8221;||50px||false|false&#8221; custom_margin_tablet=&#8221;&#8221; custom_margin_phone=&#8221;||30px||false|false&#8221; custom_margin_last_edited=&#8221;on|phone&#8221; custom_padding=&#8221;30px||100px||false|false&#8221; custom_padding_tablet=&#8221;&#8221; custom_padding_phone=&#8221;||63px||false|false&#8221; bottom_divider_style=&#8221;curve2&#8243; bottom_divider_arrangement=&#8221;above_content&#8221; bottom_divider_height_tablet=&#8221;&#8221; bottom_divider_height_phone=&#8221;50px&#8221; bottom_divider_height_last_edited=&#8221;on|phone&#8221; saved_tabs=&#8221;all&#8221; global_colors_info=&#8221;{}&#8221;][et_pb_row column_structure=&#8221;1_4,1_2,1_4&#8243; custom_padding_last_edited=&#8221;on|phone&#8221; _builder_version=&#8221;4.6.1&#8243; background_size=&#8221;initial&#8221; background_position=&#8221;top_left&#8221; background_repeat=&#8221;repeat&#8221; width_tablet=&#8221;&#8221; width_phone=&#8221;60%&#8221; width_last_edited=&#8221;on|phone&#8221; custom_margin_tablet=&#8221;&#8221; custom_margin_phone=&#8221;40px||0px||false|false&#8221; custom_margin_last_edited=&#8221;on|phone&#8221; custom_padding=&#8221;|||&#8221; custom_padding_tablet=&#8221;&#8221; custom_padding_phone=&#8221;0px||0px||false|false&#8221; animation_style=&#8221;slide&#8221; animation_direction=&#8221;top&#8221; animation_intensity_slide=&#8221;3%&#8221; module_alignment_tablet=&#8221;&#8221; module_alignment_phone=&#8221;right&#8221; module_alignment_last_edited=&#8221;on|phone&#8221; global_colors_info=&#8221;{}&#8221;][et_pb_column type=&#8221;1_4&#8243; _builder_version=&#8221;3.25&#8243; custom_padding=&#8221;|||&#8221; global_colors_info=&#8221;{}&#8221; custom_padding__hover=&#8221;|||&#8221;][et_pb_divider show_divider=&#8221;off&#8221; disabled_on=&#8221;on|on|off%22&#8243; _builder_version=&#8221;3.2&#8243; max_width=&#8221;120px&#8221; animation_style=&#8221;slide&#8221; animation_direction=&#8221;top&#8221; animation_intensity_slide=&#8221;30%&#8221; global_colors_info=&#8221;{}&#8221;][\/et_pb_divider][\/et_pb_column][et_pb_column type=&#8221;1_2&#8243; _builder_version=&#8221;3.25&#8243; custom_padding=&#8221;|||&#8221; global_colors_info=&#8221;{}&#8221; custom_padding__hover=&#8221;|||&#8221;][\/et_pb_column][et_pb_column type=&#8221;1_4&#8243; _builder_version=&#8221;3.25&#8243; custom_padding=&#8221;|||&#8221; global_colors_info=&#8221;{}&#8221; custom_padding__hover=&#8221;|||&#8221;][et_pb_text _builder_version=&#8221;4.9.4&#8243; text_font=&#8221;||||||||&#8221; header_font=&#8221;|700||on|||||dotted&#8221; header_text_align=&#8221;center&#8221; header_text_color=&#8221;#ffffff&#8221; header_font_size=&#8221;16px&#8221; header_line_height=&#8221;1.3em&#8221; background_color=&#8221;#f0c12a&#8221; background_size=&#8221;initial&#8221; background_position=&#8221;top_left&#8221; background_repeat=&#8221;repeat&#8221; custom_margin=&#8221;-59px||0px||false|false&#8221; custom_margin_tablet=&#8221;&#8221; custom_margin_phone=&#8221;50px||||false|false&#8221; custom_margin_last_edited=&#8221;on|phone&#8221; custom_padding=&#8221;14px|20%|2px||false|false&#8221; custom_padding_tablet=&#8221;&#8221; custom_padding_phone=&#8221;10px|1%|0px||false|false&#8221; custom_padding_last_edited=&#8221;on|phone&#8221; animation_style=&#8221;fade&#8221; link_option_url=&#8221;https:\/\/tutelaminorum.va\/the-commission&#8221; header_font_size_tablet=&#8221;&#8221; header_font_size_phone=&#8221;16px&#8221; header_font_size_last_edited=&#8221;on|phone&#8221; locked=&#8221;off&#8221; global_colors_info=&#8221;{}&#8221;]<\/p>\n<h1>A COMISS\u00c3O<\/h1>\n<p>[\/et_pb_text][\/et_pb_column][\/et_pb_row][\/et_pb_section][et_pb_section fb_built=&#8221;1&#8243; _builder_version=&#8221;4.6.1&#8243; _module_preset=&#8221;default&#8221; custom_margin=&#8221;-1px|||||&#8221; custom_padding=&#8221;0px||0px|||&#8221; global_colors_info=&#8221;{}&#8221;][et_pb_row column_structure=&#8221;2_5,3_5&#8243; use_custom_gutter=&#8221;on&#8221; gutter_width=&#8221;1&#8243; _builder_version=&#8221;4.9.7&#8243; _module_preset=&#8221;default&#8221; width=&#8221;100%&#8221; max_width=&#8221;80%&#8221; custom_padding=&#8221;0px||30px||false|false&#8221; border_width_bottom=&#8221;2px&#8221; border_color_bottom=&#8221;#f0c12a&#8221; global_colors_info=&#8221;{}&#8221;][et_pb_column type=&#8221;2_5&#8243; _builder_version=&#8221;4.6.1&#8243; _module_preset=&#8221;default&#8221; global_colors_info=&#8221;{}&#8221;][et_pb_image src=&#8221;https:\/\/www.tutelaminorum.va\/wp-content\/uploads\/2021\/02\/HZ-photo-2020-07-13-m.jpg&#8221; alt=&#8221;HZ photo 2020-07-13 m&#8221; title_text=&#8221;HZ photo 2020-07-13 m&#8221; align_tablet=&#8221;&#8221; align_phone=&#8221;left&#8221; align_last_edited=&#8221;on|phone&#8221; _builder_version=&#8221;4.8.2&#8243; _module_preset=&#8221;default&#8221; background_color=&#8221;#2b517e&#8221; width=&#8221;75%&#8221; max_width=&#8221;75%&#8221; module_alignment=&#8221;center&#8221; custom_margin=&#8221;||||false|false&#8221; custom_padding=&#8221;||||false|false&#8221; module_alignment_tablet=&#8221;&#8221; module_alignment_phone=&#8221;left&#8221; module_alignment_last_edited=&#8221;on|phone&#8221; global_colors_info=&#8221;{}&#8221;][\/et_pb_image][\/et_pb_column][et_pb_column type=&#8221;3_5&#8243; _builder_version=&#8221;4.6.1&#8243; _module_preset=&#8221;default&#8221; global_colors_info=&#8221;{}&#8221;][et_pb_text _builder_version=&#8221;4.6.1&#8243; _module_preset=&#8221;default&#8221; header_2_font=&#8221;|600|||||||&#8221; header_2_text_color=&#8221;#2b517e&#8221; header_2_font_size=&#8221;27px&#8221; header_3_font=&#8221;|600|||||||&#8221; header_3_text_color=&#8221;#f0c12a&#8221; header_3_font_size=&#8221;20px&#8221; custom_margin=&#8221;20px||||false|false&#8221; custom_padding=&#8221;|||4px|false|false&#8221; global_colors_info=&#8221;{}&#8221;]<\/p>\n<h2 style=\"text-align: left;\">Reverendo Dr. Hans Zollner, SJ<\/h2>\n<h3>Alemanha<\/h3>\n<p><strong>Presidente e fundador do Centre for Child Protection. (criado em 2012) da Pontif\u00edcia Universidade Gregoriana e professor do Instituto de Psicologia<\/strong><\/p>\n<p>Pe. Zollner, SJ, nasceu em 1966 em Regensburg (Alemanha). Ele possui uma S.T.D. e \u00e9 um psic\u00f3logo e psicoterapeuta licenciado.<\/p>\n<p>Desde 2003 ele \u00e9 professor titular no Instituto de Psicologia da Pontif\u00edcia Universidade Gregoriana.<\/p>\n<p>Foi o presidente fundador do Centro para a Protec\u00e7\u00e3o da Crian\u00e7a (est. 2012) na Pontif\u00edcia Universidade Gregoriana.<\/p>\n<p>Pe. Zollner, SJ, foi membro do grupo de trabalho cient\u00edfico da &#8220;Mesa Redonda sobre Viol\u00eancia Sexual contra Menores&#8221; do Governo Federal da Alemanha em 2010-2011.<\/p>\n<p>O Pe. Zollner, SJ, foi presidente dos comit\u00eas organizadores do simp\u00f3sio &#8220;Rumo \u00e0 Cura e Renova\u00e7\u00e3o&#8221; sobre abuso sexual de menores (fevereiro de 2012) e do congresso mundial &#8220;Dignidade Infantil no Mundo Digital&#8221; (2017); ele foi membro do comit\u00ea organizador da c\u00fapula sobre Prote\u00e7\u00e3o \u00e0 Crian\u00e7a no Vaticano (2019).<\/p>\n<p>Desde 2015, ele \u00e9 professor honor\u00e1rio no Departamento de Teologia e Religi\u00e3o da Universidade de Durham (Inglaterra).<\/p>\n<p>Pe. Zollner, SJ, foi nomeado consultor da Congrega\u00e7\u00e3o para o Clero em 2017.<\/p>\n<p>Em 2018, o Papa Francisco nomeou o Pe. Zollner, SJ, para um segundo mandato na Pontif\u00edcia Comiss\u00e3o para a Tutela dos Menores.<\/p>\n<p>&nbsp;<\/p>\n<p>[\/et_pb_text][\/et_pb_column][\/et_pb_row][\/et_pb_section][et_pb_section fb_built=&#8221;1&#8243; admin_label=&#8221;Our Teachers Section&#8221; _builder_version=&#8221;3.22&#8243; background_color=&#8221;#fafbfc&#8221; custom_padding=&#8221;27px|0px|11px|0px||&#8221; global_colors_info=&#8221;{}&#8221;][et_pb_row use_custom_gutter=&#8221;on&#8221; gutter_width=&#8221;2&#8243; custom_padding_last_edited=&#8221;on|desktop&#8221; _builder_version=&#8221;3.25&#8243; custom_padding=&#8221;9px|||||&#8221; custom_padding_tablet=&#8221;0px||0px|&#8221; custom_padding_phone=&#8221;&#8221; locked=&#8221;off&#8221; global_colors_info=&#8221;{}&#8221;][et_pb_column type=&#8221;4_4&#8243; _builder_version=&#8221;3.25&#8243; custom_padding=&#8221;|||&#8221; global_colors_info=&#8221;{}&#8221; custom_padding__hover=&#8221;|||&#8221;][et_pb_blog fullwidth=&#8221;off&#8221; posts_number=&#8221;16&#8243; include_categories=&#8221;42&#8243; show_author=&#8221;off&#8221; show_categories=&#8221;off&#8221; _builder_version=&#8221;4.6.6&#8243; _module_preset=&#8221;default&#8221; header_font=&#8221;||||||||&#8221; header_font_size=&#8221;20px&#8221; header_line_height=&#8221;1.3em&#8221; body_font_size=&#8221;14px&#8221; meta_font=&#8221;|600|||||||&#8221; meta_text_color=&#8221;#f0c12a&#8221; meta_font_size=&#8221;13px&#8221; meta_line_height=&#8221;1.5em&#8221; header_font_tablet=&#8221;&#8221; header_font_phone=&#8221;|600|||||||&#8221; header_font_last_edited=&#8221;on|desktop&#8221; header_font_size_tablet=&#8221;&#8221; header_font_size_phone=&#8221;18px&#8221; header_font_size_last_edited=&#8221;on|phone&#8221; border_color_all=&#8221;#eeeeee&#8221; global_colors_info=&#8221;{}&#8221;][\/et_pb_blog][\/et_pb_column][\/et_pb_row][\/et_pb_section]<\/p>\n","protected":false},"excerpt":{"rendered":"<p>A COMISS\u00c3OReverendo Dr. Hans Zollner, SJ Alemanha Presidente e fundador do Centre for Child Protection. (criado em 2012) da Pontif\u00edcia Universidade Gregoriana e professor do Instituto de Psicologia Pe. Zollner, SJ, nasceu em 1966 em Regensburg (Alemanha). Ele possui uma S.T.D. e \u00e9 um psic\u00f3logo e psicoterapeuta licenciado. Desde 2003 ele \u00e9 professor titular no [&hellip;]<\/p>\n","protected":false},"author":1,"featured_media":0,"parent":7568,"menu_order":0,"comment_status":"closed","ping_status":"closed","template":"","meta":{"_seopress_robots_primary_cat":"","_seopress_titles_title":"","_seopress_titles_desc":"","_seopress_robots_index":"","_et_pb_use_builder":"on","_et_pb_old_content":"","_et_gb_content_width":"","_uag_custom_page_level_css":"","footnotes":""},"class_list":["post-7632","page","type-page","status-publish","hentry"],"uagb_featured_image_src":{"full":false,"thumbnail":false,"medium":false,"medium_large":false,"large":false,"thumblist":false,"thumbrelated":false,"meccarouselthumb":false,"gridsquare":false,"tileview":false,"1536x1536":false,"2048x2048":false,"et-pb-post-main-image":false,"et-pb-post-main-image-fullwidth":false,"et-pb-portfolio-image":false,"et-pb-portfolio-module-image":false,"et-pb-portfolio-image-single":false,"et-pb-gallery-module-image-portrait":false,"et-pb-post-main-image-fullwidth-large":false,"et-pb-image--responsive--desktop":false,"et-pb-image--responsive--tablet":false,"et-pb-image--responsive--phone":false,"mailpoet_newsletter_max":false},"uagb_author_info":{"display_name":"administrator@tutelaminorum.va","author_link":"https:\/\/www.tutelaminorum.va\/pt-br\/author\/administratortutelaminorum-va\/"},"uagb_comment_info":0,"uagb_excerpt":"A COMISS\u00c3OReverendo Dr. Hans Zollner, SJ Alemanha Presidente e fundador do Centre for Child Protection. (criado em 2012) da Pontif\u00edcia Universidade Gregoriana e professor do Instituto de Psicologia Pe. Zollner, SJ, nasceu em 1966 em Regensburg (Alemanha). Ele possui uma S.T.D. e \u00e9 um psic\u00f3logo e psicoterapeuta licenciado. Desde 2003 ele \u00e9 professor titular no&hellip;","_links":{"self":[{"href":"https:\/\/www.tutelaminorum.va\/pt-br\/wp-json\/wp\/v2\/pages\/7632","targetHints":{"allow":["GET"]}}],"collection":[{"href":"https:\/\/www.tutelaminorum.va\/pt-br\/wp-json\/wp\/v2\/pages"}],"about":[{"href":"https:\/\/www.tutelaminorum.va\/pt-br\/wp-json\/wp\/v2\/types\/page"}],"author":[{"embeddable":true,"href":"https:\/\/www.tutelaminorum.va\/pt-br\/wp-json\/wp\/v2\/users\/1"}],"replies":[{"embeddable":true,"href":"https:\/\/www.tutelaminorum.va\/pt-br\/wp-json\/wp\/v2\/comments?post=7632"}],"version-history":[{"count":0,"href":"https:\/\/www.tutelaminorum.va\/pt-br\/wp-json\/wp\/v2\/pages\/7632\/revisions"}],"up":[{"embeddable":true,"href":"https:\/\/www.tutelaminorum.va\/pt-br\/wp-json\/wp\/v2\/pages\/7568"}],"wp:attachment":[{"href":"https:\/\/www.tutelaminorum.va\/pt-br\/wp-json\/wp\/v2\/media?parent=7632"}],"curies":[{"name":"wp","href":"https:\/\/api.w.org\/{rel}","templated":true}]}}