{"id":7657,"date":"2020-09-15T09:38:42","date_gmt":"2020-09-15T07:38:42","guid":{"rendered":"https:\/\/www.tutelaminorum.va\/a-comissao\/professor-benyam-dawit-mezmur\/"},"modified":"2021-09-06T13:23:32","modified_gmt":"2021-09-06T11:23:32","slug":"professor-benyam-dawit-mezmur","status":"publish","type":"page","link":"https:\/\/www.tutelaminorum.va\/pt-br\/a-comissao\/professor-benyam-dawit-mezmur\/","title":{"rendered":"Professor Benyam Dawit MEZMUR"},"content":{"rendered":"\n[et_pb_section fb_built=&#8221;1&#8243; custom_padding_last_edited=&#8221;on|phone&#8221; next_background_color=&#8221;#ffffff&#8221; admin_label=&#8221;Hero&#8221; _builder_version=&#8221;4.6.6&#8243; background_image=&#8221;https:\/\/www.tutelaminorum.va\/wp-content\/uploads\/2020\/09\/commission-completa.png&#8221; custom_margin=&#8221;||50px||false|false&#8221; custom_margin_tablet=&#8221;&#8221; custom_margin_phone=&#8221;||30px||false|false&#8221; custom_margin_last_edited=&#8221;on|phone&#8221; custom_padding=&#8221;30px||100px||false|false&#8221; custom_padding_tablet=&#8221;&#8221; custom_padding_phone=&#8221;||63px||false|false&#8221; bottom_divider_style=&#8221;curve2&#8243; bottom_divider_arrangement=&#8221;above_content&#8221; bottom_divider_height_tablet=&#8221;&#8221; bottom_divider_height_phone=&#8221;50px&#8221; bottom_divider_height_last_edited=&#8221;on|phone&#8221; global_module=&#8221;2755&#8243;][et_pb_row column_structure=&#8221;1_4,1_2,1_4&#8243; custom_padding_last_edited=&#8221;on|phone&#8221; _builder_version=&#8221;4.6.1&#8243; background_size=&#8221;initial&#8221; background_position=&#8221;top_left&#8221; background_repeat=&#8221;repeat&#8221; width_tablet=&#8221;&#8221; width_phone=&#8221;60%&#8221; width_last_edited=&#8221;on|phone&#8221; custom_margin_tablet=&#8221;&#8221; custom_margin_phone=&#8221;40px||0px||false|false&#8221; custom_margin_last_edited=&#8221;on|phone&#8221; custom_padding=&#8221;|||&#8221; custom_padding_tablet=&#8221;&#8221; custom_padding_phone=&#8221;0px||0px||false|false&#8221; animation_style=&#8221;slide&#8221; animation_direction=&#8221;top&#8221; animation_intensity_slide=&#8221;3%&#8221; module_alignment_tablet=&#8221;&#8221; module_alignment_phone=&#8221;right&#8221; module_alignment_last_edited=&#8221;on|phone&#8221;][et_pb_column type=&#8221;1_4&#8243; _builder_version=&#8221;3.25&#8243; custom_padding=&#8221;|||&#8221; custom_padding__hover=&#8221;|||&#8221;][et_pb_divider show_divider=&#8221;off&#8221; disabled_on=&#8221;on|on|off%22&#8243; _builder_version=&#8221;3.2&#8243; max_width=&#8221;120px&#8221; animation_style=&#8221;slide&#8221; animation_direction=&#8221;top&#8221; animation_intensity_slide=&#8221;30%&#8221;][\/et_pb_divider][\/et_pb_column][et_pb_column type=&#8221;1_2&#8243; _builder_version=&#8221;3.25&#8243; custom_padding=&#8221;|||&#8221; custom_padding__hover=&#8221;|||&#8221;][\/et_pb_column][et_pb_column type=&#8221;1_4&#8243; _builder_version=&#8221;3.25&#8243; custom_padding=&#8221;|||&#8221; custom_padding__hover=&#8221;|||&#8221;][et_pb_text _builder_version=&#8221;4.6.6&#8243; text_font=&#8221;||||||||&#8221; header_font=&#8221;|700||on|||||dotted&#8221; header_text_align=&#8221;center&#8221; header_text_color=&#8221;#ffffff&#8221; header_font_size=&#8221;16px&#8221; header_line_height=&#8221;1.3em&#8221; background_color=&#8221;#f0c12a&#8221; background_size=&#8221;initial&#8221; background_position=&#8221;top_left&#8221; background_repeat=&#8221;repeat&#8221; custom_margin=&#8221;-59px||0px||false|false&#8221; custom_margin_tablet=&#8221;&#8221; custom_margin_phone=&#8221;50px||||false|false&#8221; custom_margin_last_edited=&#8221;on|phone&#8221; custom_padding=&#8221;14px|20%|2px||false|false&#8221; custom_padding_tablet=&#8221;&#8221; custom_padding_phone=&#8221;10px|1%|0px||false|false&#8221; custom_padding_last_edited=&#8221;on|phone&#8221; animation_style=&#8221;fade&#8221; link_option_url=&#8221;https:\/\/tutelaminorum.va\/the-commission&#8221; header_font_size_tablet=&#8221;&#8221; header_font_size_phone=&#8221;16px&#8221; header_font_size_last_edited=&#8221;on|phone&#8221; locked=&#8221;off&#8221;]<h1>A COMISS\u00c3O<\/h1>[\/et_pb_text][\/et_pb_column][\/et_pb_row][\/et_pb_section][et_pb_section fb_built=&#8221;1&#8243; _builder_version=&#8221;4.6.1&#8243; _module_preset=&#8221;default&#8221; custom_margin=&#8221;-1px|||||&#8221; custom_padding=&#8221;0px||0px|||&#8221;][et_pb_row column_structure=&#8221;2_5,3_5&#8243; use_custom_gutter=&#8221;on&#8221; gutter_width=&#8221;1&#8243; _builder_version=&#8221;4.6.1&#8243; _module_preset=&#8221;default&#8221; width=&#8221;100%&#8221; max_width=&#8221;80%&#8221; custom_padding=&#8221;0px||30px||false|false&#8221; border_width_bottom=&#8221;2px&#8221; border_color_bottom=&#8221;#f0c12a&#8221;][et_pb_column type=&#8221;2_5&#8243; _builder_version=&#8221;4.6.1&#8243; _module_preset=&#8221;default&#8221;][et_pb_image src=&#8221;https:\/\/www.tutelaminorum.va\/wp-content\/uploads\/2020\/09\/Professor-Benyam-Dawit-MEZMUR.jpg&#8221; title_text=&#8221;Professor Benyam Dawit MEZMUR&#8221; align_tablet=&#8221;&#8221; align_phone=&#8221;left&#8221; align_last_edited=&#8221;on|phone&#8221; _builder_version=&#8221;4.6.1&#8243; _module_preset=&#8221;default&#8221; background_color=&#8221;#2b517e&#8221; width=&#8221;75%&#8221; max_width=&#8221;75%&#8221; module_alignment=&#8221;center&#8221; custom_margin=&#8221;||||false|false&#8221; custom_padding=&#8221;||||false|false&#8221; module_alignment_tablet=&#8221;&#8221; module_alignment_phone=&#8221;left&#8221; module_alignment_last_edited=&#8221;on|phone&#8221;][\/et_pb_image][\/et_pb_column][et_pb_column type=&#8221;3_5&#8243; _builder_version=&#8221;4.6.1&#8243; _module_preset=&#8221;default&#8221;][et_pb_text _builder_version=&#8221;4.6.1&#8243; _module_preset=&#8221;default&#8221; header_2_font=&#8221;|600|||||||&#8221; header_2_text_color=&#8221;#2b517e&#8221; header_2_font_size=&#8221;27px&#8221; header_3_font=&#8221;|600|||||||&#8221; header_3_text_color=&#8221;#f0c12a&#8221; header_3_font_size=&#8221;20px&#8221; custom_margin=&#8221;20px||||false|false&#8221; custom_padding=&#8221;||||false|false&#8221;]<h2 style=\"text-align: left\">Professor Benyam Dawit MEZMUR<\/h2>\n<h3>Eti\u00f3pia<\/h3>\n<p><strong>Professor de Direito<\/strong><\/p>\n<p><strong>O Professor Mezmur \u00e9 acad\u00eamico e profissional, e atualmente \u00e9 professor associado de Direito no Instituto Dullah Omar (nomeado em homenagem a seu fundador, o primeiro Ministro da Justi\u00e7a da \u00c1frica do Sul p\u00f3s-apartheid) e de Direito Constitucional, Governan\u00e7a e Direitos Humanos na Faculdade de Direito, Universidade do Cabo Ocidental, na Cidade do Cabo, \u00c1frica do Sul.<\/strong><\/p>\n<p><span style=\"font-weight: 400\">O professor Mezmur \u00e9 especialista em direito da crian\u00e7a, supervisiona mestrandos e doutorandos e convoca semin\u00e1rios de p\u00f3s-gradua\u00e7\u00e3o sobre prote\u00e7\u00e3o internacional dos direitos humanos e dos direitos da crian\u00e7a.<\/span><\/p>\n<p><span style=\"font-weight: 400\">Eleito para o Comit\u00ea Africano de Peritos em Direitos e Bem-Estar da Crian\u00e7a da Uni\u00e3o Africana em 2010, e serviu como Presidente duas vezes (2012-2014, e 2015-2017). His field experience includes leading or taking part in investigative country missions, and follow-ups on child rights issues, as well as direct engagement with stakeholders such as child victims, faith-based organizations, and States in Africa. Sua experi\u00eancia de campo inclui liderar ou participar de miss\u00f5es de investiga\u00e7\u00e3o nos pa\u00edses, e acompanhamento em quest\u00f5es de direitos da crian\u00e7a, bem como o engajamento direto com as partes interessadas, como crian\u00e7as v\u00edtimas, organiza\u00e7\u00f5es baseadas na f\u00e9 e Estados na \u00c1frica. Tamb\u00e9m atuou como presidente do Comit\u00ea dos Direitos da Crian\u00e7a da ONU (maio de 2015 a maio de 2017).<\/span><\/p>\n<p><span style=\"font-weight: 400\">Ele continua a servir como professor convidado em v\u00e1rias universidades e tem estado envolvido em pesquisa, treinamento e trabalho de defesa dos direitos da crian\u00e7a, inclusive com organiza\u00e7\u00f5es da sociedade civil e \u00f3rg\u00e3os regionais. Ele tamb\u00e9m atua em v\u00e1rios conselhos de administra\u00e7\u00e3o, pain\u00e9is consultivos e conselhos.<\/span><\/p>\n<p><span style=\"font-weight: 400\">Em 2018, o Papa Francisco o nomeou membro da Pontif\u00edcia Comiss\u00e3o para a Tutela dos Menores.<\/span><\/p>[\/et_pb_text][\/et_pb_column][\/et_pb_row][\/et_pb_section][et_pb_section fb_built=&#8221;1&#8243; admin_label=&#8221;Our Teachers Section&#8221; _builder_version=&#8221;3.22&#8243; background_color=&#8221;#fafbfc&#8221; custom_padding=&#8221;27px|0px|11px|0px||&#8221;][et_pb_row use_custom_gutter=&#8221;on&#8221; gutter_width=&#8221;2&#8243; custom_padding_last_edited=&#8221;on|desktop&#8221; _builder_version=&#8221;3.25&#8243; custom_padding=&#8221;9px|||||&#8221; custom_padding_tablet=&#8221;0px||0px|&#8221; custom_padding_phone=&#8221;&#8221; locked=&#8221;off&#8221;][et_pb_column type=&#8221;4_4&#8243; _builder_version=&#8221;3.25&#8243; custom_padding=&#8221;|||&#8221; custom_padding__hover=&#8221;|||&#8221;][et_pb_blog fullwidth=&#8221;off&#8221; posts_number=&#8221;16&#8243; include_categories=&#8221;38&#8243; show_author=&#8221;off&#8221; show_categories=&#8221;off&#8221; _builder_version=&#8221;4.6.6&#8243; _module_preset=&#8221;default&#8221; header_font=&#8221;||||||||&#8221; header_font_size=&#8221;20px&#8221; header_line_height=&#8221;1.3em&#8221; body_font_size=&#8221;14px&#8221; meta_font=&#8221;|600|||||||&#8221; meta_text_color=&#8221;#f0c12a&#8221; meta_font_size=&#8221;13px&#8221; meta_line_height=&#8221;1.5em&#8221; header_font_tablet=&#8221;&#8221; header_font_phone=&#8221;|600|||||||&#8221; header_font_last_edited=&#8221;on|desktop&#8221; header_font_size_tablet=&#8221;&#8221; header_font_size_phone=&#8221;18px&#8221; header_font_size_last_edited=&#8221;on|phone&#8221; border_color_all=&#8221;#eeeeee&#8221;][\/et_pb_blog][\/et_pb_column][\/et_pb_row][\/et_pb_section]\n","protected":false},"excerpt":{"rendered":"<p>A COMISS\u00c3OProfessor Benyam Dawit MEZMUR Eti\u00f3pia Professor de Direito O Professor Mezmur \u00e9 acad\u00eamico e profissional, e atualmente \u00e9 professor associado de Direito no Instituto Dullah Omar (nomeado em homenagem a seu fundador, o primeiro Ministro da Justi\u00e7a da \u00c1frica do Sul p\u00f3s-apartheid) e de Direito Constitucional, Governan\u00e7a e Direitos Humanos na Faculdade de Direito, [&hellip;]<\/p>\n","protected":false},"author":1,"featured_media":0,"parent":7568,"menu_order":0,"comment_status":"closed","ping_status":"closed","template":"","meta":{"_seopress_robots_primary_cat":"","_seopress_titles_title":"","_seopress_titles_desc":"","_seopress_robots_index":"","_et_pb_use_builder":"on","_et_pb_old_content":"","_et_gb_content_width":"","_uag_custom_page_level_css":"","footnotes":""},"class_list":["post-7657","page","type-page","status-publish","hentry"],"uagb_featured_image_src":{"full":false,"thumbnail":false,"medium":false,"medium_large":false,"large":false,"thumblist":false,"thumbrelated":false,"meccarouselthumb":false,"gridsquare":false,"tileview":false,"1536x1536":false,"2048x2048":false,"et-pb-post-main-image":false,"et-pb-post-main-image-fullwidth":false,"et-pb-portfolio-image":false,"et-pb-portfolio-module-image":false,"et-pb-portfolio-image-single":false,"et-pb-gallery-module-image-portrait":false,"et-pb-post-main-image-fullwidth-large":false,"et-pb-image--responsive--desktop":false,"et-pb-image--responsive--tablet":false,"et-pb-image--responsive--phone":false,"mailpoet_newsletter_max":false},"uagb_author_info":{"display_name":"administrator@tutelaminorum.va","author_link":"https:\/\/www.tutelaminorum.va\/pt-br\/author\/administratortutelaminorum-va\/"},"uagb_comment_info":0,"uagb_excerpt":"A COMISS\u00c3OProfessor Benyam Dawit MEZMUR Eti\u00f3pia Professor de Direito O Professor Mezmur \u00e9 acad\u00eamico e profissional, e atualmente \u00e9 professor associado de Direito no Instituto Dullah Omar (nomeado em homenagem a seu fundador, o primeiro Ministro da Justi\u00e7a da \u00c1frica do Sul p\u00f3s-apartheid) e de Direito Constitucional, Governan\u00e7a e Direitos Humanos na Faculdade de Direito,&hellip;","_links":{"self":[{"href":"https:\/\/www.tutelaminorum.va\/pt-br\/wp-json\/wp\/v2\/pages\/7657","targetHints":{"allow":["GET"]}}],"collection":[{"href":"https:\/\/www.tutelaminorum.va\/pt-br\/wp-json\/wp\/v2\/pages"}],"about":[{"href":"https:\/\/www.tutelaminorum.va\/pt-br\/wp-json\/wp\/v2\/types\/page"}],"author":[{"embeddable":true,"href":"https:\/\/www.tutelaminorum.va\/pt-br\/wp-json\/wp\/v2\/users\/1"}],"replies":[{"embeddable":true,"href":"https:\/\/www.tutelaminorum.va\/pt-br\/wp-json\/wp\/v2\/comments?post=7657"}],"version-history":[{"count":0,"href":"https:\/\/www.tutelaminorum.va\/pt-br\/wp-json\/wp\/v2\/pages\/7657\/revisions"}],"up":[{"embeddable":true,"href":"https:\/\/www.tutelaminorum.va\/pt-br\/wp-json\/wp\/v2\/pages\/7568"}],"wp:attachment":[{"href":"https:\/\/www.tutelaminorum.va\/pt-br\/wp-json\/wp\/v2\/media?parent=7657"}],"curies":[{"name":"wp","href":"https:\/\/api.w.org\/{rel}","templated":true}]}}